{"id":11612,"date":"2026-03-21T11:09:12","date_gmt":"2026-03-21T11:09:12","guid":{"rendered":"https:\/\/limunstudio.hr\/?post_type=product&#038;p=11612"},"modified":"2026-04-21T13:00:06","modified_gmt":"2026-04-21T13:00:06","slug":"salica-macchiato-poppy","status":"publish","type":"product","link":"https:\/\/limunstudio.hr\/en\/product\/salica-macchiato-poppy\/","title":{"rendered":"\u0160alica macchiato \u2014 POPPY"},"content":{"rendered":"","protected":false},"excerpt":{"rendered":"<p>Ru\u010dno izra\u0111ena \u0161alica, a svaki primjerak je unikatan. Pogodna je za svakodnevnu upotrebu i sigurno se mo\u017ee prati u perilici. Proizvedeno u Hrvatskoj. Zbog ru\u010dne izrade mogu\u0107e su manje razlike u detaljima.<\/p>","protected":false},"featured_media":9816,"template":"","meta":{"_seopress_robots_primary_cat":"none","_seopress_titles_title":"","_seopress_titles_desc":"","_seopress_robots_index":"","iawp_total_views":0},"product_brand":[356],"product_cat":[148,155,290,159],"product_tag":[],"class_list":{"0":"post-11612","1":"product","2":"type-product","3":"status-publish","4":"has-post-thumbnail","6":"product_brand-ifka-pivka","7":"product_cat-dom","8":"product_cat-kuhinja","9":"product_cat-macchiato","10":"product_cat-salice","12":"first","13":"instock","14":"taxable","15":"shipping-taxable","16":"purchasable","17":"product-type-variable"},"_links":{"self":[{"href":"https:\/\/limunstudio.hr\/en\/wp-json\/wp\/v2\/product\/11612","targetHints":{"allow":["GET"]}}],"collection":[{"href":"https:\/\/limunstudio.hr\/en\/wp-json\/wp\/v2\/product"}],"about":[{"href":"https:\/\/limunstudio.hr\/en\/wp-json\/wp\/v2\/types\/product"}],"version-history":[{"count":5,"href":"https:\/\/limunstudio.hr\/en\/wp-json\/wp\/v2\/product\/11612\/revisions"}],"predecessor-version":[{"id":12616,"href":"https:\/\/limunstudio.hr\/en\/wp-json\/wp\/v2\/product\/11612\/revisions\/12616"}],"wp:featuredmedia":[{"embeddable":true,"href":"https:\/\/limunstudio.hr\/en\/wp-json\/wp\/v2\/media\/9816"}],"wp:attachment":[{"href":"https:\/\/limunstudio.hr\/en\/wp-json\/wp\/v2\/media?parent=11612"}],"wp:term":[{"taxonomy":"product_brand","embeddable":true,"href":"https:\/\/limunstudio.hr\/en\/wp-json\/wp\/v2\/product_brand?post=11612"},{"taxonomy":"product_cat","embeddable":true,"href":"https:\/\/limunstudio.hr\/en\/wp-json\/wp\/v2\/product_cat?post=11612"},{"taxonomy":"product_tag","embeddable":true,"href":"https:\/\/limunstudio.hr\/en\/wp-json\/wp\/v2\/product_tag?post=11612"}],"curies":[{"name":"wp","href":"https:\/\/api.w.org\/{rel}","templated":true}]}}