{"id":11608,"date":"2026-03-21T10:59:23","date_gmt":"2026-03-21T10:59:23","guid":{"rendered":"https:\/\/limunstudio.hr\/?post_type=product&#038;p=11608"},"modified":"2026-04-11T15:23:05","modified_gmt":"2026-04-11T15:23:05","slug":"svijecnjak-rosa","status":"publish","type":"product","link":"https:\/\/limunstudio.hr\/en\/product\/svijecnjak-rosa\/","title":{"rendered":"Svije\u0107njak \u2014 ROSA"},"content":{"rendered":"","protected":false},"excerpt":{"rendered":"<p>Ru\u010dno izra\u0111eno, a svaki primjerak je unikatan. Pogodno za svakodnevnu upotrebu i sigurno se mo\u017ee prati u perilici. Proizvedeno u Hrvatskoj. Zbog ru\u010dne izrade mogu\u0107e su manje razlike u detaljima i bojama cvjetova.<\/p>","protected":false},"featured_media":11483,"template":"","meta":{"_seopress_robots_primary_cat":"none","_seopress_titles_title":"","_seopress_titles_desc":"","_seopress_robots_index":"","iawp_total_views":1},"product_brand":[286],"product_cat":[156,148,155,173,161],"product_tag":[],"class_list":{"0":"post-11608","1":"product","2":"type-product","3":"status-publish","4":"has-post-thumbnail","6":"product_brand-la-rosa","7":"product_cat-dekori-za-dom","8":"product_cat-dom","9":"product_cat-kuhinja","10":"product_cat-ukrasni-predmeti","11":"product_cat-zdjele","13":"first","14":"instock","15":"taxable","16":"shipping-taxable","17":"purchasable","18":"product-type-simple"},"_links":{"self":[{"href":"https:\/\/limunstudio.hr\/en\/wp-json\/wp\/v2\/product\/11608","targetHints":{"allow":["GET"]}}],"collection":[{"href":"https:\/\/limunstudio.hr\/en\/wp-json\/wp\/v2\/product"}],"about":[{"href":"https:\/\/limunstudio.hr\/en\/wp-json\/wp\/v2\/types\/product"}],"version-history":[{"count":2,"href":"https:\/\/limunstudio.hr\/en\/wp-json\/wp\/v2\/product\/11608\/revisions"}],"predecessor-version":[{"id":12652,"href":"https:\/\/limunstudio.hr\/en\/wp-json\/wp\/v2\/product\/11608\/revisions\/12652"}],"wp:featuredmedia":[{"embeddable":true,"href":"https:\/\/limunstudio.hr\/en\/wp-json\/wp\/v2\/media\/11483"}],"wp:attachment":[{"href":"https:\/\/limunstudio.hr\/en\/wp-json\/wp\/v2\/media?parent=11608"}],"wp:term":[{"taxonomy":"product_brand","embeddable":true,"href":"https:\/\/limunstudio.hr\/en\/wp-json\/wp\/v2\/product_brand?post=11608"},{"taxonomy":"product_cat","embeddable":true,"href":"https:\/\/limunstudio.hr\/en\/wp-json\/wp\/v2\/product_cat?post=11608"},{"taxonomy":"product_tag","embeddable":true,"href":"https:\/\/limunstudio.hr\/en\/wp-json\/wp\/v2\/product_tag?post=11608"}],"curies":[{"name":"wp","href":"https:\/\/api.w.org\/{rel}","templated":true}]}}