{"id":11596,"date":"2026-03-21T10:30:35","date_gmt":"2026-03-21T10:30:35","guid":{"rendered":"https:\/\/limunstudio.hr\/?post_type=product&#038;p=11596"},"modified":"2026-03-28T11:01:14","modified_gmt":"2026-03-28T11:01:14","slug":"salica-chawan-veliki-lila-s-kljunom-2","status":"publish","type":"product","link":"https:\/\/limunstudio.hr\/en\/product\/salica-chawan-veliki-lila-s-kljunom-2\/","title":{"rendered":"\u0160alica chawan veliki \u2014 LILA S KLJUNOM 2"},"content":{"rendered":"","protected":false},"excerpt":{"rendered":"<p>Ru\u010dno izra\u0111ena \u0161alica. Pogodna je za svakodnevnu upotrebu i sigurno se mo\u017ee prati u perilici. Proizvedeno u Hrvatskoj.<\/p>","protected":false},"featured_media":11601,"template":"","meta":{"_seopress_robots_primary_cat":"none","_seopress_titles_title":"","_seopress_titles_desc":"","_seopress_robots_index":"","iawp_total_views":0},"product_brand":[288],"product_cat":[148,155,159],"product_tag":[],"class_list":{"0":"post-11596","1":"product","2":"type-product","3":"status-publish","4":"has-post-thumbnail","6":"product_brand-lila","7":"product_cat-dom","8":"product_cat-kuhinja","9":"product_cat-salice","11":"first","12":"instock","13":"taxable","14":"shipping-taxable","15":"purchasable","16":"product-type-simple"},"_links":{"self":[{"href":"https:\/\/limunstudio.hr\/en\/wp-json\/wp\/v2\/product\/11596","targetHints":{"allow":["GET"]}}],"collection":[{"href":"https:\/\/limunstudio.hr\/en\/wp-json\/wp\/v2\/product"}],"about":[{"href":"https:\/\/limunstudio.hr\/en\/wp-json\/wp\/v2\/types\/product"}],"version-history":[{"count":2,"href":"https:\/\/limunstudio.hr\/en\/wp-json\/wp\/v2\/product\/11596\/revisions"}],"predecessor-version":[{"id":12643,"href":"https:\/\/limunstudio.hr\/en\/wp-json\/wp\/v2\/product\/11596\/revisions\/12643"}],"wp:featuredmedia":[{"embeddable":true,"href":"https:\/\/limunstudio.hr\/en\/wp-json\/wp\/v2\/media\/11601"}],"wp:attachment":[{"href":"https:\/\/limunstudio.hr\/en\/wp-json\/wp\/v2\/media?parent=11596"}],"wp:term":[{"taxonomy":"product_brand","embeddable":true,"href":"https:\/\/limunstudio.hr\/en\/wp-json\/wp\/v2\/product_brand?post=11596"},{"taxonomy":"product_cat","embeddable":true,"href":"https:\/\/limunstudio.hr\/en\/wp-json\/wp\/v2\/product_cat?post=11596"},{"taxonomy":"product_tag","embeddable":true,"href":"https:\/\/limunstudio.hr\/en\/wp-json\/wp\/v2\/product_tag?post=11596"}],"curies":[{"name":"wp","href":"https:\/\/api.w.org\/{rel}","templated":true}]}}