{"id":11515,"date":"2026-03-20T18:23:03","date_gmt":"2026-03-20T18:23:03","guid":{"rendered":"https:\/\/limunstudio.hr\/?post_type=product&#038;p=11515"},"modified":"2026-04-24T11:46:18","modified_gmt":"2026-04-24T09:46:18","slug":"porculanska-salica-espresso-bor","status":"publish","type":"product","link":"https:\/\/limunstudio.hr\/en\/product\/porculanska-salica-espresso-bor\/","title":{"rendered":"Porculanska \u0161alica espresso \u2014 BOR"},"content":{"rendered":"","protected":false},"excerpt":{"rendered":"<p>Ru\u010dno ra\u0111ena porculanska \u0161alica. Svaka \u0161alica je unikatan komad, puno laganija i tanja od keramike, ali i \u010dvr\u0161\u0107a zbog pe\u010denja na visokim temperaturama. Ne mo\u017ee se okhrnuti. Mo\u017ee se normalno koristiti i prati u perilici. Proizvedeno u Hrvatskoj.<br \/>\n<strong>Napomena:<\/strong> Zbog ru\u010dne izrade mogu\u0107e su manje razlike u detaljima.<\/p>","protected":false},"featured_media":11489,"template":"","meta":{"_seopress_robots_primary_cat":"none","_seopress_titles_title":"","_seopress_titles_desc":"","_seopress_robots_index":"","iawp_total_views":0},"product_brand":[300],"product_cat":[148,287,155,159],"product_tag":[],"class_list":{"0":"post-11515","1":"product","2":"type-product","3":"status-publish","4":"has-post-thumbnail","6":"product_brand-bura","7":"product_cat-dom","8":"product_cat-espresso","9":"product_cat-kuhinja","10":"product_cat-salice","12":"first","13":"outofstock","14":"taxable","15":"shipping-taxable","16":"purchasable","17":"product-type-simple"},"_links":{"self":[{"href":"https:\/\/limunstudio.hr\/en\/wp-json\/wp\/v2\/product\/11515","targetHints":{"allow":["GET"]}}],"collection":[{"href":"https:\/\/limunstudio.hr\/en\/wp-json\/wp\/v2\/product"}],"about":[{"href":"https:\/\/limunstudio.hr\/en\/wp-json\/wp\/v2\/types\/product"}],"version-history":[{"count":2,"href":"https:\/\/limunstudio.hr\/en\/wp-json\/wp\/v2\/product\/11515\/revisions"}],"predecessor-version":[{"id":12627,"href":"https:\/\/limunstudio.hr\/en\/wp-json\/wp\/v2\/product\/11515\/revisions\/12627"}],"wp:featuredmedia":[{"embeddable":true,"href":"https:\/\/limunstudio.hr\/en\/wp-json\/wp\/v2\/media\/11489"}],"wp:attachment":[{"href":"https:\/\/limunstudio.hr\/en\/wp-json\/wp\/v2\/media?parent=11515"}],"wp:term":[{"taxonomy":"product_brand","embeddable":true,"href":"https:\/\/limunstudio.hr\/en\/wp-json\/wp\/v2\/product_brand?post=11515"},{"taxonomy":"product_cat","embeddable":true,"href":"https:\/\/limunstudio.hr\/en\/wp-json\/wp\/v2\/product_cat?post=11515"},{"taxonomy":"product_tag","embeddable":true,"href":"https:\/\/limunstudio.hr\/en\/wp-json\/wp\/v2\/product_tag?post=11515"}],"curies":[{"name":"wp","href":"https:\/\/api.w.org\/{rel}","templated":true}]}}