{"id":11462,"date":"2026-03-20T12:26:28","date_gmt":"2026-03-20T12:26:28","guid":{"rendered":"https:\/\/limunstudio.hr\/?post_type=product&#038;p=11462"},"modified":"2026-04-21T11:57:53","modified_gmt":"2026-04-21T11:57:53","slug":"tanjur-5th-zeleni-glazirani","status":"publish","type":"product","link":"https:\/\/limunstudio.hr\/en\/product\/tanjur-5th-zeleni-glazirani\/","title":{"rendered":"Zdjela \u2014 5th zeleni glazirani"},"content":{"rendered":"","protected":false},"excerpt":{"rendered":"<p>Ru\u010dno ra\u0111ena kerami\u010dka zdjela\/tanjur. Proizvedeno u Hrvatskoj. Sigurna za kori\u0161tenje i pranje u perilici.<\/p>","protected":false},"featured_media":10882,"template":"","meta":{"_seopress_robots_primary_cat":"none","_seopress_titles_title":"","_seopress_titles_desc":"","_seopress_robots_index":"","iawp_total_views":1},"product_brand":[302],"product_cat":[148,155,161],"product_tag":[],"class_list":{"0":"post-11462","1":"product","2":"type-product","3":"status-publish","4":"has-post-thumbnail","6":"product_brand-5th","7":"product_cat-dom","8":"product_cat-kuhinja","9":"product_cat-zdjele","11":"first","12":"instock","13":"sold-individually","14":"taxable","15":"shipping-taxable","16":"purchasable","17":"product-type-simple"},"_links":{"self":[{"href":"https:\/\/limunstudio.hr\/en\/wp-json\/wp\/v2\/product\/11462","targetHints":{"allow":["GET"]}}],"collection":[{"href":"https:\/\/limunstudio.hr\/en\/wp-json\/wp\/v2\/product"}],"about":[{"href":"https:\/\/limunstudio.hr\/en\/wp-json\/wp\/v2\/types\/product"}],"version-history":[{"count":3,"href":"https:\/\/limunstudio.hr\/en\/wp-json\/wp\/v2\/product\/11462\/revisions"}],"predecessor-version":[{"id":12657,"href":"https:\/\/limunstudio.hr\/en\/wp-json\/wp\/v2\/product\/11462\/revisions\/12657"}],"wp:featuredmedia":[{"embeddable":true,"href":"https:\/\/limunstudio.hr\/en\/wp-json\/wp\/v2\/media\/10882"}],"wp:attachment":[{"href":"https:\/\/limunstudio.hr\/en\/wp-json\/wp\/v2\/media?parent=11462"}],"wp:term":[{"taxonomy":"product_brand","embeddable":true,"href":"https:\/\/limunstudio.hr\/en\/wp-json\/wp\/v2\/product_brand?post=11462"},{"taxonomy":"product_cat","embeddable":true,"href":"https:\/\/limunstudio.hr\/en\/wp-json\/wp\/v2\/product_cat?post=11462"},{"taxonomy":"product_tag","embeddable":true,"href":"https:\/\/limunstudio.hr\/en\/wp-json\/wp\/v2\/product_tag?post=11462"}],"curies":[{"name":"wp","href":"https:\/\/api.w.org\/{rel}","templated":true}]}}