{"id":11415,"date":"2026-03-20T10:44:01","date_gmt":"2026-03-20T10:44:01","guid":{"rendered":"https:\/\/limunstudio.hr\/?post_type=product&#038;p=11415"},"modified":"2026-04-22T05:47:40","modified_gmt":"2026-04-22T05:47:40","slug":"keramicka-zlica-kuhaca-1","status":"publish","type":"product","link":"https:\/\/limunstudio.hr\/en\/product\/keramicka-zlica-kuhaca-1\/","title":{"rendered":"Kerami\u010dka \u017elica\/kuha\u010da \u2014 1"},"content":{"rendered":"","protected":false},"excerpt":{"rendered":"<p>Ru\u010dno izra\u0111ena kerami\u010dka \u017elica\/kuha\u010da. Unikatan komad, proizvedeno u Hrvatskoj.<\/p>","protected":false},"featured_media":10992,"template":"","meta":{"_seopress_robots_primary_cat":"none","_seopress_titles_title":"","_seopress_titles_desc":"","_seopress_robots_index":"","iawp_total_views":0},"product_brand":[302],"product_cat":[148,168],"product_tag":[],"class_list":{"0":"post-11415","1":"product","2":"type-product","3":"status-publish","4":"has-post-thumbnail","6":"product_brand-5th","7":"product_cat-dom","8":"product_cat-zlicice","10":"first","11":"instock","12":"sold-individually","13":"taxable","14":"shipping-taxable","15":"purchasable","16":"product-type-simple"},"_links":{"self":[{"href":"https:\/\/limunstudio.hr\/en\/wp-json\/wp\/v2\/product\/11415","targetHints":{"allow":["GET"]}}],"collection":[{"href":"https:\/\/limunstudio.hr\/en\/wp-json\/wp\/v2\/product"}],"about":[{"href":"https:\/\/limunstudio.hr\/en\/wp-json\/wp\/v2\/types\/product"}],"version-history":[{"count":2,"href":"https:\/\/limunstudio.hr\/en\/wp-json\/wp\/v2\/product\/11415\/revisions"}],"predecessor-version":[{"id":12557,"href":"https:\/\/limunstudio.hr\/en\/wp-json\/wp\/v2\/product\/11415\/revisions\/12557"}],"wp:featuredmedia":[{"embeddable":true,"href":"https:\/\/limunstudio.hr\/en\/wp-json\/wp\/v2\/media\/10992"}],"wp:attachment":[{"href":"https:\/\/limunstudio.hr\/en\/wp-json\/wp\/v2\/media?parent=11415"}],"wp:term":[{"taxonomy":"product_brand","embeddable":true,"href":"https:\/\/limunstudio.hr\/en\/wp-json\/wp\/v2\/product_brand?post=11415"},{"taxonomy":"product_cat","embeddable":true,"href":"https:\/\/limunstudio.hr\/en\/wp-json\/wp\/v2\/product_cat?post=11415"},{"taxonomy":"product_tag","embeddable":true,"href":"https:\/\/limunstudio.hr\/en\/wp-json\/wp\/v2\/product_tag?post=11415"}],"curies":[{"name":"wp","href":"https:\/\/api.w.org\/{rel}","templated":true}]}}