{"id":11402,"date":"2026-03-20T10:32:44","date_gmt":"2026-03-20T10:32:44","guid":{"rendered":"https:\/\/limunstudio.hr\/?post_type=product&#038;p=11402"},"modified":"2026-04-11T15:20:40","modified_gmt":"2026-04-11T15:20:40","slug":"keramicka-visilica-kucica","status":"publish","type":"product","link":"https:\/\/limunstudio.hr\/en\/product\/keramicka-visilica-kucica\/","title":{"rendered":"Kerami\u010dka visilica \u2014 Ku\u0107ica"},"content":{"rendered":"","protected":false},"excerpt":{"rendered":"<p>Ru\u010dno izra\u0111ena kerami\u010dki ukras. Unikatan komad, proizvedeno u Hrvatskoj. Zbog ru\u010dne izrade mogu\u0107a su minimalna odsutpanja u oslikavanju.<\/p>","protected":false},"featured_media":11397,"template":"","meta":{"_seopress_robots_primary_cat":"none","_seopress_titles_title":"","_seopress_titles_desc":"","_seopress_robots_index":"","iawp_total_views":0},"product_brand":[286],"product_cat":[212,156,148,217,213,173],"product_tag":[],"class_list":{"0":"post-11402","1":"product","2":"type-product","3":"status-publish","4":"has-post-thumbnail","6":"product_brand-la-rosa","7":"product_cat-bozic","8":"product_cat-dekori-za-dom","9":"product_cat-dom","10":"product_cat-keramicki-ukrasi","11":"product_cat-ukrasi-za-bor-bozic","12":"product_cat-ukrasni-predmeti","14":"first","15":"instock","16":"taxable","17":"shipping-taxable","18":"purchasable","19":"product-type-simple"},"_links":{"self":[{"href":"https:\/\/limunstudio.hr\/en\/wp-json\/wp\/v2\/product\/11402","targetHints":{"allow":["GET"]}}],"collection":[{"href":"https:\/\/limunstudio.hr\/en\/wp-json\/wp\/v2\/product"}],"about":[{"href":"https:\/\/limunstudio.hr\/en\/wp-json\/wp\/v2\/types\/product"}],"version-history":[{"count":2,"href":"https:\/\/limunstudio.hr\/en\/wp-json\/wp\/v2\/product\/11402\/revisions"}],"predecessor-version":[{"id":12562,"href":"https:\/\/limunstudio.hr\/en\/wp-json\/wp\/v2\/product\/11402\/revisions\/12562"}],"wp:featuredmedia":[{"embeddable":true,"href":"https:\/\/limunstudio.hr\/en\/wp-json\/wp\/v2\/media\/11397"}],"wp:attachment":[{"href":"https:\/\/limunstudio.hr\/en\/wp-json\/wp\/v2\/media?parent=11402"}],"wp:term":[{"taxonomy":"product_brand","embeddable":true,"href":"https:\/\/limunstudio.hr\/en\/wp-json\/wp\/v2\/product_brand?post=11402"},{"taxonomy":"product_cat","embeddable":true,"href":"https:\/\/limunstudio.hr\/en\/wp-json\/wp\/v2\/product_cat?post=11402"},{"taxonomy":"product_tag","embeddable":true,"href":"https:\/\/limunstudio.hr\/en\/wp-json\/wp\/v2\/product_tag?post=11402"}],"curies":[{"name":"wp","href":"https:\/\/api.w.org\/{rel}","templated":true}]}}