{"id":11376,"date":"2026-03-20T10:18:20","date_gmt":"2026-03-20T10:18:20","guid":{"rendered":"https:\/\/limunstudio.hr\/?post_type=product&#038;p=11376"},"modified":"2026-04-24T17:32:06","modified_gmt":"2026-04-24T15:32:06","slug":"svijeca-u-keramickoj-posudi-4","status":"publish","type":"product","link":"https:\/\/limunstudio.hr\/en\/product\/svijeca-u-keramickoj-posudi-4\/","title":{"rendered":"Svije\u0107a u kerami\u010dkoj posudi \u2014 4"},"content":{"rendered":"","protected":false},"excerpt":{"rendered":"<p>Ru\u010dno izra\u0111ena kerami\u010dka posuda sa svije\u0107om. Nakon upotrebe, posuda ostaje za daljnju upotrebu ili ukras. Svaki komad je unikatan. Proizvedeno u Hrvatskoj.<\/p>","protected":false},"featured_media":11002,"template":"","meta":{"_seopress_robots_primary_cat":"none","_seopress_titles_title":"","_seopress_titles_desc":"","_seopress_robots_index":"","iawp_total_views":0},"product_brand":[288],"product_cat":[156,148,179,157,173],"product_tag":[],"class_list":{"0":"post-11376","1":"product","2":"type-product","3":"status-publish","4":"has-post-thumbnail","6":"product_brand-lila","7":"product_cat-dekori-za-dom","8":"product_cat-dom","9":"product_cat-skulpturalne-svijece","10":"product_cat-svijece-i-mirisi","11":"product_cat-ukrasni-predmeti","13":"first","14":"instock","15":"sold-individually","16":"taxable","17":"shipping-taxable","18":"purchasable","19":"product-type-simple"},"_links":{"self":[{"href":"https:\/\/limunstudio.hr\/en\/wp-json\/wp\/v2\/product\/11376","targetHints":{"allow":["GET"]}}],"collection":[{"href":"https:\/\/limunstudio.hr\/en\/wp-json\/wp\/v2\/product"}],"about":[{"href":"https:\/\/limunstudio.hr\/en\/wp-json\/wp\/v2\/types\/product"}],"version-history":[{"count":2,"href":"https:\/\/limunstudio.hr\/en\/wp-json\/wp\/v2\/product\/11376\/revisions"}],"predecessor-version":[{"id":12591,"href":"https:\/\/limunstudio.hr\/en\/wp-json\/wp\/v2\/product\/11376\/revisions\/12591"}],"wp:featuredmedia":[{"embeddable":true,"href":"https:\/\/limunstudio.hr\/en\/wp-json\/wp\/v2\/media\/11002"}],"wp:attachment":[{"href":"https:\/\/limunstudio.hr\/en\/wp-json\/wp\/v2\/media?parent=11376"}],"wp:term":[{"taxonomy":"product_brand","embeddable":true,"href":"https:\/\/limunstudio.hr\/en\/wp-json\/wp\/v2\/product_brand?post=11376"},{"taxonomy":"product_cat","embeddable":true,"href":"https:\/\/limunstudio.hr\/en\/wp-json\/wp\/v2\/product_cat?post=11376"},{"taxonomy":"product_tag","embeddable":true,"href":"https:\/\/limunstudio.hr\/en\/wp-json\/wp\/v2\/product_tag?post=11376"}],"curies":[{"name":"wp","href":"https:\/\/api.w.org\/{rel}","templated":true}]}}