{"id":11350,"date":"2026-03-20T08:14:40","date_gmt":"2026-03-20T08:14:40","guid":{"rendered":"https:\/\/limunstudio.hr\/?post_type=product&#038;p=11350"},"modified":"2026-04-20T15:51:20","modified_gmt":"2026-04-20T15:51:20","slug":"kemijska-olovka-drvena-sierra-2","status":"publish","type":"product","link":"https:\/\/limunstudio.hr\/en\/product\/kemijska-olovka-drvena-sierra-2\/","title":{"rendered":"Kemijska olovka \u2014 drvena SIERRA"},"content":{"rendered":"","protected":false},"excerpt":{"rendered":"<p>Ru\u010dno izra\u0111ena drvena olovka. Svaki komad unikatan s vlastitom teksturom i karakterom drva, pa\u017eljivo oblikovan u maloj radionici u Hrvatskoj. <span dir=\"auto\">Elegantna i te\u017ea kemijska olovka.<\/span><span dir=\"auto\">\u00a0<\/span>Olovka koristi Parker ulo\u017eak, a punjenje se mo\u017ee zamijeniti gel tintom.<\/p>","protected":false},"featured_media":11255,"template":"","meta":{"_seopress_robots_primary_cat":"none","_seopress_titles_title":"","_seopress_titles_desc":"","_seopress_robots_index":"","iawp_total_views":0},"product_brand":[386],"product_cat":[199,198],"product_tag":[],"class_list":{"0":"post-11350","1":"product","2":"type-product","3":"status-publish","4":"has-post-thumbnail","6":"product_brand-brando","7":"product_cat-kemijske-olovke","8":"product_cat-ured","10":"first","11":"instock","12":"taxable","13":"shipping-taxable","14":"purchasable","15":"product-type-simple"},"_links":{"self":[{"href":"https:\/\/limunstudio.hr\/en\/wp-json\/wp\/v2\/product\/11350","targetHints":{"allow":["GET"]}}],"collection":[{"href":"https:\/\/limunstudio.hr\/en\/wp-json\/wp\/v2\/product"}],"about":[{"href":"https:\/\/limunstudio.hr\/en\/wp-json\/wp\/v2\/types\/product"}],"version-history":[{"count":4,"href":"https:\/\/limunstudio.hr\/en\/wp-json\/wp\/v2\/product\/11350\/revisions"}],"predecessor-version":[{"id":12568,"href":"https:\/\/limunstudio.hr\/en\/wp-json\/wp\/v2\/product\/11350\/revisions\/12568"}],"wp:featuredmedia":[{"embeddable":true,"href":"https:\/\/limunstudio.hr\/en\/wp-json\/wp\/v2\/media\/11255"}],"wp:attachment":[{"href":"https:\/\/limunstudio.hr\/en\/wp-json\/wp\/v2\/media?parent=11350"}],"wp:term":[{"taxonomy":"product_brand","embeddable":true,"href":"https:\/\/limunstudio.hr\/en\/wp-json\/wp\/v2\/product_brand?post=11350"},{"taxonomy":"product_cat","embeddable":true,"href":"https:\/\/limunstudio.hr\/en\/wp-json\/wp\/v2\/product_cat?post=11350"},{"taxonomy":"product_tag","embeddable":true,"href":"https:\/\/limunstudio.hr\/en\/wp-json\/wp\/v2\/product_tag?post=11350"}],"curies":[{"name":"wp","href":"https:\/\/api.w.org\/{rel}","templated":true}]}}