{"id":11290,"date":"2026-03-20T06:53:55","date_gmt":"2026-03-20T06:53:55","guid":{"rendered":"https:\/\/limunstudio.hr\/?post_type=product&#038;p=11290"},"modified":"2026-04-30T10:26:03","modified_gmt":"2026-04-30T08:26:03","slug":"keramicka-zdjela-ugljan","status":"publish","type":"product","link":"https:\/\/limunstudio.hr\/en\/product\/keramicka-zdjela-ugljan\/","title":{"rendered":"Kerami\u010dka zdjela \u2014 Ugljan"},"content":{"rendered":"","protected":false},"excerpt":{"rendered":"<p>Ru\u010dno oblikovana kerami\u010dka vaza. Reljefni otisci na svje\u017eoj glini utisnuti su kamen\u010di\u0107ima s pla\u017ee. Prikladna za vo\u0107e, suho cvije\u0107e i sl. Vanjsku povr\u0161inu dovoljno je nje\u017eno obrisati vla\u017enom ili suhom krpom, a pra\u0161inu po potrebi ukloniti mekanim kistom. Proizvedeno u Hrvatskoj.<\/p>","protected":false},"featured_media":11118,"template":"","meta":{"_seopress_robots_primary_cat":"none","_seopress_titles_title":"","_seopress_titles_desc":"","_seopress_robots_index":"","iawp_total_views":5},"product_brand":[378],"product_cat":[156,148,78,155,65,79,173,161],"product_tag":[],"class_list":{"0":"post-11290","1":"product","2":"type-product","3":"status-publish","4":"has-post-thumbnail","6":"product_brand-kpb-keramika","7":"product_cat-dekori-za-dom","8":"product_cat-dom","9":"product_cat-ekskluzivni-pokloni","10":"product_cat-kuhinja","11":"product_cat-pokloni","12":"product_cat-poslovni-pokloni-pokloni","13":"product_cat-ukrasni-predmeti","14":"product_cat-zdjele","16":"first","17":"outofstock","18":"sold-individually","19":"taxable","20":"shipping-taxable","21":"purchasable","22":"product-type-simple"},"_links":{"self":[{"href":"https:\/\/limunstudio.hr\/en\/wp-json\/wp\/v2\/product\/11290","targetHints":{"allow":["GET"]}}],"collection":[{"href":"https:\/\/limunstudio.hr\/en\/wp-json\/wp\/v2\/product"}],"about":[{"href":"https:\/\/limunstudio.hr\/en\/wp-json\/wp\/v2\/types\/product"}],"version-history":[{"count":4,"href":"https:\/\/limunstudio.hr\/en\/wp-json\/wp\/v2\/product\/11290\/revisions"}],"predecessor-version":[{"id":14526,"href":"https:\/\/limunstudio.hr\/en\/wp-json\/wp\/v2\/product\/11290\/revisions\/14526"}],"wp:featuredmedia":[{"embeddable":true,"href":"https:\/\/limunstudio.hr\/en\/wp-json\/wp\/v2\/media\/11118"}],"wp:attachment":[{"href":"https:\/\/limunstudio.hr\/en\/wp-json\/wp\/v2\/media?parent=11290"}],"wp:term":[{"taxonomy":"product_brand","embeddable":true,"href":"https:\/\/limunstudio.hr\/en\/wp-json\/wp\/v2\/product_brand?post=11290"},{"taxonomy":"product_cat","embeddable":true,"href":"https:\/\/limunstudio.hr\/en\/wp-json\/wp\/v2\/product_cat?post=11290"},{"taxonomy":"product_tag","embeddable":true,"href":"https:\/\/limunstudio.hr\/en\/wp-json\/wp\/v2\/product_tag?post=11290"}],"curies":[{"name":"wp","href":"https:\/\/api.w.org\/{rel}","templated":true}]}}