{"id":11284,"date":"2026-03-20T06:46:01","date_gmt":"2026-03-20T06:46:01","guid":{"rendered":"https:\/\/limunstudio.hr\/?post_type=product&#038;p=11284"},"modified":"2026-04-30T10:25:09","modified_gmt":"2026-04-30T08:25:09","slug":"keramicka-mak-glazirana","status":"publish","type":"product","link":"https:\/\/limunstudio.hr\/en\/product\/keramicka-mak-glazirana\/","title":{"rendered":"Kerami\u010dka vaza \u2014 Mak"},"content":{"rendered":"","protected":false},"excerpt":{"rendered":"<p>Ru\u010dno oblikovana kerami\u010dka vaza iz ljubavi prema cvijetu maka. Prikladna za svje\u017ee i suho cvije\u0107e. Proizvedeno u Hrvatskoj.<\/p>","protected":false},"featured_media":11108,"template":"","meta":{"_seopress_robots_primary_cat":"none","_seopress_titles_title":"","_seopress_titles_desc":"","_seopress_robots_index":"","iawp_total_views":0},"product_brand":[378],"product_cat":[156,148,78,65,79,172],"product_tag":[],"class_list":{"0":"post-11284","1":"product","2":"type-product","3":"status-publish","4":"has-post-thumbnail","6":"product_brand-kpb-keramika","7":"product_cat-dekori-za-dom","8":"product_cat-dom","9":"product_cat-ekskluzivni-pokloni","10":"product_cat-pokloni","11":"product_cat-poslovni-pokloni-pokloni","12":"product_cat-vaze","14":"first","15":"instock","16":"sold-individually","17":"taxable","18":"shipping-taxable","19":"purchasable","20":"product-type-simple"},"_links":{"self":[{"href":"https:\/\/limunstudio.hr\/en\/wp-json\/wp\/v2\/product\/11284","targetHints":{"allow":["GET"]}}],"collection":[{"href":"https:\/\/limunstudio.hr\/en\/wp-json\/wp\/v2\/product"}],"about":[{"href":"https:\/\/limunstudio.hr\/en\/wp-json\/wp\/v2\/types\/product"}],"version-history":[{"count":3,"href":"https:\/\/limunstudio.hr\/en\/wp-json\/wp\/v2\/product\/11284\/revisions"}],"predecessor-version":[{"id":14521,"href":"https:\/\/limunstudio.hr\/en\/wp-json\/wp\/v2\/product\/11284\/revisions\/14521"}],"wp:featuredmedia":[{"embeddable":true,"href":"https:\/\/limunstudio.hr\/en\/wp-json\/wp\/v2\/media\/11108"}],"wp:attachment":[{"href":"https:\/\/limunstudio.hr\/en\/wp-json\/wp\/v2\/media?parent=11284"}],"wp:term":[{"taxonomy":"product_brand","embeddable":true,"href":"https:\/\/limunstudio.hr\/en\/wp-json\/wp\/v2\/product_brand?post=11284"},{"taxonomy":"product_cat","embeddable":true,"href":"https:\/\/limunstudio.hr\/en\/wp-json\/wp\/v2\/product_cat?post=11284"},{"taxonomy":"product_tag","embeddable":true,"href":"https:\/\/limunstudio.hr\/en\/wp-json\/wp\/v2\/product_tag?post=11284"}],"curies":[{"name":"wp","href":"https:\/\/api.w.org\/{rel}","templated":true}]}}