{"id":11257,"date":"2026-03-19T20:24:37","date_gmt":"2026-03-19T20:24:37","guid":{"rendered":"https:\/\/limunstudio.hr\/?post_type=product&#038;p=11257"},"modified":"2026-04-20T15:09:01","modified_gmt":"2026-04-20T15:09:01","slug":"drvena-zdjela-orah-m-l-2","status":"publish","type":"product","link":"https:\/\/limunstudio.hr\/en\/product\/drvena-zdjela-orah-m-l-2\/","title":{"rendered":"Wooden Bowl \u2014 WALNUT M\/L 2"},"content":{"rendered":"","protected":false},"excerpt":{"rendered":"<p>Ru\u010dno izra\u0111ena drvena zdjela od oraha. Svaka zdjela je unikat. Zbog procesa ru\u010dne izrade mogu\u0107a manja odstupanja u godovima i teksturi u odnosu na prikazanu fotografiju. Proizvedeno u Hrvatskoj.<\/p>","protected":false},"featured_media":11134,"template":"","meta":{"_seopress_robots_primary_cat":"none","_seopress_titles_title":"","_seopress_titles_desc":"","_seopress_robots_index":"","iawp_total_views":3},"product_brand":[337],"product_cat":[148,155,75,161],"product_tag":[],"class_list":{"0":"post-11257","1":"product","2":"type-product","3":"status-publish","4":"has-post-thumbnail","6":"product_brand-matosa-studio","7":"product_cat-dom","8":"product_cat-kuhinja","9":"product_cat-novo","10":"product_cat-zdjele","12":"first","13":"instock","14":"taxable","15":"shipping-taxable","16":"purchasable","17":"product-type-simple"},"_links":{"self":[{"href":"https:\/\/limunstudio.hr\/en\/wp-json\/wp\/v2\/product\/11257","targetHints":{"allow":["GET"]}}],"collection":[{"href":"https:\/\/limunstudio.hr\/en\/wp-json\/wp\/v2\/product"}],"about":[{"href":"https:\/\/limunstudio.hr\/en\/wp-json\/wp\/v2\/types\/product"}],"version-history":[{"count":2,"href":"https:\/\/limunstudio.hr\/en\/wp-json\/wp\/v2\/product\/11257\/revisions"}],"predecessor-version":[{"id":12667,"href":"https:\/\/limunstudio.hr\/en\/wp-json\/wp\/v2\/product\/11257\/revisions\/12667"}],"wp:featuredmedia":[{"embeddable":true,"href":"https:\/\/limunstudio.hr\/en\/wp-json\/wp\/v2\/media\/11134"}],"wp:attachment":[{"href":"https:\/\/limunstudio.hr\/en\/wp-json\/wp\/v2\/media?parent=11257"}],"wp:term":[{"taxonomy":"product_brand","embeddable":true,"href":"https:\/\/limunstudio.hr\/en\/wp-json\/wp\/v2\/product_brand?post=11257"},{"taxonomy":"product_cat","embeddable":true,"href":"https:\/\/limunstudio.hr\/en\/wp-json\/wp\/v2\/product_cat?post=11257"},{"taxonomy":"product_tag","embeddable":true,"href":"https:\/\/limunstudio.hr\/en\/wp-json\/wp\/v2\/product_tag?post=11257"}],"curies":[{"name":"wp","href":"https:\/\/api.w.org\/{rel}","templated":true}]}}