{"id":11173,"date":"2026-03-19T18:57:57","date_gmt":"2026-03-19T18:57:57","guid":{"rendered":"https:\/\/limunstudio.hr\/?post_type=product&#038;p=11173"},"modified":"2026-04-20T15:50:11","modified_gmt":"2026-04-20T15:50:11","slug":"rajf-crveni-kopiraj-kopiraj","status":"publish","type":"product","link":"https:\/\/limunstudio.hr\/en\/product\/rajf-crveni-kopiraj-kopiraj\/","title":{"rendered":"Rajf crveni 2"},"content":{"rendered":"","protected":false},"excerpt":{"rendered":"<p>Ru\u010dno vezeni rajf s etno motivima, inspiriran hrvatskom tradicijom. Svaki komad je unikat. Proizvedeno u Hrvatskoj. U slu\u010daju ponovne izrade istog modela mogu\u0107a su manja odstupanja.<\/p>","protected":false},"featured_media":11070,"template":"","meta":{"_seopress_robots_primary_cat":"none","_seopress_titles_title":"","_seopress_titles_desc":"","_seopress_robots_index":"","iawp_total_views":0},"product_brand":[314],"product_cat":[131,127,135],"product_tag":[],"class_list":{"0":"post-11173","1":"product","2":"type-product","3":"status-publish","4":"has-post-thumbnail","6":"product_brand-ethnotina","7":"product_cat-dodaci","8":"product_cat-moda","9":"product_cat-rajfovi","11":"first","12":"instock","13":"sold-individually","14":"taxable","15":"shipping-taxable","16":"purchasable","17":"product-type-simple"},"_links":{"self":[{"href":"https:\/\/limunstudio.hr\/en\/wp-json\/wp\/v2\/product\/11173","targetHints":{"allow":["GET"]}}],"collection":[{"href":"https:\/\/limunstudio.hr\/en\/wp-json\/wp\/v2\/product"}],"about":[{"href":"https:\/\/limunstudio.hr\/en\/wp-json\/wp\/v2\/types\/product"}],"version-history":[{"count":3,"href":"https:\/\/limunstudio.hr\/en\/wp-json\/wp\/v2\/product\/11173\/revisions"}],"predecessor-version":[{"id":12600,"href":"https:\/\/limunstudio.hr\/en\/wp-json\/wp\/v2\/product\/11173\/revisions\/12600"}],"wp:featuredmedia":[{"embeddable":true,"href":"https:\/\/limunstudio.hr\/en\/wp-json\/wp\/v2\/media\/11070"}],"wp:attachment":[{"href":"https:\/\/limunstudio.hr\/en\/wp-json\/wp\/v2\/media?parent=11173"}],"wp:term":[{"taxonomy":"product_brand","embeddable":true,"href":"https:\/\/limunstudio.hr\/en\/wp-json\/wp\/v2\/product_brand?post=11173"},{"taxonomy":"product_cat","embeddable":true,"href":"https:\/\/limunstudio.hr\/en\/wp-json\/wp\/v2\/product_cat?post=11173"},{"taxonomy":"product_tag","embeddable":true,"href":"https:\/\/limunstudio.hr\/en\/wp-json\/wp\/v2\/product_tag?post=11173"}],"curies":[{"name":"wp","href":"https:\/\/api.w.org\/{rel}","templated":true}]}}