{"id":10857,"date":"2026-03-16T11:45:20","date_gmt":"2026-03-16T11:45:20","guid":{"rendered":"https:\/\/limunstudio.hr\/?post_type=product&#038;p=10857"},"modified":"2026-04-21T17:48:27","modified_gmt":"2026-04-21T17:48:27","slug":"crocards-za-ucenje-hrvatskog-jezika","status":"publish","type":"product","link":"https:\/\/limunstudio.hr\/en\/product\/crocards-za-ucenje-hrvatskog-jezika\/","title":{"rendered":"Crocards \u2014 za u\u010denje hrvatskog jezika"},"content":{"rendered":"","protected":false},"excerpt":{"rendered":"<p class=\"isSelectedEnd\">Set ilustriranih kartica osmi\u0161ljen je kao prakti\u010dan i zabavan alat za u\u010denje osnovnog hrvatskog vokabulara. Kartice su podijeljene u razli\u010dite tematske cjeline poput brojeva, boja, vo\u0107a, povr\u0107a, odje\u0107e, vremena i prijevoza. Svaka kartica sadr\u017ei rije\u010d i primjer upotrebe u re\u010denici ili pitanju, dok se na pole\u0111ini nalaze dodatna pitanja koja poti\u010du vje\u017ebanje i poma\u017eu u razumijevanju osnovne strukture hrvatskog jezika.\u00a0Idealne su za sve koji \u017eele na jednostavan na\u010din zapo\u010deti s u\u010denjem hrvatskog jezika, ali i kao zanimljiv i edukativan poklon.<\/p>","protected":false},"featured_media":10805,"template":"","meta":{"_seopress_robots_primary_cat":"none","_seopress_titles_title":"","_seopress_titles_desc":"","_seopress_robots_index":"","iawp_total_views":5},"product_brand":[374],"product_cat":[124,119],"product_tag":[],"class_list":{"0":"post-10857","1":"product","2":"type-product","3":"status-publish","4":"has-post-thumbnail","6":"product_brand-krecaonica","7":"product_cat-drustvene-igre","8":"product_cat-zabava","10":"first","11":"instock","12":"taxable","13":"shipping-taxable","14":"purchasable","15":"product-type-simple"},"_links":{"self":[{"href":"https:\/\/limunstudio.hr\/en\/wp-json\/wp\/v2\/product\/10857","targetHints":{"allow":["GET"]}}],"collection":[{"href":"https:\/\/limunstudio.hr\/en\/wp-json\/wp\/v2\/product"}],"about":[{"href":"https:\/\/limunstudio.hr\/en\/wp-json\/wp\/v2\/types\/product"}],"version-history":[{"count":2,"href":"https:\/\/limunstudio.hr\/en\/wp-json\/wp\/v2\/product\/10857\/revisions"}],"predecessor-version":[{"id":10876,"href":"https:\/\/limunstudio.hr\/en\/wp-json\/wp\/v2\/product\/10857\/revisions\/10876"}],"wp:featuredmedia":[{"embeddable":true,"href":"https:\/\/limunstudio.hr\/en\/wp-json\/wp\/v2\/media\/10805"}],"wp:attachment":[{"href":"https:\/\/limunstudio.hr\/en\/wp-json\/wp\/v2\/media?parent=10857"}],"wp:term":[{"taxonomy":"product_brand","embeddable":true,"href":"https:\/\/limunstudio.hr\/en\/wp-json\/wp\/v2\/product_brand?post=10857"},{"taxonomy":"product_cat","embeddable":true,"href":"https:\/\/limunstudio.hr\/en\/wp-json\/wp\/v2\/product_cat?post=10857"},{"taxonomy":"product_tag","embeddable":true,"href":"https:\/\/limunstudio.hr\/en\/wp-json\/wp\/v2\/product_tag?post=10857"}],"curies":[{"name":"wp","href":"https:\/\/api.w.org\/{rel}","templated":true}]}}