{"id":10655,"date":"2026-03-13T14:31:44","date_gmt":"2026-03-13T14:31:44","guid":{"rendered":"https:\/\/limunstudio.hr\/?post_type=product&#038;p=10655"},"modified":"2026-04-21T08:11:40","modified_gmt":"2026-04-21T08:11:40","slug":"krema-za-kuhinjske-daske","status":"publish","type":"product","link":"https:\/\/limunstudio.hr\/en\/product\/krema-za-kuhinjske-daske\/","title":{"rendered":"Krema za drvene kuhinjske daske"},"content":{"rendered":"","protected":false},"excerpt":{"rendered":"<p>30ml<br \/>\nKokosovo ulje, p\u010delinji vosak i eteri\u010dno ulje naran\u010de. Jednostavno se nanosi, brzo upija i poma\u017ee o\u010duvati kvalitetu i ljepotu drvenih kuhinjskih dasaka. Hrani drvo, sprje\u010dava isu\u0161ivanje i pucanje te poma\u017ee zadr\u017eati prirodan izgled i dugotrajnost.<\/p>\n<p data-start=\"475\" data-end=\"576\">","protected":false},"featured_media":13357,"template":"","meta":{"_seopress_robots_primary_cat":"none","_seopress_titles_title":"","_seopress_titles_desc":"","_seopress_robots_index":"","iawp_total_views":0},"product_brand":[339],"product_cat":[162,155],"product_tag":[],"class_list":{"0":"post-10655","1":"product","2":"type-product","3":"status-publish","4":"has-post-thumbnail","6":"product_brand-bee-omot","7":"product_cat-daske-i-pladnjevi","8":"product_cat-kuhinja","10":"first","11":"instock","12":"taxable","13":"shipping-taxable","14":"purchasable","15":"product-type-simple"},"_links":{"self":[{"href":"https:\/\/limunstudio.hr\/en\/wp-json\/wp\/v2\/product\/10655","targetHints":{"allow":["GET"]}}],"collection":[{"href":"https:\/\/limunstudio.hr\/en\/wp-json\/wp\/v2\/product"}],"about":[{"href":"https:\/\/limunstudio.hr\/en\/wp-json\/wp\/v2\/types\/product"}],"version-history":[{"count":3,"href":"https:\/\/limunstudio.hr\/en\/wp-json\/wp\/v2\/product\/10655\/revisions"}],"predecessor-version":[{"id":10678,"href":"https:\/\/limunstudio.hr\/en\/wp-json\/wp\/v2\/product\/10655\/revisions\/10678"}],"wp:featuredmedia":[{"embeddable":true,"href":"https:\/\/limunstudio.hr\/en\/wp-json\/wp\/v2\/media\/13357"}],"wp:attachment":[{"href":"https:\/\/limunstudio.hr\/en\/wp-json\/wp\/v2\/media?parent=10655"}],"wp:term":[{"taxonomy":"product_brand","embeddable":true,"href":"https:\/\/limunstudio.hr\/en\/wp-json\/wp\/v2\/product_brand?post=10655"},{"taxonomy":"product_cat","embeddable":true,"href":"https:\/\/limunstudio.hr\/en\/wp-json\/wp\/v2\/product_cat?post=10655"},{"taxonomy":"product_tag","embeddable":true,"href":"https:\/\/limunstudio.hr\/en\/wp-json\/wp\/v2\/product_tag?post=10655"}],"curies":[{"name":"wp","href":"https:\/\/api.w.org\/{rel}","templated":true}]}}