{"id":10199,"date":"2026-03-11T09:07:17","date_gmt":"2026-03-11T09:07:17","guid":{"rendered":"https:\/\/limunstudio.hr\/?post_type=product&#038;p=10199"},"modified":"2026-04-08T09:27:16","modified_gmt":"2026-04-08T09:27:16","slug":"tote-bag-kiosk","status":"publish","type":"product","link":"https:\/\/limunstudio.hr\/en\/product\/tote-bag-kiosk\/","title":{"rendered":"Tote Bag \u2014 Kiosk K-67"},"content":{"rendered":"","protected":false},"excerpt":{"rendered":"<p data-start=\"906\" data-end=\"1284\">Gornji rub torbe je dvostruko presavijen, \u0161to daje \u010dvrst i uredan zavr\u0161etak, dok dugi ru\u010dkovi imaju oja\u010dane kri\u017ene \u0161avove za ve\u0107u stabilnost i nosivost. Unutarnji d\u017eep je od iste tkanine. Mo\u017ee nositi knjige, laptop, hranu ili druge bitne stvari. Digitalni tisak.<\/p>\n<p data-start=\"1977\" data-end=\"2082\">Materijal: 100\u202f% pamuk<br \/>\nDimenzije: 40\u00d737 cm (visina x \u0161irina)<\/p>","protected":false},"featured_media":11871,"template":"","meta":{"_seopress_robots_primary_cat":"none","_seopress_titles_title":"","_seopress_titles_desc":"","_seopress_robots_index":"","iawp_total_views":0},"product_brand":[73],"product_cat":[131,127,134],"product_tag":[],"class_list":{"0":"post-10199","1":"product","2":"type-product","3":"status-publish","4":"has-post-thumbnail","6":"product_brand-mmyh","7":"product_cat-dodaci","8":"product_cat-moda","9":"product_cat-torbe","10":"pa_kolekcija-zagreb-line","12":"first","13":"instock","14":"taxable","15":"shipping-taxable","16":"purchasable","17":"product-type-simple"},"_links":{"self":[{"href":"https:\/\/limunstudio.hr\/en\/wp-json\/wp\/v2\/product\/10199","targetHints":{"allow":["GET"]}}],"collection":[{"href":"https:\/\/limunstudio.hr\/en\/wp-json\/wp\/v2\/product"}],"about":[{"href":"https:\/\/limunstudio.hr\/en\/wp-json\/wp\/v2\/types\/product"}],"version-history":[{"count":3,"href":"https:\/\/limunstudio.hr\/en\/wp-json\/wp\/v2\/product\/10199\/revisions"}],"predecessor-version":[{"id":10380,"href":"https:\/\/limunstudio.hr\/en\/wp-json\/wp\/v2\/product\/10199\/revisions\/10380"}],"wp:featuredmedia":[{"embeddable":true,"href":"https:\/\/limunstudio.hr\/en\/wp-json\/wp\/v2\/media\/11871"}],"wp:attachment":[{"href":"https:\/\/limunstudio.hr\/en\/wp-json\/wp\/v2\/media?parent=10199"}],"wp:term":[{"taxonomy":"product_brand","embeddable":true,"href":"https:\/\/limunstudio.hr\/en\/wp-json\/wp\/v2\/product_brand?post=10199"},{"taxonomy":"product_cat","embeddable":true,"href":"https:\/\/limunstudio.hr\/en\/wp-json\/wp\/v2\/product_cat?post=10199"},{"taxonomy":"product_tag","embeddable":true,"href":"https:\/\/limunstudio.hr\/en\/wp-json\/wp\/v2\/product_tag?post=10199"}],"curies":[{"name":"wp","href":"https:\/\/api.w.org\/{rel}","templated":true}]}}