{"id":10154,"date":"2026-03-10T17:54:37","date_gmt":"2026-03-10T17:54:37","guid":{"rendered":"https:\/\/limunstudio.hr\/?post_type=product&#038;p=10154"},"modified":"2026-04-30T12:06:06","modified_gmt":"2026-04-30T10:06:06","slug":"ilustracija-mestrovicev-paviljon","status":"publish","type":"product","link":"https:\/\/limunstudio.hr\/en\/product\/ilustracija-mestrovicev-paviljon\/","title":{"rendered":"Ilustracija \u2014 Me\u0161trovi\u0107ev paviljon Zagreb"},"content":{"rendered":"","protected":false},"excerpt":{"rendered":"<p>Poznati Me\u0161trovi\u0107ev paviljon u Zagrebu. U dvije veli\u010dine. Bez okvira.<\/p>","protected":false},"featured_media":10780,"template":"","meta":{"_seopress_robots_primary_cat":"none","_seopress_titles_title":"","_seopress_titles_desc":"","_seopress_robots_index":"","iawp_total_views":0},"product_brand":[347],"product_cat":[93,57],"product_tag":[],"class_list":{"0":"post-10154","1":"product","2":"type-product","3":"status-publish","4":"has-post-thumbnail","6":"product_brand-superkul","7":"product_cat-ilustracije","8":"product_cat-zidni-dekor","9":"pa_kolekcija-zagreb-line","11":"first","12":"instock","13":"taxable","14":"shipping-taxable","15":"purchasable","16":"product-type-variable"},"_links":{"self":[{"href":"https:\/\/limunstudio.hr\/en\/wp-json\/wp\/v2\/product\/10154","targetHints":{"allow":["GET"]}}],"collection":[{"href":"https:\/\/limunstudio.hr\/en\/wp-json\/wp\/v2\/product"}],"about":[{"href":"https:\/\/limunstudio.hr\/en\/wp-json\/wp\/v2\/types\/product"}],"version-history":[{"count":4,"href":"https:\/\/limunstudio.hr\/en\/wp-json\/wp\/v2\/product\/10154\/revisions"}],"predecessor-version":[{"id":13457,"href":"https:\/\/limunstudio.hr\/en\/wp-json\/wp\/v2\/product\/10154\/revisions\/13457"}],"wp:featuredmedia":[{"embeddable":true,"href":"https:\/\/limunstudio.hr\/en\/wp-json\/wp\/v2\/media\/10780"}],"wp:attachment":[{"href":"https:\/\/limunstudio.hr\/en\/wp-json\/wp\/v2\/media?parent=10154"}],"wp:term":[{"taxonomy":"product_brand","embeddable":true,"href":"https:\/\/limunstudio.hr\/en\/wp-json\/wp\/v2\/product_brand?post=10154"},{"taxonomy":"product_cat","embeddable":true,"href":"https:\/\/limunstudio.hr\/en\/wp-json\/wp\/v2\/product_cat?post=10154"},{"taxonomy":"product_tag","embeddable":true,"href":"https:\/\/limunstudio.hr\/en\/wp-json\/wp\/v2\/product_tag?post=10154"}],"curies":[{"name":"wp","href":"https:\/\/api.w.org\/{rel}","templated":true}]}}