{"id":10097,"date":"2026-03-10T14:20:07","date_gmt":"2026-03-10T14:20:07","guid":{"rendered":"https:\/\/limunstudio.hr\/?post_type=product&#038;p=10097"},"modified":"2026-04-30T10:26:28","modified_gmt":"2026-04-30T08:26:28","slug":"zlicica-za-sol-lila","status":"publish","type":"product","link":"https:\/\/limunstudio.hr\/en\/product\/zlicica-za-sol-lila\/","title":{"rendered":"\u017dli\u010dica za sol \u2014 Lila"},"content":{"rendered":"","protected":false},"excerpt":{"rendered":"<p>Kerami\u010dka \u017eli\u010dica. Dolazi vi\u0161e kao dodatak uz posudu za sol.<\/p>","protected":false},"featured_media":9843,"template":"","meta":{"_seopress_robots_primary_cat":"none","_seopress_titles_title":"","_seopress_titles_desc":"","_seopress_robots_index":"","iawp_total_views":0},"product_brand":[288],"product_cat":[148,168],"product_tag":[],"class_list":{"0":"post-10097","1":"product","2":"type-product","3":"status-publish","4":"has-post-thumbnail","6":"product_brand-lila","7":"product_cat-dom","8":"product_cat-zlicice","10":"first","11":"instock","12":"taxable","13":"shipping-taxable","14":"purchasable","15":"product-type-simple"},"_links":{"self":[{"href":"https:\/\/limunstudio.hr\/en\/wp-json\/wp\/v2\/product\/10097","targetHints":{"allow":["GET"]}}],"collection":[{"href":"https:\/\/limunstudio.hr\/en\/wp-json\/wp\/v2\/product"}],"about":[{"href":"https:\/\/limunstudio.hr\/en\/wp-json\/wp\/v2\/types\/product"}],"version-history":[{"count":3,"href":"https:\/\/limunstudio.hr\/en\/wp-json\/wp\/v2\/product\/10097\/revisions"}],"predecessor-version":[{"id":14528,"href":"https:\/\/limunstudio.hr\/en\/wp-json\/wp\/v2\/product\/10097\/revisions\/14528"}],"wp:featuredmedia":[{"embeddable":true,"href":"https:\/\/limunstudio.hr\/en\/wp-json\/wp\/v2\/media\/9843"}],"wp:attachment":[{"href":"https:\/\/limunstudio.hr\/en\/wp-json\/wp\/v2\/media?parent=10097"}],"wp:term":[{"taxonomy":"product_brand","embeddable":true,"href":"https:\/\/limunstudio.hr\/en\/wp-json\/wp\/v2\/product_brand?post=10097"},{"taxonomy":"product_cat","embeddable":true,"href":"https:\/\/limunstudio.hr\/en\/wp-json\/wp\/v2\/product_cat?post=10097"},{"taxonomy":"product_tag","embeddable":true,"href":"https:\/\/limunstudio.hr\/en\/wp-json\/wp\/v2\/product_tag?post=10097"}],"curies":[{"name":"wp","href":"https:\/\/api.w.org\/{rel}","templated":true}]}}