{"id":875,"date":"2023-06-09T12:23:16","date_gmt":"2023-06-09T12:23:16","guid":{"rendered":"https:\/\/dummy.xtemos.com\/woodmart2\/plants-elementor\/?page_id=17"},"modified":"2026-04-26T16:39:52","modified_gmt":"2026-04-26T14:39:52","slug":"o-nama","status":"publish","type":"page","link":"https:\/\/limunstudio.hr\/en\/limun-studio\/o-nama\/","title":{"rendered":"Our Story"},"content":{"rendered":"<h2 class=\"wp-block-heading\"><strong>Limun<\/strong>\u00a0<strong>studio<\/strong>\u00a0je pravo mjesto za sve one koji tra\u017ee ne\u0161to vi\u0161e od obi\u010dnog poklona. Nastao iz ljubavi prema autenti\u010dnom dizajnu i predmetima s karakterom. U na\u0161im trgovinama, prvoj u Zadru i drugoj u Zagrebu, prona\u0107i \u0107ete pa\u017eljivo biranu kolekciju koja odra\u017eava ljepotu i raznolikost hrvatskog dizajna.<\/h2>\r\n\r\n\r\n\r\n<p><strong>Suradnja s vi\u0161e od 90 doma\u0107ih autora<\/strong> omogu\u0107uje nam da ponudimo jedinstvene predmete koji spajaju tradiciju s modernim. Biramo predmete koji pri\u010daju o mjestima koja volimo: od obale do unutra\u0161njosti, od kamenih ulica do toplih doma\u0107ih radionica.<\/p>\r\n\r\n\r\n\r\n<p>Otkrijte poklon koji lijepo izgleda, a pritom ga \u017eelite zagristi, osjetiti i \u010duvati. Kroz na\u0161 online shop \u0161aljemo diljem svijeta, direktno na va\u0161u adresu, kako bi omogu\u0107ili da ponesete djeli\u0107 hrvatske inspiracije sa sobom.<\/p>\r\n\r\n\r\n\r\n<h3 class=\"wp-block-heading\">Na\u0161i proizvodi<\/h3>\r\n\r\n\r\n\r\n<p>Na\u0161a kolekcija nije samo skup predmeta, ve\u0107 pomno odabrana pri\u010da. Kroz godine, razvili smo strast za otkrivanjem i predstavljanjem jedinstvenih dizajna. Na\u0161 tim s ljubavlju pretra\u017euje lokalnu i globalnu scenu kako bi prona\u0161ao kreacije koje se isti\u010du. Uz to, aktivno sura\u0111ujemo s nadarenim umjetnicima i dizajnerima iz na\u0161e zajednice, pru\u017eaju\u0107i im platformu da se predstave.<\/p>\r\n\r\n\r\n\r\n<p>Ponosni smo \u0161to i sami stvaramo vlastite proizvode uz pomo\u0107 na\u0161eg internog tima za razvoj, \u0161to nam omogu\u0107uje da ispri\u010damo jedinstvene pri\u010de kroz svaki komad.<\/p>\r\n\r\n\r\n\r\n<p>Svaki dizajn koji uvrstimo u na\u0161u kolekciju mora imati element kreativnosti i ispunjavati na\u0161e visoke standarde. Tra\u017eimo predmete koji imaju svrhu\u00a0i unose ljepotu u svakodnevicu, o\u010daraju nas\u00a0svojom estetikom ili pri\u010dom, ru\u010dno su izra\u0111eni\u00a0s iznimnom vje\u0161tinom i posve\u0107eno\u0161\u0107u, ili koriste inovativne\u00a0ili reciklirane materijale.<\/p>\r\n\r\n\r\n\r\n<p>\u017delimo da svaki proizvod pri\u010da pri\u010du, i one najljep\u0161e podijeliti s vama. Vidjeti vi\u0161e na <a href=\"https:\/\/limunstudio.hr\/en\/limun-studio\/suradnja\/\" data-type=\"page\" data-id=\"1773\">(Suradnja)<\/a><\/p>\r\n\r\n\r\n\r\n<h3 class=\"wp-block-heading\">Na\u0161i stvaratelji<\/h3>\r\n\r\n\r\n\r\n<p>Iza svakog proizvoda u\u00a0Studio Limunu\u00a0stoji jedinstvena pri\u010da, a ta pri\u010da po\u010dinje s onima koji ga stvaraju. Va\u017eno nam je znati kako je proizvod nastao, tko ga izra\u0111uje i koji proces stoji iza finalnog dizajna. Otkad smo pokrenuli\u00a0Limun studio, imali smo \u010dast sura\u0111ivati s brojnim talentiranim stvarateljima \u2013 od kerami\u010dara i slikara do dizajnera nakita i obrtnika svih vrsta. Ponosni smo \u0161to neovisnim dizajnerima pru\u017eamo platformu da izlo\u017ee svoj rad, a vama priliku da otkrijete njihove nevjerojatne pri\u010de i strast. Kupnjom proizvoda iz na\u0161e kolekcije ne dobivate samo predmet, ve\u0107 i podr\u017eavate kreativnost, zanat i viziju tih stvaratelja.<\/p>\r\n<p>&nbsp;<\/p>\r\n<pre class=\"ti-widget\" style=\"display: none\"><template id=\"trustindex-google-widget-html\"><div class=\"ti-widget  ti-goog ti-disable-font ti-show-rating-text ti-review-text-mode-readmore ti-text-align-left\" data-no-translation=\"true\" data-time-locale=\"%d %s ago|today|day|days|week|weeks|month|months|year|years\" data-plugin-version=\"13.2.9\" data-layout-id=\"109\" data-layout-category=\"button\" data-set-id=\"drop-shadow\" data-pid=\"\" data-language=\"en\" data-close-locale=\"Close\" data-css-version=\"2\" data-size=\"1\"> <div class=\"ti-widget-container\"> <a href=\"https:\/\/admin.trustindex.io\/api\/googleReview?place-id=ChIJld3nIk77YUcRWWnAifzZP8o\" role=\"button\" target=\"_blank\" rel=\"noopener nofollow\" class=\"ti-header ti-header-grid source-Google\"> <div class=\"ti-fade-container\"> <div class=\"ti-mob-row\"> <trustindex-image class=\"ti-platform-icon\" data-imgurl=\"https:\/\/cdn.trustindex.io\/assets\/platform\/Google\/icon.svg\" alt=\"Google\" width=\"20\" height=\"20\" loading=\"lazy\"><\/trustindex-image> <span class=\"ti-stars\"><trustindex-image class=\"ti-star\" data-imgurl=\"https:\/\/cdn.trustindex.io\/assets\/platform\/Google\/star\/f.svg\" alt=\"Google star 1\" width=\"17\" height=\"17\" loading=\"lazy\"><\/trustindex-image><trustindex-image class=\"ti-star\" data-imgurl=\"https:\/\/cdn.trustindex.io\/assets\/platform\/Google\/star\/f.svg\" alt=\"Google star 2\" width=\"17\" height=\"17\" loading=\"lazy\"><\/trustindex-image><trustindex-image class=\"ti-star\" data-imgurl=\"https:\/\/cdn.trustindex.io\/assets\/platform\/Google\/star\/f.svg\" alt=\"Google star 3\" width=\"17\" height=\"17\" loading=\"lazy\"><\/trustindex-image><trustindex-image class=\"ti-star\" data-imgurl=\"https:\/\/cdn.trustindex.io\/assets\/platform\/Google\/star\/f.svg\" alt=\"Google star 4\" width=\"17\" height=\"17\" loading=\"lazy\"><\/trustindex-image><trustindex-image class=\"ti-star\" data-imgurl=\"https:\/\/cdn.trustindex.io\/assets\/platform\/Google\/star\/f.svg\" alt=\"Google star 5\" width=\"17\" height=\"17\" loading=\"lazy\"><\/trustindex-image><\/span> <\/div> <div class=\"ti-mob-row\"> <span class=\"nowrap\"><strong>5.0<span class=\"ti-separator\"><\/span>199 reviews<\/strong><\/span> <\/div> <\/div> <\/a> <\/div> <\/div> <\/template><\/pre><div data-src=\"https:\/\/cdn.trustindex.io\/loader.js?wp-widget\" data-template-id=\"trustindex-google-widget-html\" data-css-url=\"https:\/\/limunstudio.hr\/wp-content\/uploads\/trustindex-google-widget.css?1777214349\"><\/div>\r\n\r\n\r\n\r\n<p>&nbsp;<\/p>","protected":false},"excerpt":{"rendered":"<p>Limun\u00a0studio\u00a0je pravo mjesto za sve one koji tra\u017ee ne\u0161to vi\u0161e od obi\u010dnog poklona. Nastao iz ljubavi prema autenti\u010dnom dizajnu i<\/p>","protected":false},"author":1,"featured_media":0,"parent":1615,"menu_order":0,"comment_status":"closed","ping_status":"closed","template":"","meta":{"_seopress_robots_primary_cat":"","_seopress_titles_title":"","_seopress_titles_desc":"","_seopress_robots_index":"","iawp_total_views":68,"footnotes":""},"class_list":["post-875","page","type-page","status-publish","hentry"],"_links":{"self":[{"href":"https:\/\/limunstudio.hr\/en\/wp-json\/wp\/v2\/pages\/875","targetHints":{"allow":["GET"]}}],"collection":[{"href":"https:\/\/limunstudio.hr\/en\/wp-json\/wp\/v2\/pages"}],"about":[{"href":"https:\/\/limunstudio.hr\/en\/wp-json\/wp\/v2\/types\/page"}],"author":[{"embeddable":true,"href":"https:\/\/limunstudio.hr\/en\/wp-json\/wp\/v2\/users\/1"}],"replies":[{"embeddable":true,"href":"https:\/\/limunstudio.hr\/en\/wp-json\/wp\/v2\/comments?post=875"}],"version-history":[{"count":11,"href":"https:\/\/limunstudio.hr\/en\/wp-json\/wp\/v2\/pages\/875\/revisions"}],"predecessor-version":[{"id":14241,"href":"https:\/\/limunstudio.hr\/en\/wp-json\/wp\/v2\/pages\/875\/revisions\/14241"}],"up":[{"embeddable":true,"href":"https:\/\/limunstudio.hr\/en\/wp-json\/wp\/v2\/pages\/1615"}],"wp:attachment":[{"href":"https:\/\/limunstudio.hr\/en\/wp-json\/wp\/v2\/media?parent=875"}],"curies":[{"name":"wp","href":"https:\/\/api.w.org\/{rel}","templated":true}]}}