{"id":2040,"date":"2025-10-03T06:45:59","date_gmt":"2025-10-03T06:45:59","guid":{"rendered":"https:\/\/limunstudio.hr\/new\/?page_id=2040"},"modified":"2026-04-06T11:17:27","modified_gmt":"2026-04-06T11:17:27","slug":"dostava","status":"publish","type":"page","link":"https:\/\/limunstudio.hr\/en\/informacije\/dostava\/","title":{"rendered":"Delivery"},"content":{"rendered":"\n<h2 class=\"wp-block-heading\"><strong>Na\u010din dostave kupljenog proizvoda<\/strong><\/h2>\n\n\n\n<p>Putem trgovine Limun studio mogu\u0107e je izvr\u0161iti kupnju proizvoda&nbsp;<strong>na teritoriju Republike Hrvatske i u inozemstvo<\/strong>, \u0161to podrazumijeva i isporuku kupljenih proizvoda u Republici Hrvatskoj i u inozemstvu sukladno dostupnosti usluge dostave za pojedine zemlje.<br><br>Dostavu kupljenog proizvoda obavlja dru\u0161tvo Cvijet \u017eivota d.o.o. &nbsp;radnim danom putem dostavne slu\u017ebe na adresu koju je Kupac nazna\u010dio prilikom ispunjavanja narud\u017ebe, u rokovima nazna\u010denim pod Uvjetima dostave.<br><br>Dru\u0161tvo Cvijet \u017eivota d.o.o. zadr\u017eava pravo da pojedinu narud\u017ebu podijeli u vi\u0161e po\u0161iljaka ukoliko su naru\u010deni artikli u razli\u010ditim skladi\u0161tima ili ako dio naru\u010denih artikala trenutno nije na zalihi. U slu\u010daju vi\u0161ekratnih isporuka iz iste narud\u017ebe Kupac ne snosi dodatne tro\u0161kove isporuke\/uru\u010denja (uru\u010denje se napla\u0107uje samo jednom, bez obzira na broj pojedina\u010dno uru\u010denih artikala).<br>Rokovi dostave ra\u010dunaju se od trenutka predaje narud\u017ebe dostavnoj slu\u017ebi, a utvr\u0111eni su detaljno u Uvjetima uru\u010denja objavljenim na internetskim stranicama&nbsp;<a href=\"http:\/\/www.limunstudio.hr\/\" target=\"_blank\" rel=\"noreferrer noopener\">www.limunstudio.hr<\/a>. U navedenim Uvjetima dostave detaljnije su utvr\u0111eni svi relevantni podaci o rokovima, tro\u0161kovima, cijenama i na\u010dinu dostave proizvoda. Rokovi dostave se produ\u017euju ukoliko se proizvod personalizira. Za me\u0111unarodne po\u0161iljke rokovi ovise o odredi\u0161noj zemlji i eventualnim carinskim postupcima.<\/p>\n\n\n\n<p>Ako dostava proizvoda ne bude izvr\u0161ena jer se Kupac u vrijeme uru\u010denja nije zatekao na adresi, Kupcu \u0107e se ostaviti obavijest o prispije\u0107u po\u0161iljke te \u0107e po\u0161iljku mo\u0107i preuzeti u roku \u010duvanja po\u0161iljke koji odre\u0111uje pru\u017eatelj dostavnih usluga. Ukoliko po\u0161iljka ne bude preuzeta u nazna\u010denom roku, smatrat \u0107e se da je Kupac otkazao narud\u017ebu. Eventualne naknade pru\u017eatelja po\u0161tanskih usluga koje isti zara\u010dunava u slu\u010daju ne preuzimanja po\u0161iljke prilikom prve dostave (npr. le\u017earina, tro\u0161ak ponovne dostave) nisu uklju\u010dene u cijenu dostave. Iznimno, zbog nedostupnosti odre\u0111enog artikla ili drugih nepredvi\u0111enih okolnosti, dostava mo\u017ee potrajati dulje od navedenih rokova. Na brzinu dostave i mogu\u0107e komplikacije uzrokovane dostavnom slu\u017ebom ne mo\u017eemo utjecati.<\/p>\n\n\n\n<p><strong>Cijene dostave<\/strong><\/p>\n\n\n\n<p>Dru\u0161tvo Cvijet \u017eivota d.o.o. napla\u0107uje Kupcu uslugu dostave Proizvoda sukladno cjeniku nazna\u010denom u Uvjetima dostave objavljenom na internetskim stranicama&nbsp;<a href=\"http:\/\/www.limunstudio.hr\/\" target=\"_blank\" rel=\"noreferrer noopener\">www.limunstudio.hr<\/a>. U cijenu dostave uklju\u010deno je pakiranje proizvoda u svrhe dostave (za\u0161titno pakiranje).<\/p>\n\n\n\n<p><strong>Dostavne slu\u017ebe na podru\u010dju Hrvatske<\/strong><\/p>\n\n\n\n<p>Dostavu obavljamo <strong>GLS<\/strong>-om na kopnu i <strong>GLS\/HP<\/strong> modelom na otocima. Rok dostave je u pravilu 2\u20135 radnih dana (osim otoka ovisno o trajektima i Dubrova\u010dke regije). Za dio otoka GLS isporu\u010duje samostalno; za manje otoke i posebna dostavna podru\u010dja GLS po\u0161iljke se preusmjeravaju na HP.&nbsp; Tijekom prosinca zbog pove\u0107anog optere\u0107enja mogu\u0107a su odstupanja<strong>.<\/strong><\/p>\n\n\n\n<p><strong>Cijene i uvjeti (s PDV-om)<\/strong><\/p>\n\n\n\n<p><strong>GLS dostava na adresu<\/strong> (kopno): 6,00 \u20ac<br><strong>GLS paketomat<\/strong>: 4,50 \u20ac<br><strong>BOX NOW<\/strong> <strong>paketomat<\/strong>: 2,50 \u20ac<br>Veliki otoci koje pokriva GLS\u00a0(npr. Krk, Cres, Lo\u0161inj, Rab, Murter, Kor\u010dula, Pelje\u0161ac, Vir, Pag, Hvar, Bra\u010d, Vis, Pa\u0161man, Ugljan): vrijede iste cijene i uvjeti kao za kopno; isporuka prema rasporedu dostave za otoke.<br><strong>Mali otoci i posebna dostavna podru\u010dja<\/strong>\u00a0koja GLS ne pokriva primjenjuje se fiksna cijana za posebna dostavna podru\u010dja u iznosu od <strong>16,00\u20ac<\/strong>.<br><em>Popis posebnih dostavnih podru\u010dja dostupan je [<a href=\"https:\/\/gls-group.eu\/HR\/media\/downloads\/Posebna_dostavna_podruja~1.pdf\">ovdje<\/a>].<\/em><\/p>\n\n\n\n<p><strong>Osobno preuzimanje<\/strong><\/p>\n\n\n\n<p>Osobno preuzimanje narud\u017ebe je mogu\u0107e u poslovnicama <strong>Limun Zagreb<\/strong> (Pra\u0161ka 10, 10000 Zagreb) i <strong>Limun Zadar<\/strong> (ulica Mihe Klai\u0107a 7, 23000 Zadar) za vrijeme radnog dana poslovnica. Preuzimanje je spremno nakon \u0161to Kupac e-po\u0161tom zaprimi obavijest da je narud\u017eba u poslovnici. Povrat nije mogu\u0107e izvr\u0161iti u poslovnicu za kupnje obavljene preko web shopa.<\/p>\n\n\n\n<p><strong>Me\u0111unarodna dostava<\/strong><\/p>\n\n\n\n<p>Me\u0111unarodna dostava obavlja se putem ugovornih partnerskih pru\u017eatelja po\u0161tanskih i kurirskih usluga. Rokovi su informativni u radnim danima i ne uklju\u010duju mogu\u0107e carinske postupke, dr\u017eavne praznike i udaljena podru\u010dja. Cijena dostave i odabrana zona prikazuju se u ko\u0161arici prije potvrde narud\u017ebe. Carine, porezi i uvozne pristojbe (za isporuke izvan EU) nisu uklju\u010deni u cijenu dostave i snosi ih Kupac prema propisima zemlje uvoza. Rok isporuke za EU je obi\u010dno 3 do 5 radnih dana, ili od 5 do 8 radnih dana za udaljenije destinacije ili zemlje koje nisu \u010dlanice EU. Rok isporuke za ostale zemlje* je obi\u010dno od 8 do 15 radnih dana. Stvarni rok ovisi o zemlji odredi\u0161ta i eventualnim carinskim postupcima. Udaljena\/oto\u010dna podru\u010dja i prekomorske regije mogu imati dulje rokove i\/ili nadoplatu usluge. &nbsp;&nbsp;<\/p>\n\n\n\n<p><strong>Cijena je fiksna po narud\u017ebi za pakete do 5 kg.<\/strong><br><strong>\u20ac12,00<\/strong>\u00a0\u2013 Austrija, \u010ce\u0161ka, Ma\u0111arska, Njema\u010dka, Poljska, Slovenija i Slova\u010dka<br><strong>\u20ac18,00<\/strong>\u00a0\u2013 Italija, Srbija, Gr\u010dka, \u0160vicarska, Belgija, Nizozemska, Velika Britanija, Francuska, \u0160panjolska, Portugal, Danska, Estonija, Latvija, Litva, Rumunjska, Bugarska, Lihten\u0161tajn, Luksemburg, Monako, Vatikan<br><strong>\u20ac25,00<\/strong>\u00a0\u2013 \u0160vedska, Irska, Finska, San Marino<br><strong>\u20ac35,00<\/strong>\u00a0\u2013 Norve\u0161ka<br><br><strong>\u20ac50,00\u00a0<\/strong>\u2013 ostale zemlje svijeta<\/p>\n\n\n\n<p><strong>Pra\u0107enje po\u0161iljke<\/strong><\/p>\n\n\n\n<p>Dru\u0161tvo Cvijet \u017eivota d.o.o. omogu\u0107ava pra\u0107enje po\u0161iljke putem aplikacije za pra\u0107enje po\u0161iljke pru\u017eatelja dostavnih usluga. Usluga pra\u0107enja po\u0161iljke omogu\u0107uje Kupcu da u svakom trenutku dobije relevantnu informaciju o tome gdje se nalazi po\u0161iljka i \u0161to se s njome doga\u0111a.<\/p>\n\n\n\n<p><strong>Isporuka Kupcu<\/strong><\/p>\n\n\n\n<p>Kupac svojim potpisom na odgovaraju\u0107oj ispravi o dostavi potvr\u0111uje primitak, odnosno isporuku proizvoda. Potpisom od strane Kupca smatra se da je po\u0161iljka uru\u010dena u neo\u0161te\u0107enom stanju, te je nakon primitka po\u0161iljke na opisani na\u010din dru\u0161tvo Cvijet \u017eivota d.o.o. oslobo\u0111en bilo kakve naknadne odgovornosti s te osnove. U trenutku potpisa Kupca na na\u010din opisan u ovom \u010dlanku, rizik slu\u010dajne propasti i o\u0161te\u0107enja proizvoda prelazi na Kupca. U slu\u010daju da Kupac naru\u010di proizvod i odbije ga primiti bez razloga, dru\u0161tvo Cvijet \u017eivota d.o.o. ima pravo u za tu svrhu predvi\u0111enim slu\u010dajevima naplatiti iznos izravnih tro\u0161kova povrata proizvoda, te u tom slu\u010daju zadr\u017eati na ime takvih tro\u0161kova i iznos, odnosno dio iznosa napla\u0107enog na ime kupoprodajne cijene.<\/p>\n\n\n\n<p><strong>Pregled prilikom dostave i odgovornost za materijalne nedostatke proizvoda<\/strong> Na prava Kupca u pogledu materijalnih nedostataka primjenjuju se odredbe Zakona o obveznim odnosima i drugih propisa koje su na snazi u trenutku sklapanja ugovora o kupoprodaji na daljinu.<br>Kupac je du\u017ean isporu\u010deni proizvod prilikom isporuke pregledati te provjeriti postoje li eventualno vidljiva vanjska o\u0161te\u0107enja na po\u0161iljci i\/ili na samim proizvodima koji se nalaze unutar po\u0161iljke, te u slu\u010daju postojanja takvih o\u0161te\u0107enja ili nedostataka odmah isto reklamirati dostavlja\u010du. Kupac ima pravo odbiti preuzeti isporu\u010dene proizvode na kojima su vidljiva o\u0161te\u0107enja, \u0161to \u0107e biti potvr\u0111eno zapisnikom.<br>U slu\u010dajevima kada je Kupcu isporu\u010den proizvod razli\u010dit od onog kojeg je kupio, isti ima pravo na isporuku uistinu naru\u010denog Proizvoda, a ukoliko to nije mogu\u0107e Kupac ima pravo na povrat novca u iznosu pla\u0107ene cijene Proizvoda i eventualne cijene isporuke te je du\u017ean vratiti pogre\u0161no isporu\u010deni proizvod. Tro\u0161ak povrata oma\u0161kom isporu\u010denog proizvoda razli\u010ditog od naru\u010denog snosi Cvijet \u017eivota d.o.o. Povrat je potrebno najaviti e-mailom na:&nbsp;<a href=\"mailto:webshop@limun.studio\">webshop@limun.studio<\/a>. Dru\u0161tvo Cvijet \u017eivota d.o.o. odgovara za materijalne nedostatke stvari koje je ona imala u trenutku prijelaza rizika na Kupca, bez obzira je li mu to bilo poznato. Cvijet \u017eivota d.o.o. odgovara i za one materijalne nedostatke koji se pojave nakon prijelaza rizika na Kupca ako su posljedica uzroka koji je postojao prije toga. Dru\u0161tvo Cvijet \u017eivota d.o.o. ne odgovara za neznatan materijalni nedostatak<\/p>\n\n\n\n<p><\/p>\n","protected":false},"excerpt":{"rendered":"<p>Na\u010din dostave kupljenog proizvoda Putem trgovine Limun studio mogu\u0107e je izvr\u0161iti kupnju proizvoda&nbsp;na teritoriju Republike Hrvatske i u inozemstvo, \u0161to<\/p>","protected":false},"author":1,"featured_media":0,"parent":1797,"menu_order":0,"comment_status":"closed","ping_status":"closed","template":"","meta":{"_seopress_robots_primary_cat":"","_seopress_titles_title":"","_seopress_titles_desc":"","_seopress_robots_index":"","iawp_total_views":5,"footnotes":""},"class_list":["post-2040","page","type-page","status-publish","hentry"],"_links":{"self":[{"href":"https:\/\/limunstudio.hr\/en\/wp-json\/wp\/v2\/pages\/2040","targetHints":{"allow":["GET"]}}],"collection":[{"href":"https:\/\/limunstudio.hr\/en\/wp-json\/wp\/v2\/pages"}],"about":[{"href":"https:\/\/limunstudio.hr\/en\/wp-json\/wp\/v2\/types\/page"}],"author":[{"embeddable":true,"href":"https:\/\/limunstudio.hr\/en\/wp-json\/wp\/v2\/users\/1"}],"replies":[{"embeddable":true,"href":"https:\/\/limunstudio.hr\/en\/wp-json\/wp\/v2\/comments?post=2040"}],"version-history":[{"count":3,"href":"https:\/\/limunstudio.hr\/en\/wp-json\/wp\/v2\/pages\/2040\/revisions"}],"predecessor-version":[{"id":13424,"href":"https:\/\/limunstudio.hr\/en\/wp-json\/wp\/v2\/pages\/2040\/revisions\/13424"}],"up":[{"embeddable":true,"href":"https:\/\/limunstudio.hr\/en\/wp-json\/wp\/v2\/pages\/1797"}],"wp:attachment":[{"href":"https:\/\/limunstudio.hr\/en\/wp-json\/wp\/v2\/media?parent=2040"}],"curies":[{"name":"wp","href":"https:\/\/api.w.org\/{rel}","templated":true}]}}