{"id":2023,"date":"2025-10-03T06:33:14","date_gmt":"2025-10-03T06:33:14","guid":{"rendered":"https:\/\/limunstudio.hr\/new\/?page_id=2023"},"modified":"2026-03-16T13:37:17","modified_gmt":"2026-03-16T13:37:17","slug":"nacini-placanja","status":"publish","type":"page","link":"https:\/\/limunstudio.hr\/en\/informacije\/nacini-placanja\/","title":{"rendered":"Payment methods"},"content":{"rendered":"<p><strong>Payment methods<\/strong><\/p>\n\n\n\n<p>Omogu\u0107eno je pla\u0107anje kreditnim i debitnim karticama. <\/p>\n\n\n\n<p>Pla\u0107anje kupljenih proizvoda putem trgovine Limun studio vr\u0161it \u0107e se po modelu odabranom od strane Kupca. Dostupno je nekoliko opcija pla\u0107anja:<\/p>\n\n\n\n<ul class=\"wp-block-list\">\n<li>jednokratno online pla\u0107anje kreditnim i debitnim karticama,<\/li>\n\n\n\n<li>online pla\u0107anje na rate putem kreditnih i debitnih kartica,<\/li>\n\n\n\n<li>virmansko pla\u0107anje: pla\u0107anje predra\u010dunom<\/li>\n\n\n\n<li>pla\u0107anje pouze\u0107em<\/li>\n<\/ul>\n\n\n\n<p>Pla\u0107anje karticama: Prilikom pla\u0107anja kreditnim i debitnim karticama autorizacija pla\u0107anja vr\u0161i se automatski. Dru\u0161tvo Cvijet \u017eivota d.o.o. snosi sve manipulativne tro\u0161kove autorizacije kreditne\/debitne kartice Kupca. U slu\u010daju neuspje\u0161ne autorizacije pla\u0107anja postupak kupovine se prekida, u kojem slu\u010daju Kupac ne\u0107e mo\u0107i ni dovr\u0161iti narud\u017ebu, odnosno kupnju. Po zaprimljenoj uplati, dru\u0161tvo Cvijet \u017eivota d.o.o. \u0107e Kupcu potvrditi prihvat narud\u017ebe, te poslati Kupcu naru\u010dene proizvode.<br>Pla\u0107anje predra\u010dunom: U slu\u010daju odabira pla\u0107anja predra\u010dunom, Kupac treba izvr\u0161iti uplatu na ra\u010dun: HR1024840081135371977, navesti model 00, poziv na broj sa brojem narud\u017ebe koja se dobije elektroni\u010dkom po\u0161tom. Uplatu potom izvr\u0161ava kori\u0161tenjem internet bankarstva ili na\u010dinom na koji ina\u010de pla\u0107a svoje ra\u010dune \u2013 putem banke, Fine, po\u0161te ili sl. Potvrdu o uplati je potrebno poslati na email:&nbsp;<a href=\"mailto:webshop@limunstudio.hr\" target=\"_blank\" rel=\"noreferrer noopener\">webshop@limunstudio.hr<\/a>&nbsp;kako bi se ubrzao proces isporuke narud\u017ebe. Dru\u0161tvo Cvijet \u017eivota d.o.o., po zaprimljenoj uplati \u0107e potvrditi prihvat narud\u017ebe te poslati Kupcu naru\u010dene proizvode. Ra\u010dun R1 kupac je du\u017ean zatra\u017eiti prilikom ispunjavanja narud\u017ebe, naknadni zahtjevi za R1 ra\u010dunom ne\u0107e biti uva\u017eeni.<\/p>\n\n\n\n<p><strong>Pla\u0107anje kreditnim i debitnim karticama<\/strong><\/p>\n\n\n\n<p>Pla\u0107anje izravno putem interneta, kori\u0161tenjem Monri&nbsp;sustava za pla\u0107anje kreditnim i debitnim karticama:<\/p>\n\n\n\n<ul class=\"wp-block-list\">\n<li>jednokratno; karticama Diners, Discover, Mastercard, Maestro i Visa<\/li>\n\n\n\n<li>od 2 do 6 rata (minimalni iznos rate je 80,00 \u20ac; Mastercard, Maestro i Visa, Visa Premium, Diners, JCB, Discover)<\/li>\n<\/ul>\n\n\n\n<p><strong>Sigurnost pla\u0107anja kreditnim karticama<\/strong><\/p>\n\n\n\n<p>Webshop koristi 3D Secure sigurnosni protokol koji omogu\u0107uje dodatnu autentifikaciju korisnika prilikom online pla\u0107anja karticama, \u010dime se osigurava vi\u0161a razina za\u0161tite i sigurnosti transakcija putem sustava va\u0161e banke.<br>Tajnost Va\u0161ih podataka je za\u0161ti\u0107ena i osigurana kori\u0161tenjem posljednje verzije TLS enkripcije. Stranice za naplatu putem interneta osigurane su kori\u0161tenjem Secure Socket Layer (SSL) protokola sa 128-bitnom enkripcijom podataka. SSL enkripcija je postupak \u0161ifriranja podataka radi sprje\u010davanja neovla\u0161tenog pristupa prilikom njihovog prijenosa. Time je omogu\u0107en siguran prijenos informacija te onemogu\u0107en nedozvoljen pristup podacima prilikom komunikacije izme\u0111u korisnikovog ra\u010dunala i WebPay servisa, te obratno. WebPay servis i financijske ustanove razmjenjuju podatke uporabom virtualne privatne mre\u017ee (VPN), koja je za\u0161ti\u0107ena od neautoriziranog pristupa. Monri Payment Gateway je certificiran prema PCI DSS Level 1 sigurnosnom standardu propisanom Visa i Mastercard pravilima. Trgovac ne pohranjuje brojeve kreditnih kartica i brojevi nisu dostupni neovla\u0161tenim osobama.<\/p>\n\n\n\n<p><strong>Izvr\u0161enje pla\u0107anja<\/strong><\/p>\n\n\n\n<p>Pla\u0107anje se smatra izvr\u0161enim u trenutku preuzimanja novca prilikom uru\u010denja po\u0161iljke u slu\u010daju pla\u0107anja pouze\u0107em ili u trenutku kada pru\u017eatelj platne usluge zaprimi nalog za pla\u0107anje i kada je taj nalog postao neopoziv.<\/p>\n\n\n\n<p><strong>Izjava o kori\u0161tenju Monri \/ Monri sustava<\/strong><\/p>\n\n\n\n<p>Limun studio web shop koristi Monri sustav za online pla\u0107anja.<\/p>\n\n\n\n<p>Monri sustav je siguran sustav za online pla\u0107anje, pla\u0107anje u realnom vremenu, kreditnim i debitnim karticama te drugim na\u010dinima pla\u0107anja. Monri sustav kupcu i trgovcu osiguravaju siguran upis i prijenos upisanih podataka o karticama \u0161to podvr\u0111uje i PCI DSS certifikat koji Monri sustav ima. Monri sustav koristi SSL certifikat 256 bitne enkripcije te TLS 1.2 kriptografski protokol kao najvi\u0161e stupnjeve za\u0161tite kod upisa i prijenosa podataka.<\/p>\n\n\n\n<p><strong>Ra\u010dun<\/strong><\/p>\n\n\n\n<p>Ra\u010dun \u0107e biti biti dostavljen u elektronskom obliku putem e-maila kojeg ste naveli prilikom registracije, a otpremnica sa naru\u010denim artiklima i koli\u010dinama, bez vidljivih cijena, bit \u0107e prilo\u017eena u po\u0161iljci (u svakoj od po\u0161iljaka ukoliko se naru\u010dena roba isporu\u010duje u vi\u0161e po\u0161iljka. Ra\u010dun R1 kupac je du\u017ean zatra\u017eiti prilikom ispunjavanja narud\u017ebe, naknadni zahtjevi za R1 ra\u010dunom ne\u0107e biti uva\u017eeni.<\/p>\n\n\n\n<p><\/p>","protected":false},"excerpt":{"rendered":"<p>Na\u010dini pla\u0107anja Omogu\u0107eno je pla\u0107anje kreditnim i debitnim karticama. Pla\u0107anje kupljenih proizvoda putem trgovine Limun studio vr\u0161it \u0107e se po<\/p>","protected":false},"author":1,"featured_media":0,"parent":1797,"menu_order":0,"comment_status":"closed","ping_status":"closed","template":"","meta":{"_seopress_robots_primary_cat":"","_seopress_titles_title":"","_seopress_titles_desc":"","_seopress_robots_index":"","iawp_total_views":5,"footnotes":""},"class_list":["post-2023","page","type-page","status-publish","hentry"],"_links":{"self":[{"href":"https:\/\/limunstudio.hr\/en\/wp-json\/wp\/v2\/pages\/2023","targetHints":{"allow":["GET"]}}],"collection":[{"href":"https:\/\/limunstudio.hr\/en\/wp-json\/wp\/v2\/pages"}],"about":[{"href":"https:\/\/limunstudio.hr\/en\/wp-json\/wp\/v2\/types\/page"}],"author":[{"embeddable":true,"href":"https:\/\/limunstudio.hr\/en\/wp-json\/wp\/v2\/users\/1"}],"replies":[{"embeddable":true,"href":"https:\/\/limunstudio.hr\/en\/wp-json\/wp\/v2\/comments?post=2023"}],"version-history":[{"count":9,"href":"https:\/\/limunstudio.hr\/en\/wp-json\/wp\/v2\/pages\/2023\/revisions"}],"predecessor-version":[{"id":10879,"href":"https:\/\/limunstudio.hr\/en\/wp-json\/wp\/v2\/pages\/2023\/revisions\/10879"}],"up":[{"embeddable":true,"href":"https:\/\/limunstudio.hr\/en\/wp-json\/wp\/v2\/pages\/1797"}],"wp:attachment":[{"href":"https:\/\/limunstudio.hr\/en\/wp-json\/wp\/v2\/media?parent=2023"}],"curies":[{"name":"wp","href":"https:\/\/api.w.org\/{rel}","templated":true}]}}