{"id":2019,"date":"2025-10-03T06:32:22","date_gmt":"2025-10-03T06:32:22","guid":{"rendered":"https:\/\/limunstudio.hr\/new\/?page_id=2019"},"modified":"2026-03-09T07:28:14","modified_gmt":"2026-03-09T07:28:14","slug":"pravila-privatnosti","status":"publish","type":"page","link":"https:\/\/limunstudio.hr\/en\/informacije\/pravila-privatnosti\/","title":{"rendered":"Privacy Policy"},"content":{"rendered":"<h2 class=\"wp-block-heading\"><strong>Povjerljivost i za\u0161tita osobnih podataka<\/strong><\/h2>\n\n\n\n<p>Ova Pravila privatnosti web mjesta Limun studio ure\u0111uju prikupljanje podataka od Posjetitelja\/Kupaca kao ispitanika, svrhu obrade prikupljenih osobnih podataka, prava ispitanika \u010diji se osobni podaci prikupljaju i\/ili obra\u0111uju te ostale informacije o sigurnosti podataka. Ujedno Pravila privatnosti predstavljaju obavijest u smislu odredbe \u010dlanka 13. Uredbe (EU) 2016\/679 EU parlamenta i Vije\u0107a (Op\u0107a uredba o za\u0161titi podataka, dalje: Uredba) te su sastavni dio Op\u0107ih uvjeta kori\u0161tenja web mjesta Limun studio.<\/p>\n\n\n\n<p>Osobne podatke prikupljene na web mjestu Limun studio obra\u0111uje dru\u0161tvo Cvijet \u017eivota d.o.o., OIB: 41080233095, Ulica Mihovila Klai\u0107a 7, 23000 Zadar, kao voditelj obrade osobnih podataka.<br>Dru\u0161tvo Cvijet \u017eivota d.o.o. se obvezuje \u010duvati povjerljivost osobnih podataka Kupaca i Posjetitelja i s istima postupati u skladu s Uredbom i drugim va\u017ee\u0107im propisima koji reguliraju za\u0161titu osobnih podataka.<br><br>Osobni podaci Kupaca i Posjetitelja dani prilikom postupka registracije prikupljaju se, obra\u0111uju i koriste za svrhe realizacije ugovora o kupoprodaji na daljinu putem trgovine Limun studio, uklju\u010duju\u0107i i prethodnu provjeru uvjeta za sklapanje ugovora, kao i u svrhu provedbe transakcije pla\u0107anja. Osobni podaci bit \u0107e obra\u0111ivani i u svrhu sprje\u010davanja eventualnih zlouporaba, sprje\u010davanja prijevarnih postupanja, kao i u svrhu informiranja Kupaca o novostima i ponudama u okviru Limun studija, sve sukladno legitimnom interesu dru\u0161tva Cvijet \u017eivota d.o.o..<br><br>Kupci i Posjetitelji su du\u017eni dati to\u010dne, va\u017ee\u0107e i potpune osobne podatke, naro\u010dito prilikom ispunjavanja registracijskog obrasca, ako se registriraju. U slu\u010daju povrede ove obveze Kupca ili Posjetitelja, dru\u0161tvo Cvijet \u017eivota d.o.o. ima pravo uskratiti takvom korisniku pristup ili uskratiti ostvarenje svih ili dijela usluga, odnosno proizvoda koje istima nudi. U slu\u010daju pristanka na registraciju, smatrat \u0107e se da je korisnik pristao na uvjete kori\u0161tenja osobnih podataka predvi\u0111ene ovim Op\u0107im uvjetima te dao privolu za obradu osobnih podataka u svrhu sklapanja i izvr\u0161enja Ugovora o kupoprodaji na daljinu. Obrada osobnih podataka u svrhe izvr\u0161enja Ugovora uvjet je za izvr\u0161enje Ugovora o kupoprodaji na daljinu od strane dru\u0161tva Cvijet \u017eivota d.o.o., te se u tom smislu ne mo\u017ee ograni\u010diti ni opozvati. <br><br>U slu\u010daju opoziva privole od strane Kupca ili Posjetitelja prije nego se Ugovor o kupoprodaji na daljinu izvr\u0161i, isti se smatra raskinutim.<br><br>Dru\u0161tvo Cvijet \u017eivota d.o.o. ne\u0107e otkriti niti prenositi osobne podatke Kupaca i Posjetitelja tre\u0107im osobama, osim u svrhu izvr\u0161avanja ugovora o kupnji Proizvoda (\u0161to se odnosi na financijske institucije u svrhu realizacije pla\u0107anja, isporuke i dostave naru\u010denog proizvoda, i osobe koje su ovla\u0161tene za odr\u017eavanje IT sustava putem kojeg se obavljaju transakcije kupnje), za\u0161tite interesa Kupaca, Posjetitelja i dru\u0161tva Cvijet \u017eivota d.o.o. te sprje\u010davanja eventualnih zloporaba. Osobni podaci bit \u0107e tako\u0111er dostavljeni nadle\u017enim tijelima temeljem na zakonu zasnovanom zahtjevu.<\/p>\n\n\n\n<p>Registracijom na web mjestu Limun studio, odnosno ispunjavanjem obrasca s osobnim podacima u svrhu sklapanja ugovora o kupoprodaji na daljinu Kupac odnosno Posjetitelj daje dru\u0161tvu Cvijet \u017eivota d.o.o. izri\u010ditu privolu na obradu unesenih osobnih podataka u svrhu izvr\u0161avanja Ugovora o kupoprodaji na daljinu te pohrane podataka povezane s korisni\u010dkim ra\u010dunom Kupca u svrhu izvr\u0161enja eventualno daljnjih narud\u017ebi. Kupac odnosno Posjetitelj zaklju\u010denjem Ugovora o kupoprodaji na daljinu potvr\u0111uje da je upoznat te daje privolu na proslje\u0111ivanje istih tre\u0107oj strani koja sudjeluje u izvr\u0161avanju Ugovora o kupoprodaji na daljinu, primjerice financijskoj instituciji ili pru\u017eatelju po\u0161tanskih (dostavnih) usluga.<br><br>Prema ponu\u0111enim opcijama u postupku registracije Kupac\/Posjetitelj dru\u0161tvu Cvijet \u017eivota d.o.o. mo\u017ee dodatno dati svoju izri\u010ditu suglasnost za obradu osobnih podataka i za daljnje svrhe, koje su detaljnije opisane u samoj privoli. Pored navedenog, Kupac i Posjetitelj mogu dati privolu na uporabu kola\u010di\u0107a (cookies) u svrhe i na na\u010din opisan u poglavlju Kola\u010di\u0107i ovih Op\u0107ih uvjeta. Kupac i Posjetitelj imaju pravo u svakom trenutku opozvati privole na obradu osobnih podataka za \u010duvanje podataka te za ostale svrhe u koje je Kupac ili Posjetitelj dao privolu. Dru\u0161tvo Cvijet \u017eivota d.o.o. \u0107e \u010duvati osobne podatke, prikupljene u svrhu izvr\u0161enja Ugovora, obra\u0111ivati u razdoblju potrebnom za ostvarenje svrhe, dok \u0107e pripadaju\u0107u dokumentaciju i podatke \u010duvati i pohranjivati sukladno propisima koji ure\u0111uju pitanje arhiviranja arhivskog gradiva. <br><br>Osobni podaci prikupljeni prilikom izrade korisni\u010dkog ra\u010duna Limun studija \u010duvat \u0107e se do uskrate privole za njihovu obradu i \u010duvanje. Dru\u0161tvo Cvijet \u017eivota d.o.o. poduzima mjere kojima se osigurava odgovaraju\u0107a sigurnost osobnih podataka, uklju\u010duju\u0107i i za\u0161titu od neovla\u0161tene ili nezakonite obrade te od slu\u010dajnog gubitka, uni\u0161tenja ili o\u0161te\u0107enja primjenom odgovaraju\u0107ih tehni\u010dkih i organizacijskih mjera.<br><br>Dru\u0161tvo Cvijet \u017eivota d.o.o. se obvezuje registriranim Kupcima i registriranim Posjetiteljima omogu\u0107iti pristup njihovim osobnim podacima, pravo na ispravak ili brisanje osobnih podataka ili ograni\u010davanje obrade, te pravo na ulaganje prigovora, kao i pravo na prenosivost podataka. Korisnik ima pravo podnijeti prigovor i Agenciji za za\u0161titu osobnih podataka.<\/p>\n\n\n\n<p>Za ostvarivanje prava Kupaca i Posjetitelja u svezi s obradom osobnih podataka Kupaca i Posjetitelja, zahtjevi i prigovori se upu\u0107uju na e-mail adresu:&nbsp;<a href=\"mailto:webshop@limun.studio\">webshop@limun.studio<\/a>, ili pisano na adresu sjedi\u0161ta dru\u0161tva Cvijet \u017eivota d.o.o., ulica Mihovila Klai\u0107a 7, 23000 Zadar, kao voditelja obrade osobnih podataka. <br><br>Dru\u0161tvo Cvijet \u017eivota d.o.o. \u0107e bez odgode potvrditi primitak prigovora Kupca, te na isti odgovoriti pisanim putem u roku od 15 dana od dana zaprimanja prigovora.<\/p>\n\n\n\n<h3 class=\"wp-block-heading\"><strong>Sigurnost podataka<\/strong><\/h3>\n\n\n\n<p>Svi Kupci ili Posjetitelji koji pristupaju na stranicu Limun studio koriste njezin sadr\u017eaj na vlastitu odgovornost. Dru\u0161tvo Cvijet \u017eivota d.o.o. ne odgovara za bilo kakvu izravnu ili neizravnu, slu\u010dajnu, nematerijalnu ili materijalnu \u0161tetu koja je nastala iz pristupa, kori\u0161tenja ili nemogu\u0107nosti kori\u0161tenja navedene stranice ili zbog bilo koje gre\u0161ke ili nepotpunosti u njenom sadr\u017eaju.<\/p>\n\n\n\n<h3 class=\"wp-block-heading\"><strong>Slanje poruka elektronskom po\u0161tom<\/strong><\/h3>\n\n\n\n<p>Slanje poruka putem elektronske po\u0161te (e-mail) s osobnim podacima mo\u017ee biti nesigurno i podlo\u017eno neovla\u0161tenom pristupu tre\u0107ih ili pogre\u0161noj dostavi, te su Kupci i Posjetitelji o navedenom du\u017eni voditi ra\u010duna.<br><br>Dru\u0161tvo Cvijet \u017eivota d.o.o. ne odgovara za sigurnost i sadr\u017eaj takvih poruka upu\u0107enih dru\u0161tvu Cvijet \u017eivota d.o.o. ili putem trgovine Limun studio, zadr\u017eavaju\u0107i pritom pravo da iste reproducira, koristi, raspola\u017ee i distribuira tre\u0107ima bez ograni\u010denja.<\/p>\n\n\n\n<h3 class=\"wp-block-heading\"><strong>Odgovornosti i ograni\u010denja odgovornosti<\/strong><\/h3>\n\n\n\n<p>Dru\u0161tvo Cvijet \u017eivota d.o.o. se prema najboljim mogu\u0107nostima trudi osiguravati a\u017eurnost i to\u010dnost podataka koji su objavljeni na stranicama Limun studio. Unato\u010d tome, karakteristike proizvoda, rok isporuke ili cijena mogu se promijeniti tako da Cvijet \u017eivota d.o.o. ne uspije ispraviti podatke na stranici. <br><br>U takvom slu\u010daju, dru\u0161tvo Cvijet \u017eivota d.o.o. \u0107e Kupca obavijestiti o promjenama i omogu\u0107iti mu odustajanje od narud\u017ebe ili zamjenu naru\u010denog proizvoda. Dru\u0161tvo Cvijet \u017eivota d.o.o. nije odgovoran Kupcu i\/ili Posjetitelju za bilo koju \u0161tetu i tro\u0161kove koji mogu nastati ili biti vezani uz kori\u0161tenje stranice Limun studio, kao i bilo koju \u0161tetu koja mo\u017ee nastati tre\u0107im osobama uporabom ili kori\u0161tenjem navedene stranice.<\/p>\n\n\n\n<h3 class=\"wp-block-heading\"><strong>Kori\u0161tenje Internet stranice Limun studio<\/strong><\/h3>\n\n\n\n<p>Sadr\u017eaji objavljeni na&nbsp;www.limunstudio.hr&nbsp;ne smiju kopirati, mijenjati, prikazivati ili na bilo koji drugi na\u010din prenositi ili distribuirati bez izri\u010ditog pristanka dru\u0161tva Cvijet \u017eivota d.o.o., te se smiju koristiti samo u privatne i nekomercijalne svrhe i za individualnu upotrebu. <br><br>Dru\u0161tvo Cvijet \u017eivota d.o.o. zadr\u017eava pravo promjene bilo kojih sadr\u017eaja objavljenih na&nbsp;<a href=\"https:\/\/limunstudio.hr\/en\/\" target=\"_blank\" rel=\"noreferrer noopener\">www.limunstudio.hr<\/a>&nbsp;u bilo koje vrijeme i bez prethodne najave ili posebne obavijesti. Posjetitelji i\/ili Kupci su odgovorni za nabavu i odr\u017eavanje svoje ra\u010dunalne opreme, kao i druge opreme potrebne za pristup i kori\u0161tenje ovih Internetskih stranica te sve sa tim povezane tro\u0161kove. <br><br>Dru\u0161tvo Cvijet \u017eivota d.o.o. nije odgovoran za bilo kakva o\u0161te\u0107enja opreme Kupca koja mogu nastati kao posljedica kori\u0161tenja ovih Internetskih stranica. Sadr\u017eaj ove stranice za\u0161ti\u0107en je autorskim pravom koje pripada dru\u0161tvu Cvijet \u017eivota d.o.o. ili je ustupljeno dru\u0161tvu Cvijet \u017eivota d.o.o., a u vlasni\u0161tvu je tre\u0107ih osoba. <br><br>Dru\u0161tvo Cvijet \u017eivota d.o.o. tako\u0111er posjeduje autorsko pravo ure\u0111ivanja, izbora i uskla\u0111ivanja sadr\u017eaja ove stranice. Stranica&nbsp;<a href=\"https:\/\/limunstudio.hr\/en\/\" target=\"_blank\" rel=\"noreferrer noopener\">www.limunstudio.hr<\/a>&nbsp;sadr\u017ei \u017eigove, za\u0161ti\u0107ene znakove i drugo intelektualno vlasni\u0161tvo dru\u0161tva Cvijet \u017eivota d.o.o. ili tre\u0107ih osoba. Fotografije proizvoda prikazane na stranici&nbsp;<a href=\"https:\/\/limunstudio.hr\/en\/\" target=\"_blank\" rel=\"noreferrer noopener\">www.limunstudio.hr<\/a>&nbsp;su isklju\u010divo ilustrativne i informativne prirode, te ne moraju u cijelosti odgovarati stvarnom izgledu proizvoda. <br><br>U slu\u010daju nesklada izme\u0111u proizvoda na fotografiji i isporu\u010denog proizvoda, isto se ne\u0107e smatrati nedostatkom isporu\u010denog proizvoda. <br><br>Posjetitelji i Kupci ne smiju putem ove internetske stranice objavljivati ili prenositi bilo kakve materijale koji ugro\u017eavaju, ili na bilo koji na\u010din kr\u0161e prava drugih, bilo kakav materijal koji je po svojoj prirodi nezakonit, ugro\u017eavaju\u0107i, uvredljiv, klevetni\u010dki, koji naru\u0161ava ili ugro\u017eava privatnost, koji je vulgaran, opscen, ili na drugi na\u010din nepo\u017eeljan u komunikaciji, te koji, bez izri\u010ditog, prethodnog, pisanog odobrenja dru\u0161tva Cvijet \u017eivota d.o.o., sadr\u017ei ogla\u0161avanje ili ponudu bilo \u010dijih proizvoda i usluga. <br><br>Posjetitelji ili Kupci ne smiju koristiti ovu internetsku stranicu za ogla\u0161avanje ili u bilo kakve komercijalne, vjerske, politi\u010dke, ili nekomercijalne promid\u017ebe. Dru\u0161tvo Cvijet \u017eivota d.o.o. zadr\u017eava pravo trenutno ukinuti korisni\u010dke ra\u010dune Posjetitelja i\/ili Kupca u slu\u010daju bilo kakvog pona\u0161anja koje Cvijet \u017eivota d.o.o. smatra nepo\u0161tivanjem ovih Op\u0107ih uvjeta.<\/p>\n\n\n\n<h2 class=\"wp-block-heading\"><strong>Kola\u010di\u0107i (cookies)<\/strong><\/h2>\n\n\n\n<p>U svrhu pobolj\u0161avanja iskustva pregledavanja i kori\u0161tenja stranice&nbsp;<a href=\"https:\/\/limunstudio.hr\/en\/\" target=\"_blank\" rel=\"noreferrer noopener\">www.limunstudio.hr<\/a>&nbsp;ova internet stranica sprema malenu koli\u010dinu informacija (kola\u010di\u0107a), uz uvjet prihva\u0107anja upotreba kola\u010di\u0107a od strane korisnika. Informacije se prikupljaju za pra\u0107enje prometa i karakteristike kupaca, za prikupljanje informacija o preferencijama i pona\u0161anju posjetitelja te za prikupljanje informacija za internu statistiku s ciljem pobolj\u0161anja usluga dru\u0161tva Cvijet \u017eivota d.o.o. putem Interneta. Blokiranjem kola\u010di\u0107a i dalje mo\u017eete pregledavati stranicu, no neke njezine mogu\u0107nosti ne\u0107e biti dostupne.<\/p>\n\n\n\n<h3 class=\"wp-block-heading\">\u0160to je kola\u010di\u0107?<\/h3>\n\n\n\n<p>Kola\u010di\u0107 je informacija spremljena na korisni\u010dko ra\u010dunalo od strane internet stranice koju posjetite. Kola\u010di\u0107i obi\u010dno spremaju postavke posjetitelja za web stranicu, kao \u0161to su preferirani jezik ili adresa. Kasnije, kada opet otvorite istu web stranicu internet preglednik \u0161alje natrag kola\u010di\u0107e koji pripadaju toj stranici. Ovo omogu\u0107ava stranici da prika\u017ee informacije prilago\u0111ene Va\u0161im potrebama. Kola\u010di\u0107i mogu spremati \u0161irok pojas informacija uklju\u010duju\u0107i osobne informacije (kao \u0161to je Va\u0161e ime ili e-mail adresa). Osobne informacije mogu se koristiti i biti spremljene jedino ako Vi to omogu\u0107ite \u2013 web stranice ne mogu dobiti pristup informacijama koji im Vi niste dali i ne mogu pristupiti drugim datotekama na Va\u0161em ra\u010dunalu. Zadane aktivnosti spremanja i slanja kola\u010di\u0107a Vama nisu vidljive. Ipak, Va\u0161e postavke internet preglednika mo\u017eete u bilo kojem trenutku promijeniti (na na\u010din da pobri\u0161ete spremljene kola\u010di\u0107e automatski pri zatvaranju internet preglednika i sli\u010dno).<\/p>\n\n\n\n<h3 class=\"wp-block-heading\">Kako onemogu\u0107iti kola\u010di\u0107e?<\/h3>\n\n\n\n<p>Isklju\u010divanjem kola\u010di\u0107a odlu\u010dujete da li ho\u0107ete dopustiti pohranjivanje kola\u010di\u0107e na Va\u0161em ra\u010dunalu. Cookie postavke mogu se kontrolirati i konfigurirati u web pregledniku. Za informacije o postavkama kola\u010di\u0107a, odaberite web-preglednik koji koristite: Chrome, Firefox, Internet Explorer 9, Internet Explorer 7 i 8, Opera (stranica na engleskom jeziku), Safari (stranica na engleskom jeziku). Ako onemogu\u0107ite kola\u010di\u0107e, ne\u0107ete mo\u0107i koristiti neke od funkcionalnosti na internet stranici&nbsp;<a href=\"https:\/\/limunstudio.hr\/en\/\" target=\"_blank\" rel=\"noreferrer noopener\">www.limunstudio.hr<\/a><\/p>\n\n\n\n<h3 class=\"wp-block-heading\">\u0160to su stalni i privremeni kola\u010di\u0107i?<\/h3>\n\n\n\n<p>Stalni ili spremljeni kola\u010di\u0107i ostaju na ra\u010dunalu nakon zatvaranja programa internet preglednika. Pomo\u0107u njih web-mjesta pohranjuju podatke, kao \u0161to su ime za prijavu i lozinka, tako da se ne morate prijavljivati prilikom svakog posjeta odre\u0111enom mjestu. Stalni kola\u010di\u0107i ostat \u0107e na ra\u010dunalu danima, mjesecima, \u010dak i godinama.<\/p>\n\n\n\n<p>Privremeni kola\u010di\u0107i ili kola\u010di\u0107i sesije uklanjaju se s ra\u010dunala po zatvaranju internet preglednika. Pomo\u0107u njih web-mjesta pohranjuju privremene podatke, poput proizvoda u ko\u0161arici za kupnju.<\/p>\n\n\n\n<h3 class=\"wp-block-heading\">\u0160to su kola\u010di\u0107i od prve strane?<\/h3>\n\n\n\n<p>Kola\u010di\u0107i od prve strane dolaze s web-mjesta koje gledate, a mogu biti stalni ili privremeni. Pomo\u0107u tih kola\u010di\u0107a web-mjesta mogu pohraniti podatke koje \u0107e ponovo koristiti prilikom sljede\u0107eg posjeta tom web-mjestu.<\/p>\n\n\n\n<h3 class=\"wp-block-heading\">\u0160to su kola\u010di\u0107i tre\u0107e strane?<\/h3>\n\n\n\n<p>Kola\u010di\u0107i tre\u0107e strane dolaze s reklama drugih web-mjesta (kao \u0161to su sko\u010dne ili druge reklame) koje se nalaze na web-mjestu koje gledate. Pomo\u0107u tih kola\u010di\u0107a web-mjesta mogu pratiti kori\u0161tenje Interneta u marketin\u0161ke svrhe.<\/p>\n\n\n\n<h3 class=\"wp-block-heading\"><strong>Izjava o za\u0161titi i prikupljanju osobnih podataka i njihovom kori\u0161tenju<\/strong><\/h3>\n\n\n\n<p>Obavezujemo se pru\u017eati za\u0161titu osobnim podacima kupaca, na na\u010din da prikupljamo samo nu\u017ene, osnovne podatke o kupcima \/ korisnicima koji su nu\u017eni za ispunjenje na\u0161ih obveza; informiramo kupce o na\u010dinu kori\u0161tenja prikupljenih podataka, redovito dajemo kupcima mogu\u0107nost izbora o upotrebi njihovih podataka, uklju\u010duju\u0107i mogu\u0107nost odluke \u017eele li ili ne da se njihovo ime ukloni s lista koje se koriste za marketin\u0161ke kampanje. Svi se podaci o korisnicima strogo \u010duvaju i dostupni su samo djelatnicima kojima su ti podaci nu\u017eni za obavljanje posla. Svi na\u0161i djelatnici i poslovni partneri odgovorni su za po\u0161tivanje na\u010dela za\u0161tite privatnosti.<\/p>\n\n\n\n<p><\/p>","protected":false},"excerpt":{"rendered":"<p>Povjerljivost i za\u0161tita osobnih podataka Ova Pravila privatnosti web mjesta Limun studio ure\u0111uju prikupljanje podataka od Posjetitelja\/Kupaca kao ispitanika, svrhu<\/p>","protected":false},"author":1,"featured_media":0,"parent":1797,"menu_order":0,"comment_status":"closed","ping_status":"closed","template":"","meta":{"_seopress_robots_primary_cat":"","_seopress_titles_title":"","_seopress_titles_desc":"","_seopress_robots_index":"","iawp_total_views":10,"footnotes":""},"class_list":["post-2019","page","type-page","status-publish","hentry"],"_links":{"self":[{"href":"https:\/\/limunstudio.hr\/en\/wp-json\/wp\/v2\/pages\/2019","targetHints":{"allow":["GET"]}}],"collection":[{"href":"https:\/\/limunstudio.hr\/en\/wp-json\/wp\/v2\/pages"}],"about":[{"href":"https:\/\/limunstudio.hr\/en\/wp-json\/wp\/v2\/types\/page"}],"author":[{"embeddable":true,"href":"https:\/\/limunstudio.hr\/en\/wp-json\/wp\/v2\/users\/1"}],"replies":[{"embeddable":true,"href":"https:\/\/limunstudio.hr\/en\/wp-json\/wp\/v2\/comments?post=2019"}],"version-history":[{"count":4,"href":"https:\/\/limunstudio.hr\/en\/wp-json\/wp\/v2\/pages\/2019\/revisions"}],"predecessor-version":[{"id":9923,"href":"https:\/\/limunstudio.hr\/en\/wp-json\/wp\/v2\/pages\/2019\/revisions\/9923"}],"up":[{"embeddable":true,"href":"https:\/\/limunstudio.hr\/en\/wp-json\/wp\/v2\/pages\/1797"}],"wp:attachment":[{"href":"https:\/\/limunstudio.hr\/en\/wp-json\/wp\/v2\/media?parent=2019"}],"curies":[{"name":"wp","href":"https:\/\/api.w.org\/{rel}","templated":true}]}}