{"id":1859,"date":"2025-10-02T13:04:44","date_gmt":"2025-10-02T13:04:44","guid":{"rendered":"https:\/\/limunstudio.hr\/new\/?page_id=1859"},"modified":"2026-04-29T20:33:40","modified_gmt":"2026-04-29T18:33:40","slug":"dobra-djela","status":"publish","type":"page","link":"https:\/\/limunstudio.hr\/en\/limun-studio\/dobra-djela\/","title":{"rendered":"Good deeds"},"content":{"rendered":"<figure class=\"wp-block-image size-large\"><img fetchpriority=\"high\" decoding=\"async\" width=\"1300\" height=\"386\" class=\"wp-image-1863\" src=\"https:\/\/limunstudio.hr\/wp-content\/uploads\/2025\/10\/Darujemo-1300x386.jpg\" alt=\"Darujemo\" srcset=\"https:\/\/limunstudio.hr\/wp-content\/uploads\/2025\/10\/Darujemo-1300x386.jpg 1300w, https:\/\/limunstudio.hr\/wp-content\/uploads\/2025\/10\/Darujemo-400x119.jpg 400w, https:\/\/limunstudio.hr\/wp-content\/uploads\/2025\/10\/Darujemo-768x228.jpg 768w, https:\/\/limunstudio.hr\/wp-content\/uploads\/2025\/10\/Darujemo-1536x456.jpg 1536w, https:\/\/limunstudio.hr\/wp-content\/uploads\/2025\/10\/Darujemo-2048x608.jpg 2048w, https:\/\/limunstudio.hr\/wp-content\/uploads\/2025\/10\/Darujemo-430x128.jpg 430w, https:\/\/limunstudio.hr\/wp-content\/uploads\/2025\/10\/Darujemo-700x208.jpg 700w, https:\/\/limunstudio.hr\/wp-content\/uploads\/2025\/10\/Darujemo-190x56.jpg 190w\" sizes=\"(max-width: 1300px) 100vw, 1300px\" \/><\/figure>\r\n\r\n\r\n\r\n<h2 class=\"wp-block-heading\"><strong>Vra\u0107amo zajednici<\/strong><\/h2>\r\n\r\n\r\n\r\n<p>Doniranje je srce na\u0161eg poslovanja. Sretni smo \u0161to imamo priliku podijeliti uspjeh s onima kojima je to najpotrebnije. Svakom kupnjom koju obavite u na\u0161oj trgovini,\u00a0<strong>doniramo 1% od ukupnog iznosa partnerskoj udruzi. <\/strong>Svi smo dio ove pri\u010de, a s va\u0161om podr\u0161kom poma\u017eemo stvarati bolji svijet, korak po korak.<\/p>\r\n\r\n\r\n\r\n<p>Udruge koje podr\u017eavamo:<\/p>\r\n\r\n\r\n\r\n\r\n\r\n<p><strong>Hrvatski centar za mir, nenasilje i ljudska prava Osijek<\/strong>\u00a0\u2013 udruga koja promovira kulturu mira i nenasilja, te pru\u017ea podr\u0161ku i edukaciju za izgradnju tolerantnijeg dru\u0161tva.<\/p>\r\n\r\n\r\n\r\n<p><strong>SOS Dje\u010dje selo Hrvatska &#8211; <\/strong>udruga koja pru\u017ea dom, skrb i obrazovanje djeci bez roditeljske skrbi te ja\u010da obitelji kako bi se sprije\u010dilo zanemarivanje i raspad. Svaka donacija poma\u017ee djeci da odrastaju u sigurnom i podr\u017eavaju\u0107em okru\u017eenju te razvijaju svoje potencijale.<\/p>\r\n\r\n\r\n\r\n<p>&nbsp;<\/p>\r\n\r\n\r\n\r\n<h3 class=\"wp-block-heading\"><strong>Ekolo\u0161ki osvije\u0161teni i posve\u0107eni zajednic<\/strong>i<\/h3>\r\n\r\n\r\n\r\n<p>U\u00a0Limun studiju vjerujemo da ljepota predmeta ne smije biti na \u0161tetu na\u0161eg planeta ili zajednice. Zato smo posve\u0107eni tome da na\u0161 rad bude \u0161to odgovorniji i transparentniji.<\/p>\r\n\r\n\r\n\r\n<p>Brinemo o okoli\u0161u<\/p>\r\n\r\n\r\n\r\n<ul class=\"wp-block-list\">\r\n<li>Kad god je to mogu\u0107e, koristimo\u00a0reciklirane ili odr\u017eive materijale\u00a0i aktivno poti\u010demo na\u0161e stvaratelje da rade na isti na\u010din.<\/li>\r\n\r\n\r\n\r\n<li>Biramo\u00a0ekolo\u0161ki prihvatljivije materijale za pakiranje\u00a0kako bismo smanjili otpad<\/li>\r\n<\/ul>\r\n\r\n\r\n\r\n<p>&nbsp;<\/p>","protected":false},"excerpt":{"rendered":"<p>Vra\u0107amo zajednici Doniranje je srce na\u0161eg poslovanja. Sretni smo \u0161to imamo priliku podijeliti uspjeh s onima kojima je to najpotrebnije.<\/p>","protected":false},"author":1,"featured_media":0,"parent":1615,"menu_order":0,"comment_status":"closed","ping_status":"closed","template":"","meta":{"_seopress_robots_primary_cat":"","_seopress_titles_title":"","_seopress_titles_desc":"","_seopress_robots_index":"","iawp_total_views":26,"footnotes":""},"class_list":["post-1859","page","type-page","status-publish","hentry"],"_links":{"self":[{"href":"https:\/\/limunstudio.hr\/en\/wp-json\/wp\/v2\/pages\/1859","targetHints":{"allow":["GET"]}}],"collection":[{"href":"https:\/\/limunstudio.hr\/en\/wp-json\/wp\/v2\/pages"}],"about":[{"href":"https:\/\/limunstudio.hr\/en\/wp-json\/wp\/v2\/types\/page"}],"author":[{"embeddable":true,"href":"https:\/\/limunstudio.hr\/en\/wp-json\/wp\/v2\/users\/1"}],"replies":[{"embeddable":true,"href":"https:\/\/limunstudio.hr\/en\/wp-json\/wp\/v2\/comments?post=1859"}],"version-history":[{"count":9,"href":"https:\/\/limunstudio.hr\/en\/wp-json\/wp\/v2\/pages\/1859\/revisions"}],"predecessor-version":[{"id":14409,"href":"https:\/\/limunstudio.hr\/en\/wp-json\/wp\/v2\/pages\/1859\/revisions\/14409"}],"up":[{"embeddable":true,"href":"https:\/\/limunstudio.hr\/en\/wp-json\/wp\/v2\/pages\/1615"}],"wp:attachment":[{"href":"https:\/\/limunstudio.hr\/en\/wp-json\/wp\/v2\/media?parent=1859"}],"curies":[{"name":"wp","href":"https:\/\/api.w.org\/{rel}","templated":true}]}}