{"id":1851,"date":"2025-10-02T13:00:28","date_gmt":"2025-10-02T13:00:28","guid":{"rendered":"https:\/\/limunstudio.hr\/new\/?page_id=1851"},"modified":"2026-04-06T15:00:36","modified_gmt":"2026-04-06T15:00:36","slug":"clanstvo","status":"publish","type":"page","link":"https:\/\/limunstudio.hr\/en\/limun-studio\/clanstvo\/","title":{"rendered":"Membership"},"content":{"rendered":"\n<h2 class=\"wp-block-heading\"><a href=\"https:\/\/limunstudio.hr\/proizvod\/limun-klub-clanarina\/\">U\u010dlani se<\/a> u Limun Klub! U\u017eivaj u ekskluzivnim pogodnostima. <br>Godi\u0161nja \u010dlanarina iznosi 12,00 \u20ac i obnavlja se svake godine.<\/h2>\n\n\n\n<p>\u0160to \u010dlanstvo uklju\u010duje?<\/p>\n\n\n\n<ol start=\"1\" class=\"wp-block-list\">\n<li><strong>BESPLATNA DOSTAVA NA GLS I BOXNOW<\/strong> <strong>PAKETOMATE<\/strong><br>Ostvarite besplatnu dostavu tijekom cijele godine za sve narud\u017ebe iznad <strong>20,00\u20ac<\/strong>.<\/li>\n<\/ol>\n\n\n\n<ol start=\"2\" class=\"wp-block-list\">\n<li><strong>RO\u0110ENDANSKI KUPON<\/strong><br>Svake godine dobivate kupon od -10% za jednu kupnju u svom ro\u0111endanskom mjesecu za narud\u017ebu iznad <strong>20,00\u20ac<\/strong>.<\/li>\n\n\n\n<li><strong>EKSKLUZIVNI DANI LIMUN KLUBA<\/strong><br>Posebni dani za kupovinu kada samo \u010dlanovi mogu u\u017eivati u dodatnim pogodnostima i iznena\u0111enjima.<\/li>\n<\/ol>\n\n\n\n<p>&nbsp;<em>Limun Klub \u010dlanstvo je dostupno za sve narud\u017ebe poslane na podru\u010dju Republike Hrvatske<\/em>,<em> osim za posebna dostavna podru\u010dja za koja se primjenjuje fiksni iznos dostave prema uvjetima dostavne slu\u017ebe. Popis posebnih dostavnih podru\u010dja dostupan je [<a href=\"https:\/\/gls-group.eu\/HR\/media\/downloads\/Posebna_dostavna_podruja~1.pdf\">ovdje<\/a>].<\/em><\/p>\n\n\n\n<h3 class=\"wp-block-heading\">Pravila \u010dlanstava<\/h3>\n\n\n\n<ul class=\"wp-block-list\">\n<li>\u010clanstvo je neprenosivo i nije mogu\u0107e ugovoriti u poslovnicama, samo isklju\u010divo putem web shopa.<\/li>\n\n\n\n<li>\u010clanstvo se ugovara na razdoblje od godinu dana te ga nije mogu\u0107e prijevremeno otkazati niti ostvariti povrat upla\u0107ene \u010dlanarine.<\/li>\n\n\n\n<li>Besplatna dostava vrijedi isklju\u010divo za dostavu na GLS ili BOXNOW paketomate.<\/li>\n\n\n\n<li>Za ostvarenje ro\u0111endanskog kupona potrebno je biti u\u010dlanjen najmanje 7 dana prije ro\u0111endana. Kupon vrijedi jednokratno.<\/li>\n\n\n\n<li>Popusti, \u010dlanske cijene i kuponi ne zbrajaju se niti se mogu kombinirati s drugim akcijama.<\/li>\n\n\n\n<li>Ekskluzivni dani za \u010dlanove najavljuju se unaprijed <em>[<a href=\"https:\/\/limunstudio.hr\/moj-racun\/edit-account\/\">putem newslettera<\/a>]<\/em>, a ponude se aktiviraju na webshopu. Narud\u017ebe je mogu\u0107e preuzeti u poslovnicama ili naru\u010diti dostavnom slu\u017ebom.<\/li>\n<\/ul>\n\n\n\n<p><\/p>\n","protected":false},"excerpt":{"rendered":"<p>U\u010dlani se u Limun Klub! U\u017eivaj u ekskluzivnim pogodnostima. Godi\u0161nja \u010dlanarina iznosi 12,00 \u20ac i obnavlja se svake godine. \u0160to<\/p>","protected":false},"author":1,"featured_media":0,"parent":1615,"menu_order":0,"comment_status":"closed","ping_status":"closed","template":"","meta":{"_seopress_robots_primary_cat":"","_seopress_titles_title":"","_seopress_titles_desc":"","_seopress_robots_index":"","iawp_total_views":29,"footnotes":""},"class_list":["post-1851","page","type-page","status-publish","hentry"],"_links":{"self":[{"href":"https:\/\/limunstudio.hr\/en\/wp-json\/wp\/v2\/pages\/1851","targetHints":{"allow":["GET"]}}],"collection":[{"href":"https:\/\/limunstudio.hr\/en\/wp-json\/wp\/v2\/pages"}],"about":[{"href":"https:\/\/limunstudio.hr\/en\/wp-json\/wp\/v2\/types\/page"}],"author":[{"embeddable":true,"href":"https:\/\/limunstudio.hr\/en\/wp-json\/wp\/v2\/users\/1"}],"replies":[{"embeddable":true,"href":"https:\/\/limunstudio.hr\/en\/wp-json\/wp\/v2\/comments?post=1851"}],"version-history":[{"count":25,"href":"https:\/\/limunstudio.hr\/en\/wp-json\/wp\/v2\/pages\/1851\/revisions"}],"predecessor-version":[{"id":13435,"href":"https:\/\/limunstudio.hr\/en\/wp-json\/wp\/v2\/pages\/1851\/revisions\/13435"}],"up":[{"embeddable":true,"href":"https:\/\/limunstudio.hr\/en\/wp-json\/wp\/v2\/pages\/1615"}],"wp:attachment":[{"href":"https:\/\/limunstudio.hr\/en\/wp-json\/wp\/v2\/media?parent=1851"}],"curies":[{"name":"wp","href":"https:\/\/api.w.org\/{rel}","templated":true}]}}