{"id":1799,"date":"2025-10-02T11:11:06","date_gmt":"2025-10-02T11:11:06","guid":{"rendered":"https:\/\/limunstudio.hr\/new\/?page_id=1799"},"modified":"2026-04-26T11:40:59","modified_gmt":"2026-04-26T09:40:59","slug":"uvjeti-koristenja","status":"publish","type":"page","link":"https:\/\/limunstudio.hr\/en\/informacije\/uvjeti-koristenja\/","title":{"rendered":"Terms of use"},"content":{"rendered":"<p><strong>UVJETI KORI\u0160TENJA<\/strong><\/p>\r\n\r\n\r\n\r\n<p><strong>Op\u0107i uvjeti poslovanja<\/strong> \u2014 Limun studio web trgovina<\/p>\r\n\r\n\r\n\r\n<p>Informacije o trgova\u010dkom dru\u0161tvu<\/p>\r\n\r\n\r\n\r\n<p>Cvijet \u017eivota d.o.o.<br \/>Adresa sjedi\u0161ta: Ulica Mihovila Klai\u0107a 7<br \/>23000 Zadar, Republika Hrvatska<br \/>Dru\u0161tvo upisano u sudski registar: Trgova\u010dki sud u Zadru<br \/>MBS: 110113927<br \/>MB: 5545587<br \/>OIB: 41080233095<br \/>PDV (VAT ID): HR41080233095<br \/><br \/>Web trgovina dru\u0161tva: Limun studio, Ulica Mihovila Klai\u0107a 7, 23000 Zadar, Hrvatska<\/p>\r\n\r\n\r\n\r\n<h2 class=\"wp-block-heading\"><strong>Op\u0107e odredbe<\/strong><\/h2>\r\n\r\n\r\n\r\n<p>Cvijet \u017eivota d.o.o. kao davatelj usluga informacijskog dru\u0161tva, odnosno prodavatelj, ovim Op\u0107im uvjetima poslovanja (dalje u tekstu: Op\u0107i uvjeti) ure\u0111uje postupak naru\u010divanja, ugovaranja, isporuke, pla\u0107anja i reklamacije proizvoda iz prodajnog asortimana dru\u0161tva Cvijet \u017eivota d.o.o., a ponu\u0111enih u Internet trgovini Limun studio dostupnoj na internetskim stranicama\u00a0<a href=\"https:\/\/limunstudio.hr\/en\/\" target=\"_blank\" rel=\"noreferrer noopener\">www.limunstudio.hr<\/a> (dalje u tekstu: Limun studio).<br \/><br \/>Kupac je svaka fizi\u010dka ili pravna osoba koja, uz ili bez registracije na stranici Limun studio, naru\u010di proizvod iz ponude dru\u0161tva Cvijet \u017eivota d.o.o., a \u010dija narud\u017eba bude prihva\u0107ena od strane dru\u0161tva Cvijet \u017eivota d.o.o., na na\u010din utvr\u0111en ovim Op\u0107im uvjetima. Posjetitelj stranice je svaka osoba koja putem sredstava elektroni\u010dke komunikacije pristupi na stranicu Limun studio.<\/p>\r\n\r\n\r\n\r\n<p>Kori\u0161tenjem stranice Limun studio, Kupac i\/ili Posjetitelj prihva\u0107a(ju) ove Op\u0107e uvjete i njihovu primjenu, a svoju upoznatost s istima kao i Uvjetima dostave i izri\u010ditu suglasnost s njima dodatno potvr\u0111uju prilikom podno\u0161enjem narud\u017ebe za pojedini proizvod te potpisom odgovaraju\u0107e isprave o dostavi prilikom isporuke kupljenih proizvoda. Cvijet \u017eivota d.o.o. mo\u017ee u svako vrijeme izmijeniti i\/ili dopuniti Op\u0107e uvjete, te \u0107e tako promijenjene Op\u0107e uvjete objaviti na stranici Limun studio.<br \/><br \/>Registracijom Kupac\/Posjetitelj potvr\u0111uje dodatno prihvat ovih Op\u0107ih uvjeta, te mo\u017ee pregledavati ponudu, kreirati svoju listu \u017eelja ili odmah stavljati proizvode u ko\u0161aricu i naru\u010divati proizvode.<br \/>Registracija ili korisni\u010dki ra\u010dun kreiraju se samo za jednu osobu i nije dozvoljeno priop\u0107avati, stavljati na raspolaganje ili na bilo koji na\u010din u\u010diniti dostupnim podatke o registraciji ili korisni\u010dkom ra\u010dunu tre\u0107im osobama.<\/p>\r\n\r\n\r\n\r\n<p>Kupac i Posjetitelj je obvezan \u010duvati podatke za pristup korisni\u010dkom ra\u010dunu, te je isklju\u010divo sam odgovoran za sve nedozvoljene aktivnosti autorizirane i izvr\u0161ene korisni\u010dkim ra\u010dunom koji je kreirao. Uporaba tu\u0111ih osobnih podataka u svrhu izrade korisni\u010dkog ra\u010duna i registracije na stranicu Limun studio nije dozvoljena. Korisnik je upoznat sa \u010dinjenicom da ponekad dolazi do prekida usluga, ili do doga\u0111aja koji su izvan kontrole dru\u0161tva Cvijet \u017eivota d.o.o. te prihva\u0107a da Cvijet \u017eivota d.o.o. nije odgovorna za bilo kakav gubitak podataka do kojeg mo\u017ee do\u0107i za vrijeme prijenosa informacija na Internetu. Korisnik se sla\u017ee i prihva\u0107a da pristup internetskim stranicama ponekad mo\u017ee biti u prekidu, privremeno nedostupan ili isklju\u010den.<\/p>\r\n\r\n\r\n\r\n<p>Cvijet \u017eivota d.o.o. poduzima odgovaraju\u0107e sigurnosno tehni\u010dke mjere za za\u0161titu podataka web stranice Limun studio i podataka o korisni\u010dkim ra\u010dunima registriranih korisnika.<\/p>\r\n\r\n\r\n\r\n<p>Ovi Op\u0107i uvjeti \u010dine sastavni dio pojedina\u010dnog ugovora o kupnji proizvoda koji se nalaze u ponudi trgovine Limun studio, te isti istodobno predstavljaju i obavijest iz \u010dlanka 60. Zakona o za\u0161titi potro\u0161a\u010da, obavijest iz \u010dlanka 12. Zakona o elektroni\u010dkoj trgovini kada je s obzirom na na\u010din podno\u0161enja narud\u017ebe primjenjivo, te obavijest iz \u010dlanka 13. Uredbe (EU) 2016\/679 EU parlamenta i Vije\u0107a (Op\u0107a uredba o za\u0161titi podataka), (dalje u tekstu: Uredba). Za tuma\u010denje, primjenu i pravne u\u010dinke ovih Op\u0107ih uvjeta mjerodavno je hrvatsko pravo, kao i za sve zahtjeve i sporove koji nastanu kao rezultat kori\u0161tenja stranica Limun studio ili u svezi s njima.<\/p>\r\n\r\n\r\n\r\n<p>U slu\u010daju spora izme\u0111u dru\u0161tva Cvijet \u017eivota d.o.o. i Kupca\/Posjetitelja isklju\u010divo su nadle\u017eni hrvatski sudovi, te se utvr\u0111uje mjesna nadle\u017enost suda u Zadru.<\/p>\r\n\r\n\r\n\r\n<h3 class=\"wp-block-heading\"><strong>Sklapanje ugovora o kupnji<\/strong><\/h3>\r\n\r\n\r\n\r\n<p>Ugovor o kupnji proizvoda izme\u0111u Kupca i dru\u0161tva Cvijet \u017eivota d.o.o. sklopljen je u trenutku kada dru\u0161tvo Cvijet \u017eivota d.o.o. prihvati narud\u017ebu Kupca i dostavi Kupcu potvrdu o prihvatu narud\u017ebe elektroni\u010dkom po\u0161tom na adresu elektroni\u010dke po\u0161te koju je Kupac nazna\u010dio prilikom postupka podno\u0161enja narud\u017ebe.<br \/><br \/>Posjetitelji i Kupci su upoznati te prihva\u0107aju da dru\u0161tvo Cvijet \u017eivota d.o.o. nema obvezu prihvatiti narud\u017ebu ako ista na bilo koji na\u010din ne odgovara uvjetima utvr\u0111enim ovim Op\u0107im uvjetima te bilo kojim drugim uvjetima naru\u010divanja, odnosno kupnje objavljenih na stranici Limun studio.<br \/><br \/>U trenutku naru\u010divanja pojedinog proizvoda, Kupac i Posjetitelj je putem ovih Op\u0107ih uvjeta i pristajanjem na njih, u primjerenom roku prije kupovine na daljinu obavije\u0161ten o:<br \/>tvrtki ili nazivu, mati\u010dnom broju, osobnom identifikacijskom broju, sjedi\u0161tu, telefonskom broju i adresi elektroni\u010dke po\u0161te dru\u0161tva Cvijet \u017eivota d.o.o., proizvodu koji se nudi te njegovu nazivu, glavnim obilje\u017ejima proizvoda, maloprodajnoj cijeni proizvoda, uklju\u010duju\u0107i sva porezna i druga davanja, te na\u010dinu izra\u010duna cijene proizvoda, tro\u0161kovima prijevoza i isporuke proizvoda, tro\u0161kovima uporabe sredstava daljinske komunikacije u svrhu sklapanja ugovora, na\u010dinu i uvjetima pla\u0107anja te na\u010dinu, uvjetima i vremenu isporuke proizvoda, na\u010dinu rje\u0161avanja potro\u0161a\u010dkih pritu\u017ebi od strane dru\u0161tva Cvijet \u017eivota d.o.o., uvjetima, rokovima i postupku izvr\u0161avanja prava na jednostrani raskid ugovora, o obrascu za jednostrani raskid ugovora u slu\u010dajevima kojima postoji pravo na raskid situacijama u kojima je isklju\u010deno pravo potro\u0161a\u010da na raskid ugovora, postojanju odgovornosti za materijalne nedostatke proizvoda, jamstvima koja se daju uz proizvod ili uslugu, razdoblju u kojem ponuda ili cijena vrijede, trajanju ugovora te uvjetima otkaza i raskida ugovora, postojanju odgovaraju\u0107ih pravila postupanja trgovca mehanizmima izvansudskog rje\u0161avanja sporova, odnosno o sustavima za obe\u0161te\u0107enje, te na\u010dinu kako ih Kupac mo\u017ee koristiti.<\/p>\r\n\r\n\r\n\r\n<p>U trenutku naru\u010divanja pojedinog proizvoda, Kupac i Posjetitelj su putem ovih Op\u0107ih uvjeta nadalje obavije\u0161teni i o svrhama i osnovi obrade osobnih podataka, rokovima pohrane, te svim drugim informacijama iz \u010dlanka 13. Uredbe.<br \/><br \/>Ugovor koji Kupac sklapa s dru\u0161tvom Cvijet \u017eivota d.o.o. za kupnju je jednokratan ugovor o kupnji proizvoda koji je realiziran isporukom proizvoda od strane dru\u0161tva Cvijet \u017eivota d.o.o. i izvr\u0161enim pla\u0107anjem od strane Kupca sukladno ovim Op\u0107im uvjetima, pod uvjetom da ugovor prethodno ne bude raskinut.<\/p>\r\n\r\n\r\n\r\n<p><strong>Narud\u017eba<\/strong><\/p>\r\n\r\n\r\n\r\n<p>Kupac koji je fizi\u010dka osoba mo\u017ee biti samo punoljetna i poslovno sposobna osoba. Ugovor u ime i za ra\u010dun maloljetnika ili potpuno poslovno nesposobne osobe mogu zaklju\u010diti njihovi zakonski zastupnici, a djelomi\u010dno poslovno sposobne osobe ugovor mogu zaklju\u010diti samo uz suglasnost njihovog zakonskog zastupnika. <br \/><br \/>Dru\u0161tvo Cvijet \u017eivota d.o.o. ne snosi nikakvu odgovornost za bilo kakvu \u0161tetu nastalu uslijed okolnosti da je ugovor o kupoprodaji na daljinu zaklju\u010dila maloljetna osoba ili osoba kojoj je poslovna sposobnost ograni\u010dena, a bez odobrenja njihovog zakonskog zastupnika odnosno skrbnika.<br \/><br \/>Narud\u017eba se putem internetskih stranica i elektroni\u010dke po\u0161te trgovine Limun studio mo\u017ee podnijeti sedam dana u tjednu, 24 sata na dan.<br \/><br \/>Narud\u017eba se mo\u017ee podnijeti putem internetskih stranica trgovine Limun studio na na\u010din da Kupac ili Posjetitelj potvrdi opciju \u201ezavr\u0161i narud\u017ebu\u201c na internetskim stranicama Limun studio.<br \/><br \/>Nakon podnesene narud\u017ebe, dru\u0161tvo Cvijet \u017eivota d.o.o. \u0107e posebnom elektroni\u010dkom porukom na adresu nazna\u010denu prilikom podno\u0161enja narud\u017ebe obavijestiti Kupca ili Posjetitelja o zaprimanju njegove narud\u017ebe. Kada je naru\u010deni proizvod pripremljen za isporuku, Kupac \u0107e putem elektroni\u010dke po\u0161te na istu adresu dobiti potvrdu o prihvatu narud\u017ebe. U tom trenutku Kupac \u0107e zaprimiti i informaciju o planiranom roku isporuke (uru\u010denja) proizvoda.<\/p>\r\n\r\n\r\n\r\n<p>Dru\u0161tvo Cvijet \u017eivota d.o.o. zadr\u017eava pravo otkaza narud\u017ebe ukoliko proizvod\/i nisu dostupni ili je navedena pogre\u0161na krajnja cijena proizvoda na ra\u010dunu.<\/p>\r\n\r\n\r\n\r\n<h3 class=\"wp-block-heading\"><strong>Obavijest o proizvodu i usluzi<\/strong><\/h3>\r\n\r\n\r\n\r\n<p><strong>Cijena<\/strong><\/p>\r\n\r\n\r\n\r\n<p>Dru\u0161tvo Cvijet \u017eivota d.o.o. se obvezuje putem trgovine Limun studio davati Posjetiteljima i Kupcima jednozna\u010dne, jasne, lako razumljive informacije o proizvodima koji se mogu naru\u010diti.<br \/><br \/>Informacija o raspolo\u017eivosti proizvoda koja je navedena prilikom pregleda proizvoda slu\u017ei samo u informativne svrhe te je mogu\u0107e da uslijed ve\u0107eg broja narud\u017ebi ne odgovara stvarnom stanju, slijedom \u010dega dru\u0161tvo Cvijet \u017eivota d.o.o. isklju\u010duje svoju odgovornost za to\u010dnost informacije o raspolo\u017eivosti proizvoda. <br \/><br \/>Dru\u0161tvo Cvijet \u017eivota d.o.o. nastojat \u0107e da informacije o raspolo\u017eivosti pojedinih proizvoda budu \u0161to a\u017eurnije. Ukoliko dru\u0161tvo Cvijet \u017eivota d.o.o. nije u mogu\u0107nosti isporu\u010diti neki od naru\u010denih proizvoda, kontaktirat \u0107e Kupca\/Posjetitelja putem elektroni\u010dke po\u0161te, te ga obavijestiti o navedenom. Kupac u tom slu\u010daju ima mogu\u0107nost zatra\u017eiti zamjenski proizvod. <br \/><br \/>Ako se Kupac\/Posjetitelj ne odlu\u010di na zamjenski proizvod, inicijalna narud\u017eba smatrat \u0107e se otkazanom, o \u010demu \u0107e Kupac\/Posjetitelj dobiti obavijest putem elektroni\u010dke po\u0161te. U slu\u010daju otkazivanja narud\u017ebe zbog nedostupnosti naru\u010denog proizvoda, dru\u0161tvo Cvijet \u017eivota d.o.o. \u0107e vratiti kupcu cjelokupni iznos koji je uplatio za naru\u010deni proizvod.<\/p>\r\n\r\n\r\n\r\n<p>Cijene proizvoda u trgovini Limun studio istaknute su za svaki pojedini proizvod, izra\u017eene su u eurima (EUR), uklju\u010duju PDV, te vrijede za sve na\u010dine pla\u0107anja u trenutku podno\u0161enja narud\u017ebe. <br \/><br \/>Od dana 1.1.2023g., a u skladu s \u010dl. 43.st.1. Zakona o uvo\u0111enju eura kao slu\u017ebene valute u Republici Hrvatskoj (Narodne novine broj 57\/22, 88\/22) u trgovini Limun studio cijene za svaki pojedini proizvod iskazuju se u eurima. Dru\u0161tvo Cvijet \u017eivota d.o.o. pridr\u017eava pravo na jednostran raskid ugovora o kupoprodaji na daljinu u slu\u010daju oma\u0161kom istaknute pogre\u0161ne cijene na pojedinom proizvodu.<br \/><br \/>Dru\u0161tvo Cvijet \u017eivota d.o.o. zadr\u017eava pravo u svakom trenutku, bez prethodne najave, izmijeniti cijenu za pojedini proizvod u internetskoj trgovini Limun studio. Takva izmjena cijene nema u\u010dinak na narud\u017ebe koje su u trenutku izmjene cijene pla\u0107ene, ali nisu otpremljene niti isporu\u010dene Kupcu\/Posjetitelju.<\/p>\r\n\r\n\r\n\r\n<p><strong>Posebni oblici prodaje<\/strong><\/p>\r\n\r\n\r\n\r\n<p>Dru\u0161tvo Cvijet \u017eivota d.o.o. ima pravo periodi\u010dno, po svojoj odluci, stavljati odre\u0111ene proizvode na akcijsku prodaju, rasprodaju, sezonska sni\u017eenja i druge posebne oblike prodaje. Takvi proizvodi \u0107e biti dostupni pod istim uvjetima svim Kupcima\/Posjetiteljima, ili Kupcima\/Posjetiteljima koji ispune odre\u0111eni uvjet, uz to\u010dno navo\u0111enje svih uvjeta i rokova trajanja takvih posebnih oblika prodaje.<br \/><br \/>Nakon proteka roka posebnog oblika prodaje, dru\u0161tvo Cvijet \u017eivota d.o.o. ne\u0107e primati nove narud\u017ebe po uvjetima koji se odnose na takvu prodaju kojoj je istekao rok.<\/p>\r\n\r\n\r\n\r\n<p>&nbsp;<\/p>","protected":false},"excerpt":{"rendered":"<p>UVJETI KORI\u0160TENJA Op\u0107i uvjeti poslovanja \u2014 Limun studio web trgovina Informacije o trgova\u010dkom dru\u0161tvu Cvijet \u017eivota d.o.o.Adresa sjedi\u0161ta: Ulica Mihovila<\/p>","protected":false},"author":1,"featured_media":0,"parent":1797,"menu_order":0,"comment_status":"closed","ping_status":"closed","template":"","meta":{"_seopress_robots_primary_cat":"","_seopress_titles_title":"","_seopress_titles_desc":"","_seopress_robots_index":"","iawp_total_views":6,"footnotes":""},"class_list":["post-1799","page","type-page","status-publish","hentry"],"_links":{"self":[{"href":"https:\/\/limunstudio.hr\/en\/wp-json\/wp\/v2\/pages\/1799","targetHints":{"allow":["GET"]}}],"collection":[{"href":"https:\/\/limunstudio.hr\/en\/wp-json\/wp\/v2\/pages"}],"about":[{"href":"https:\/\/limunstudio.hr\/en\/wp-json\/wp\/v2\/types\/page"}],"author":[{"embeddable":true,"href":"https:\/\/limunstudio.hr\/en\/wp-json\/wp\/v2\/users\/1"}],"replies":[{"embeddable":true,"href":"https:\/\/limunstudio.hr\/en\/wp-json\/wp\/v2\/comments?post=1799"}],"version-history":[{"count":14,"href":"https:\/\/limunstudio.hr\/en\/wp-json\/wp\/v2\/pages\/1799\/revisions"}],"predecessor-version":[{"id":14375,"href":"https:\/\/limunstudio.hr\/en\/wp-json\/wp\/v2\/pages\/1799\/revisions\/14375"}],"up":[{"embeddable":true,"href":"https:\/\/limunstudio.hr\/en\/wp-json\/wp\/v2\/pages\/1797"}],"wp:attachment":[{"href":"https:\/\/limunstudio.hr\/en\/wp-json\/wp\/v2\/media?parent=1799"}],"curies":[{"name":"wp","href":"https:\/\/api.w.org\/{rel}","templated":true}]}}