{"id":1773,"date":"2025-10-02T10:38:58","date_gmt":"2025-10-02T10:38:58","guid":{"rendered":"https:\/\/limunstudio.hr\/new\/?page_id=1773"},"modified":"2026-04-29T20:33:06","modified_gmt":"2026-04-29T18:33:06","slug":"suradnja","status":"publish","type":"page","link":"https:\/\/limunstudio.hr\/en\/limun-studio\/suradnja\/","title":{"rendered":"Cooperation"},"content":{"rendered":"\r\n<h2 class=\"wp-block-heading\">Nove artikle uvr\u0161tavamo kontinuirano kroz godinu i uvijek smo u potrazi za zanimljivim stvarima koje bi smo mogli dodati u na\u0161 asortiman i stvaranju pri\u010da koje vrijedi dijeliti.<\/h2>\r\n\r\n\r\n\r\n<p>Na\u0161a vrata su uvijek otvorena novim idejama, partnerstvima i kreativnim ljudima \u2014 od zajedni\u010dkog rada s dizajnerima i umjetnicima do drugih vanjskih suradnika. Ako si kreativac, dizajner, obrtnik ili sanjar sjajnih ideja koji \u017eeli platformu za predstavljanje svog rada, ili ima\u0161 proizvod koji se uklapa u na\u0161u estetiku i vrijednosti, voljeli bismo te upoznati. Javi nam se i podijeli svoju pri\u010du s nama. Mo\u017eda zajedno stvorimo ne\u0161to lijepo.<\/p>\r\n\r\n\r\n\r\n<p>Svoj portfolio ili prijedlog mo\u017ee\u0161 poslati putem maila na\u00a0<strong><a href=\"mailto:prodaja@studiolimun.hr\">prodaja@limun.studio<\/a><\/strong>\u00a0ili u nastavku putem<strong> <a href=\"#obrazac\">obrasca<\/a>.<\/strong><\/p>\r\n\r\n\r\n\r\n<p>&nbsp;<\/p>\r\n\r\n\r\n\r\n<h3 class=\"wp-block-heading\">Kako poslati putem maila?<\/h3>\r\n\r\n\r\n\r\n<p>Predmet: Moj proizvod \u2013 ime brenda\/proizvoda<\/p>\r\n\r\n\r\n\r\n<ul class=\"wp-block-list\">\r\n<li>Portfolio \/ katalog (PDF ili link) ili fotografije visoke rezolucije<\/li>\r\n\r\n\r\n\r\n<li>Opis proizvoda (materijali, dimenzije, boje\/varijante, tehnika izrade, upute za odr\u017eavanje)<\/li>\r\n\r\n\r\n\r\n<li>Cjenik s VPC i MPC (navedi uklju\u010duje li cijena PDV)<\/li>\r\n\r\n\r\n\r\n<li>Rok izrade\/dopune, maksimalni mjese\u010dni kapacitet<\/li>\r\n\r\n\r\n\r\n<li>Pakiranje (jeli postoji, vrsta kutije, ima li poklon pakiranje)<\/li>\r\n\r\n\r\n\r\n<li>Certifikati\/uskla\u0111enost (po potrebi)<\/li>\r\n\r\n\r\n\r\n<li>Dostupnost ekskluzive<\/li>\r\n\r\n\r\n\r\n<li>Kontakti (ime, e-mail, telefon), po \u017eelji link na Instagram\/stranicu<\/li>\r\n<\/ul>\r\n\r\n\r\n\r\n<h3 class=\"wp-block-heading\">Po\u0161alji svoj porftolio putem obrasca<\/h3>\r\n\r\n\r\n<div class='fluentform ff-default fluentform_wrapper_4 ffs_custom_wrap'><form data-form_id=\"4\" id=\"fluentform_4\" class=\"frm-fluent-form fluent_form_4 ff-el-form-top ff_form_instance_4_1 ff-form-loading ffs_custom\" data-form_instance=\"ff_form_instance_4_1\" method=\"POST\" ><fieldset  style=\"border: none!important;margin: 0!important;padding: 0!important;background-color: transparent!important;box-shadow: none!important;outline: none!important; min-inline-size: 100%;\">\n                    <legend class=\"ff_screen_reader_title\" style=\"display: block; margin: 0!important;padding: 0!important;height: 0!important;text-indent: -999999px;width: 0!important;overflow:hidden;\">Suradnja<\/legend><input type='hidden' name='__fluent_form_embded_post_id' value='1773' \/><input type=\"hidden\" id=\"_fluentform_4_fluentformnonce\" name=\"_fluentform_4_fluentformnonce\" value=\"6b9b8e9d0b\" \/><input type=\"hidden\" name=\"_wp_http_referer\" value=\"\/en\/wp-json\/wp\/v2\/pages\/1773\" \/><div class='ff-el-group  ff-custom_html' tabindex='-1' data-name=\"custom_html-4_1\" ><h5>Kontakt podaci<\/h5><\/div><div data-name=\"ff_cn_id_1\"  class='ff-t-container ff-column-container ff_columns_total_2 '><div class='ff-t-cell ff-t-column-1' style='flex-basis: 50%;'><div data-type=\"name-element\" data-name=\"names\" class=\" ff-field_container ff-name-field-wrapper\" ><div class='ff-t-container'><div class='ff-t-cell '><div class='ff-el-group'><div class=\"ff-el-input--label ff-el-is-required asterisk-right\"><label for='ff_4_names_first_name_' id='label_ff_4_names_first_name_' >Va\u0161e ime<\/label><\/div><div class='ff-el-input--content'><input type=\"text\" name=\"names[first_name]\" id=\"ff_4_names_first_name_\" class=\"ff-el-form-control\" aria-invalid=\"false\" aria-required=true><\/div><\/div><\/div><\/div><\/div><div class='ff-el-group'><div class=\"ff-el-input--label asterisk-right\"><label for='ff_4_input_text' id='label_ff_4_input_text' aria-label=\"Web link (nije obavezno)\">Web link (nije obavezno)<\/label><\/div><div class='ff-el-input--content'><input type=\"text\" name=\"input_text\" class=\"ff-el-form-control\" data-name=\"input_text\" id=\"ff_4_input_text\"  aria-invalid=\"false\" aria-required=false><\/div><\/div><\/div><div class='ff-t-cell ff-t-column-2' style='flex-basis: 50%;'><div class='ff-el-group'><div class=\"ff-el-input--label ff-el-is-required asterisk-right\"><label for='ff_4_email' id='label_ff_4_email' aria-label=\"E-mail adresa\">E-mail adresa<\/label><\/div><div class='ff-el-input--content'><input type=\"email\" name=\"email\" id=\"ff_4_email\" class=\"ff-el-form-control\" data-name=\"email\"  aria-invalid=\"false\" aria-required=true><\/div><\/div><div class='ff-el-group'><div class=\"ff-el-input--label asterisk-right\"><label for='ff_4_phone' id='label_ff_4_phone' aria-label=\"Telefon (nije obavezno)\">Telefon (nije obavezno)<\/label><\/div><div class='ff-el-input--content'><input name=\"phone\" class=\"ff-el-form-control ff-el-phone\" type=\"tel\" data-name=\"phone\" id=\"ff_4_phone\" inputmode=\"tel\"  aria-invalid='false' aria-required=false><\/div><\/div><\/div><\/div><div class='ff-el-group  ff-custom_html' tabindex='-1' data-name=\"custom_html-4_2\" ><p><strong>Ispri\u010daj nam svoju pri\u010du<\/strong><\/p><\/div><div class='ff-el-group'><div class=\"ff-el-input--label ff-el-is-required asterisk-right\"><label for='ff_4_input_text_1' id='label_ff_4_input_text_1' aria-label=\"Naziv proizvoda\">Naziv proizvoda<\/label><\/div><div class='ff-el-input--content'><input type=\"text\" name=\"input_text_1\" class=\"ff-el-form-control\" data-name=\"input_text_1\" id=\"ff_4_input_text_1\"  aria-invalid=\"false\" aria-required=true><\/div><\/div><div class='ff-el-group'><div class=\"ff-el-input--label ff-el-is-required asterisk-right\"><label for='ff_4_description' id='label_ff_4_description' aria-label=\"Opis proizvoda\">Opis proizvoda<\/label><\/div><div class='ff-el-input--content'><textarea aria-required=\"true\" aria-labelledby=\"label_ff_4_description\" name=\"description\" id=\"ff_4_description\" class=\"ff-el-form-control\" rows=\"6\" cols=\"2\" data-name=\"description\" ><\/textarea><\/div><\/div><div data-name=\"ff_cn_id_2\"  class='ff-t-container ff-column-container ff_columns_total_2 '><div class='ff-t-cell ff-t-column-1' style='flex-basis: 50%;'><div class='ff-el-group'><div class=\"ff-el-input--label asterisk-right\"><label for='ff_4_input_text_2' id='label_ff_4_input_text_2' aria-label=\"Veleprodajna cijena (nije obavezno)\">Veleprodajna cijena (nije obavezno)<\/label><\/div><div class='ff-el-input--content'><input type=\"text\" name=\"input_text_2\" class=\"ff-el-form-control\" data-name=\"input_text_2\" id=\"ff_4_input_text_2\"  aria-invalid=\"false\" aria-required=false><\/div><\/div><\/div><div class='ff-t-cell ff-t-column-2' style='flex-basis: 50%;'><div class='ff-el-group'><div class=\"ff-el-input--label asterisk-right\"><label for='ff_4_input_text_3' id='label_ff_4_input_text_3' aria-label=\"Preporu\u010dena maloprodajna cijena (nije obavezno)\">Preporu\u010dena maloprodajna cijena (nije obavezno)<\/label><\/div><div class='ff-el-input--content'><input type=\"text\" name=\"input_text_3\" class=\"ff-el-form-control\" data-name=\"input_text_3\" id=\"ff_4_input_text_3\"  aria-invalid=\"false\" aria-required=false><\/div><\/div><\/div><\/div><div class='ff-el-group  ff-custom_html' tabindex='-1' data-name=\"custom_html-4_3\" ><p><strong>Slanje fotografije<\/strong><\/p><\/div><div class='ff-el-group  ff-dropzone'><div class=\"ff-el-input--label ff-el-is-required asterisk-right\"><label for='ff_4_image-upload_1' id='label_ff_4_image-upload_1' aria-label=\"Fotografije proizvoda\">Fotografije proizvoda<\/label><\/div><div class='ff-el-input--content'><label for='ff_4_image-upload_1' class='ff_file_upload_holder'><span class='ff_upload_btn ff-btn' tabindex='0'>Odaberite fotografije<\/span> <input type=\"file\" name=\"image-upload\" id=\"ff_4_image-upload_1\" class=\"ff-el-form-control  ff-screen-reader-element\" accept=\"image\/*\" data-name=\"image-upload\" multiple=\"1\"  aria-invalid='false' aria-required=true><\/label><\/div><\/div><div class='ff-el-group    ff-el-input--content'><div class='ff-el-form-check ff-el-tc'><label aria-label='Izjavljujem da imam sva zakonska prava na ove proizvode i nazive, uklju\u010duju\u0107i i njihovo intelektualno vlasni\u0161tvo' class='ff-el-form-check-label ff_tc_label' for=terms-n-condition_a09a4b24996d239ad3038085b8980493><span class='ff_tc_checkbox'><input type=\"checkbox\" name=\"terms-n-condition\" class=\"ff-el-form-check-input\" data-name=\"terms-n-condition\" id=\"terms-n-condition_a09a4b24996d239ad3038085b8980493\"  value='on' aria-invalid='false' aria-required=true><\/span> <div class='ff_t_c'><p>Izjavljujem da imam sva zakonska prava na ove proizvode i nazive, uklju\u010duju\u0107i i njihovo intelektualno vlasni\u0161tvo<\/p><\/div><\/label><\/div><\/div><div class='ff-el-group    ff-el-input--content'><div class='ff-el-form-check ff-el-tc'><label aria-label='Terms and Conditions: Pro\u010ditao\/la sam Uvjete i odredbe dobavlja\u010da Limun studio, potvr\u0111ujem da \u0107e se njihovi uvjeti primjenjivati ako \u017eelim prodavati svoj proizvod u Limun studio. Contains 1 link. Use tab navigation to review.' class='ff-el-form-check-label ff_tc_label' for=terms-n-condition_1_1066460fac7c2e2a7a7e6a097bb0c81d><span class='ff_tc_checkbox'><input type=\"checkbox\" name=\"terms-n-condition_1\" class=\"ff-el-form-check-input\" data-name=\"terms-n-condition_1\" id=\"terms-n-condition_1_1066460fac7c2e2a7a7e6a097bb0c81d\"  value='on' aria-invalid='false' aria-required=true><\/span> <div class='ff_t_c'><p>Pro\u010ditao\/la sam <a href=\"\/informacije\/uvjeti-koristenja\/\">Uvjete i odredbe<\/a> dobavlja\u010da Limun studio, potvr\u0111ujem da \u0107e se njihovi uvjeti primjenjivati ako \u017eelim prodavati svoj proizvod u Limun studio.<\/p><\/div><\/label><\/div><\/div><div class='ff-el-group ff-text-left ff_submit_btn_wrapper'><button type=\"submit\" class=\"ff-btn ff-btn-submit ff-btn-lg ff_btn_style wpf_has_custom_css\"  aria-label=\"Podnesi\">Podnesi<\/button><\/div>\t\t<div id=\"cf-turnstile-fluent-2976860032\"\r\n\t\tclass=\"cf-turnstile\" \t\tdata-sitekey=\"0x4AAAAAABmKIgYtB2MkykTw\"\r\n\t\tdata-theme=\"light\"\r\n\t\tdata-language=\"auto\"\r\n\t\tdata-size=\"normal\"\r\n\t\tdata-retry=\"auto\" data-retry-interval=\"1000\"\r\n\t\tdata-refresh-expired=\"auto\"\r\n\t\tdata-refresh-timeout=\"auto\"\r\n\t\tdata-action=\"fluent-form-4\"\r\n\t\tdata-callback=\"turnstileFluentCallback\"\r\n\t\t\t\tdata-appearance=\"always\"><\/div>\r\n\t\t\t<script>document.addEventListener(\"DOMContentLoaded\", function() { setTimeout(function(){ var e=document.getElementById(\"cf-turnstile-fluent-2976860032\"); if(e&&!e.innerHTML.trim()){turnstile.render(e, {sitekey:\"0x4AAAAAABmKIgYtB2MkykTw\"});} }, 200); });<\/script>\r\n\t\t\t<br class=\"cf-turnstile-br cf-turnstile-br-fluent-2976860032\">\r\n\t\t\t\t<style>#cf-turnstile-fluent-2976860032 { margin-left: -15px; }<\/style>\r\n\t\t<\/fieldset><\/form><div id='fluentform_4_errors' class='ff-errors-in-stack ff_form_instance_4_1 ff-form-loading_errors ff_form_instance_4_1_errors'><\/div><\/div>            <script type=\"text\/javascript\">\n                window.fluent_form_ff_form_instance_4_1 = {\"id\":\"4\",\"ajaxUrl\":\"https:\\\/\\\/limunstudio.hr\\\/wp-admin\\\/admin-ajax.php\",\"settings\":{\"layout\":{\"labelPlacement\":\"top\",\"asteriskPlacement\":\"asterisk-right\",\"helpMessagePlacement\":\"with_label\",\"errorMessagePlacement\":\"inline\",\"cssClassName\":\"\"},\"restrictions\":{\"denyEmptySubmission\":{\"enabled\":false}}},\"form_instance\":\"ff_form_instance_4_1\",\"form_id_selector\":\"fluentform_4\",\"rules\":{\"names[first_name]\":{\"required\":{\"value\":true,\"message\":\"This field is required\",\"global\":true,\"global_message\":\"This field is required\"}},\"names[middle_name]\":{\"required\":{\"value\":false,\"message\":\"This field is required\",\"global\":true,\"global_message\":\"This field is required\"}},\"names[last_name]\":{\"required\":{\"value\":false,\"message\":\"This field is required\",\"global\":true,\"global_message\":\"This field is required\"}},\"input_text\":{\"required\":{\"value\":false,\"message\":\"This field is required\",\"global_message\":\"This field is required\",\"global\":true}},\"email\":{\"required\":{\"value\":true,\"message\":\"This field is required\",\"global\":true,\"global_message\":\"This field is required\"},\"email\":{\"value\":true,\"message\":\"This field must contain a valid email\",\"global\":true,\"global_message\":\"This field must contain a valid email\"}},\"phone\":{\"required\":{\"value\":false,\"global\":true,\"message\":\"This field is required\",\"global_message\":\"This field is required\"},\"valid_phone_number\":{\"value\":false,\"global\":true,\"message\":\"Phone number is not valid\",\"global_message\":\"Phone number is not valid\"}},\"input_text_1\":{\"required\":{\"value\":true,\"message\":\"This field is required\",\"global_message\":\"This field is required\",\"global\":true}},\"description\":{\"required\":{\"value\":true,\"message\":\"This field is required\",\"global_message\":\"This field is required\",\"global\":true}},\"input_text_2\":{\"required\":{\"value\":false,\"message\":\"This field is required\",\"global_message\":\"This field is required\",\"global\":true}},\"input_text_3\":{\"required\":{\"value\":false,\"message\":\"This field is required\",\"global_message\":\"This field is required\",\"global\":true}},\"image-upload\":{\"required\":{\"value\":true,\"message\":\"This field is required\",\"global_message\":\"This field is required\",\"global\":true},\"max_file_size\":{\"value\":157286400,\"_valueFrom\":\"MB\",\"message\":\"Validation fails for maximum file size\",\"global_message\":\"Validation fails for maximum file size\",\"global\":true},\"max_file_count\":{\"value\":\"8\",\"message\":\"Validation fails for maximum file count\",\"global_message\":\"Validation fails for maximum file count\",\"global\":true},\"allowed_image_types\":{\"value\":[],\"message\":\"Allowed image types does not match\",\"global_message\":\"Allowed image types does not match\",\"global\":true}},\"terms-n-condition\":{\"required\":{\"value\":true,\"message\":\"This field is required\",\"global_message\":\"This field is required\",\"global\":true}},\"terms-n-condition_1\":{\"required\":{\"value\":true,\"message\":\"This field is required\",\"global_message\":\"This field is required\",\"global\":true}}},\"debounce_time\":300};\n                            <\/script>\n            \n\r\n\r\n\r\n<h3 class=\"wp-block-heading\">Limun studio po\u0161tuje Va\u0161e intelektualno vlasni\u0161tvo.<\/h3>\r\n\r\n\r\n\r\n<p>Svaki proizvod koji dobijemo pa\u017eljivo pregledavamo jer \u017eelimo zadr\u017eati visoke standarde kvalitete i orginalnosti na\u0161eg asortimana. Mo\u017eda ne stignemo odgovoriti na svaku prijavu, ali ako prepoznamo da bi se va\u0161 proizvod uklapa u na\u0161 koncept i viziju, kontaktirat \u0107emo vas za daljnje korake. Redovito dodajemo nove artikle u na\u0161u ponudu i ne mo\u017eemo obe\u0107ati da \u0107e va\u0161 proizvod biti istaknut, ali ako ga imamo u ponudi bit \u0107e dostupan na na\u0161oj web adresi. Ne\u017eeljene uzorke ne vra\u0107amo bez prethodnog dogovora.<\/p>\r\n","protected":false},"excerpt":{"rendered":"<p>Nove artikle uvr\u0161tavamo kontinuirano kroz godinu i uvijek smo u potrazi za zanimljivim stvarima koje bi smo mogli dodati u<\/p>","protected":false},"author":1,"featured_media":0,"parent":1615,"menu_order":0,"comment_status":"closed","ping_status":"closed","template":"","meta":{"_seopress_robots_primary_cat":"","_seopress_titles_title":"","_seopress_titles_desc":"","_seopress_robots_index":"","iawp_total_views":35,"footnotes":""},"class_list":["post-1773","page","type-page","status-publish","hentry"],"_links":{"self":[{"href":"https:\/\/limunstudio.hr\/en\/wp-json\/wp\/v2\/pages\/1773","targetHints":{"allow":["GET"]}}],"collection":[{"href":"https:\/\/limunstudio.hr\/en\/wp-json\/wp\/v2\/pages"}],"about":[{"href":"https:\/\/limunstudio.hr\/en\/wp-json\/wp\/v2\/types\/page"}],"author":[{"embeddable":true,"href":"https:\/\/limunstudio.hr\/en\/wp-json\/wp\/v2\/users\/1"}],"replies":[{"embeddable":true,"href":"https:\/\/limunstudio.hr\/en\/wp-json\/wp\/v2\/comments?post=1773"}],"version-history":[{"count":17,"href":"https:\/\/limunstudio.hr\/en\/wp-json\/wp\/v2\/pages\/1773\/revisions"}],"predecessor-version":[{"id":14408,"href":"https:\/\/limunstudio.hr\/en\/wp-json\/wp\/v2\/pages\/1773\/revisions\/14408"}],"up":[{"embeddable":true,"href":"https:\/\/limunstudio.hr\/en\/wp-json\/wp\/v2\/pages\/1615"}],"wp:attachment":[{"href":"https:\/\/limunstudio.hr\/en\/wp-json\/wp\/v2\/media?parent=1773"}],"curies":[{"name":"wp","href":"https:\/\/api.w.org\/{rel}","templated":true}]}}