{"id":1615,"date":"2025-10-01T11:20:03","date_gmt":"2025-10-01T11:20:03","guid":{"rendered":"https:\/\/limunstudio.hr\/new\/?page_id=1615"},"modified":"2026-04-12T08:18:52","modified_gmt":"2026-04-12T08:18:52","slug":"limun-studio","status":"publish","type":"page","link":"https:\/\/limunstudio.hr\/en\/limun-studio\/","title":{"rendered":"Limun studio"},"content":{"rendered":"<h2 class=\"wp-block-heading\"><strong>Limun<\/strong>&nbsp;<strong>studio<\/strong>&nbsp;je pravo mjesto za sve one koji tra\u017ee ne\u0161to vi\u0161e od obi\u010dnog poklona. Nastao iz ljubavi prema autenti\u010dnom dizajnu i predmetima s karakterom. U na\u0161im trgovinama, prvoj u Zadru i drugoj u Zagrebu, prona\u0107i \u0107ete pa\u017eljivo biranu kolekciju koja odra\u017eava ljepotu i raznolikost hrvatskog dizajna.<\/h2>\n\n\n\n<p><strong>Suradnja s vi\u0161e od 90 doma\u0107ih autora<\/strong>&nbsp;omogu\u0107uje nam da ponudimo jedinstvene predmete koji spajaju tradiciju s modernim. Biramo predmete koji pri\u010daju o mjestima koja volimo: od obale do unutra\u0161njosti, od kamenih ulica do toplih doma\u0107ih radionica.<\/p>\n\n\n\n<p>Otkrijte poklon koji lijepo izgleda, a pritom ga \u017eelite zagristi, osjetiti i \u010duvati. Kroz na\u0161 online shop \u0161aljemo diljem svijeta, direktno na va\u0161u adresu, kako bi omogu\u0107ili da ponesete djeli\u0107 hrvatske inspiracije sa sobom.<\/p>","protected":false},"excerpt":{"rendered":"<p>Limun&nbsp;studio&nbsp;je pravo mjesto za sve one koji tra\u017ee ne\u0161to vi\u0161e od obi\u010dnog poklona. Nastao iz ljubavi prema autenti\u010dnom dizajnu i<\/p>","protected":false},"author":1,"featured_media":0,"parent":0,"menu_order":0,"comment_status":"closed","ping_status":"closed","template":"","meta":{"_seopress_robots_primary_cat":"","_seopress_titles_title":"","_seopress_titles_desc":"","_seopress_robots_index":"","iawp_total_views":8,"footnotes":""},"class_list":["post-1615","page","type-page","status-publish","hentry"],"_links":{"self":[{"href":"https:\/\/limunstudio.hr\/en\/wp-json\/wp\/v2\/pages\/1615","targetHints":{"allow":["GET"]}}],"collection":[{"href":"https:\/\/limunstudio.hr\/en\/wp-json\/wp\/v2\/pages"}],"about":[{"href":"https:\/\/limunstudio.hr\/en\/wp-json\/wp\/v2\/types\/page"}],"author":[{"embeddable":true,"href":"https:\/\/limunstudio.hr\/en\/wp-json\/wp\/v2\/users\/1"}],"replies":[{"embeddable":true,"href":"https:\/\/limunstudio.hr\/en\/wp-json\/wp\/v2\/comments?post=1615"}],"version-history":[{"count":2,"href":"https:\/\/limunstudio.hr\/en\/wp-json\/wp\/v2\/pages\/1615\/revisions"}],"predecessor-version":[{"id":13837,"href":"https:\/\/limunstudio.hr\/en\/wp-json\/wp\/v2\/pages\/1615\/revisions\/13837"}],"wp:attachment":[{"href":"https:\/\/limunstudio.hr\/en\/wp-json\/wp\/v2\/media?parent=1615"}],"curies":[{"name":"wp","href":"https:\/\/api.w.org\/{rel}","templated":true}]}}