{"id":1595,"date":"2025-10-01T10:57:47","date_gmt":"2025-10-01T10:57:47","guid":{"rendered":"https:\/\/limunstudio.hr\/new\/?page_id=1595"},"modified":"2026-04-25T17:20:25","modified_gmt":"2026-04-25T15:20:25","slug":"karijera","status":"publish","type":"page","link":"https:\/\/limunstudio.hr\/en\/limun-studio\/karijera\/","title":{"rendered":"Career"},"content":{"rendered":"<h2 class=\"wp-block-heading\">U\u00a0<strong>Limunu <\/strong>vjerujemo da pokloni nisu samo predmeti &#8211; oni nose pri\u010du, emociju i do\u017eivljaj. Na\u0161 tim svakodnevno gradi to iskustvo kroz pa\u017eljiv odabir proizvoda, vrhunsku uslugu i toplu komunikaciju s kupcima.<\/h2>\r\n\r\n\r\n\r\n<p>Iako trenuta\u010dno nemamo otvorenih pozicija, uvijek smo u potrazi za talentiranim ljudima koji dijele na\u0161u strast prema dizajnu, estetici i radu s ljudima. Ako misli\u0161 da se tvoja pri\u010da i vje\u0161tine uklapaju u na\u0161 tim, ispuni kratku formu ispod i prilo\u017ei svoj \u017eivotopis. \u010cuvat \u0107emo tvoju prijavu za budu\u0107e prilike.<\/p>\r\n\r\n\r\n\r\n<p>Forma za prijavu:<\/p>\r\n\r\n\r\n\r\n<ul class=\"wp-block-list\">\r\n<li>Ime i prezime, E-mail, Telefon, Grad u kojem \u017eeli\u0161 raditi<\/li>\r\n\r\n\r\n\r\n<li>Kratka poruka \/ motivacijsko pismo, Prilog: \u017eivotopis<\/li>\r\n<\/ul>\r\n\r\n\r\n\r\n<p>Svoju prijavu mo\u017eete poslati na\u00a0<a href=\"mailto:prodaja@studiolimun.hr\" target=\"_blank\" rel=\"noreferrer noopener\">prodaja@limun.studio<\/a><\/p>\r\n\r\n\r\n\r\n<p>&nbsp;<\/p>","protected":false},"excerpt":{"rendered":"<p>U\u00a0Limunu vjerujemo da pokloni nisu samo predmeti &#8211; oni nose pri\u010du, emociju i do\u017eivljaj. Na\u0161 tim svakodnevno gradi to iskustvo<\/p>","protected":false},"author":1,"featured_media":0,"parent":1615,"menu_order":0,"comment_status":"closed","ping_status":"closed","template":"","meta":{"_seopress_robots_primary_cat":"","_seopress_titles_title":"","_seopress_titles_desc":"","_seopress_robots_index":"","iawp_total_views":24,"footnotes":""},"class_list":["post-1595","page","type-page","status-publish","hentry"],"_links":{"self":[{"href":"https:\/\/limunstudio.hr\/en\/wp-json\/wp\/v2\/pages\/1595","targetHints":{"allow":["GET"]}}],"collection":[{"href":"https:\/\/limunstudio.hr\/en\/wp-json\/wp\/v2\/pages"}],"about":[{"href":"https:\/\/limunstudio.hr\/en\/wp-json\/wp\/v2\/types\/page"}],"author":[{"embeddable":true,"href":"https:\/\/limunstudio.hr\/en\/wp-json\/wp\/v2\/users\/1"}],"replies":[{"embeddable":true,"href":"https:\/\/limunstudio.hr\/en\/wp-json\/wp\/v2\/comments?post=1595"}],"version-history":[{"count":72,"href":"https:\/\/limunstudio.hr\/en\/wp-json\/wp\/v2\/pages\/1595\/revisions"}],"predecessor-version":[{"id":14342,"href":"https:\/\/limunstudio.hr\/en\/wp-json\/wp\/v2\/pages\/1595\/revisions\/14342"}],"up":[{"embeddable":true,"href":"https:\/\/limunstudio.hr\/en\/wp-json\/wp\/v2\/pages\/1615"}],"wp:attachment":[{"href":"https:\/\/limunstudio.hr\/en\/wp-json\/wp\/v2\/media?parent=1595"}],"curies":[{"name":"wp","href":"https:\/\/api.w.org\/{rel}","templated":true}]}}