{"id":13842,"date":"2026-04-12T09:43:20","date_gmt":"2026-04-12T09:43:20","guid":{"rendered":"https:\/\/limunstudio.hr\/?page_id=13842"},"modified":"2026-04-12T17:08:47","modified_gmt":"2026-04-12T17:08:47","slug":"korporativni-pokloni","status":"publish","type":"page","link":"https:\/\/limunstudio.hr\/en\/korporativni-pokloni\/","title":{"rendered":"Corporate Gifts"},"content":{"rendered":"\t\t<div data-elementor-type=\"wp-page\" data-elementor-id=\"13842\" class=\"elementor elementor-13842\" data-elementor-post-type=\"page\">\n\t\t\t\t<div class=\"elementor-element elementor-element-ff1952e e-con-full e-flex e-con e-parent\" data-id=\"ff1952e\" data-element_type=\"container\" data-e-type=\"container\">\n\t\t\t\t<div class=\"elementor-element elementor-element-36ef49a elementor-widget__width-initial elementor-widget elementor-widget-wd_image_or_svg\" data-id=\"36ef49a\" data-element_type=\"widget\" data-e-type=\"widget\" data-widget_type=\"wd_image_or_svg.default\">\n\t\t\t\t<div class=\"elementor-widget-container\">\n\t\t\t\t\t\n\t\t<div class=\"wd-image text-left\">\n\t\t\t\t\t\t\t\t<img fetchpriority=\"high\" decoding=\"async\" width=\"2000\" height=\"552\" src=\"https:\/\/limunstudio.hr\/wp-content\/uploads\/2026\/04\/Untitled1.jpg\" class=\"attachment-full size-full\" alt=\"\" srcset=\"https:\/\/limunstudio.hr\/wp-content\/uploads\/2026\/04\/Untitled1.jpg 2000w, https:\/\/limunstudio.hr\/wp-content\/uploads\/2026\/04\/Untitled1-400x110.jpg 400w, https:\/\/limunstudio.hr\/wp-content\/uploads\/2026\/04\/Untitled1-1300x359.jpg 1300w, https:\/\/limunstudio.hr\/wp-content\/uploads\/2026\/04\/Untitled1-768x212.jpg 768w, https:\/\/limunstudio.hr\/wp-content\/uploads\/2026\/04\/Untitled1-1536x424.jpg 1536w, https:\/\/limunstudio.hr\/wp-content\/uploads\/2026\/04\/Untitled1-430x119.jpg 430w, https:\/\/limunstudio.hr\/wp-content\/uploads\/2026\/04\/Untitled1-700x193.jpg 700w, https:\/\/limunstudio.hr\/wp-content\/uploads\/2026\/04\/Untitled1-190x52.jpg 190w\" sizes=\"(max-width: 2000px) 100vw, 2000px\" \/>\t\t\t\t\t<\/div>\n\n\t\t\t\t\t\t<\/div>\n\t\t\t\t<\/div>\n\t\t<div class=\"wd-negative-gap elementor-element elementor-element-e0f95b8 e-flex e-con-boxed e-con e-child\" data-id=\"e0f95b8\" data-element_type=\"container\" data-e-type=\"container\">\n\t\t\t\t\t<div class=\"e-con-inner\">\n\t\t\t\t<div class=\"elementor-element elementor-element-e4a2f4d elementor-widget elementor-widget-wd_text_block\" data-id=\"e4a2f4d\" data-element_type=\"widget\" data-e-type=\"widget\" data-widget_type=\"wd_text_block.default\">\n\t\t\t\t<div class=\"elementor-widget-container\">\n\t\t\t\t\t\t\t<div class=\"wd-text-block reset-last-child text-left\">\n\t\t\t\n\t\t\t<h2 data-section-id=\"i2np62\" data-start=\"98\" data-end=\"142\"><br \/><span style=\"font-family: Inter, Arial, Helvetica, sans-serif;font-size: 24px;font-style: normal;font-weight: bold\">Pokloni za timove, klijente i doga\u0111aje<\/span><\/h2><p data-start=\"144\" data-end=\"268\">Tra\u017eite poklone koji \u0107e se zaista koristiti, zadr\u017eati i pamtiti?<br data-start=\"208\" data-end=\"211\" \/>Mi ih osmi\u0161ljavamo zajedno s vama \u2014 od ideje do isporuke.<\/p><p data-start=\"270\" data-end=\"515\">Predla\u017eemo rje\u0161enja prema va\u0161em bud\u017eetu i prigodi, biramo nabolje proizvode od doma\u0107eg dizajna i sla\u017eemo jedinstvene poklon pakete. Dodajte personalizirane detalje poput poruke, logotipa ili vau\u010dera.<\/p><p data-path-to-node=\"5\">\u00a0<\/p>\n\t\t\t\t\t<\/div>\n\t\t\t\t\t\t<\/div>\n\t\t\t\t<\/div>\n\t\t\t\t\t<\/div>\n\t\t\t\t<\/div>\n\t\t<div class=\"wd-negative-gap elementor-element elementor-element-10b4bbc e-grid e-con-boxed e-con e-child\" data-id=\"10b4bbc\" data-element_type=\"container\" data-e-type=\"container\">\n\t\t\t\t\t<div class=\"e-con-inner\">\n\t\t\t\t<div class=\"elementor-element elementor-element-0d9f8f0 elementor-align-justify elementor-widget elementor-widget-button\" data-id=\"0d9f8f0\" data-element_type=\"widget\" data-e-type=\"widget\" data-widget_type=\"button.default\">\n\t\t\t\t\t\t\t\t\t\t<a class=\"elementor-button elementor-size-sm elementor-animation-float\" role=\"button\">\n\t\t\t\t\t\t<span class=\"elementor-button-content-wrapper\">\n\t\t\t\t\t\t\t\t\t<span class=\"elementor-button-text\">Nagrade za u\u010dinak<\/span>\n\t\t\t\t\t<\/span>\n\t\t\t\t\t<\/a>\n\t\t\t\t\t\t\t\t<\/div>\n\t\t\t\t<div class=\"elementor-element elementor-element-bae2a6b elementor-align-justify elementor-widget elementor-widget-button\" data-id=\"bae2a6b\" data-element_type=\"widget\" data-e-type=\"widget\" data-widget_type=\"button.default\">\n\t\t\t\t\t\t\t\t\t\t<a class=\"elementor-button elementor-size-sm elementor-animation-float\" role=\"button\">\n\t\t\t\t\t\t<span class=\"elementor-button-content-wrapper\">\n\t\t\t\t\t\t\t\t\t<span class=\"elementor-button-text\">Bo\u017ei\u0107 i blagdani<\/span>\n\t\t\t\t\t<\/span>\n\t\t\t\t\t<\/a>\n\t\t\t\t\t\t\t\t<\/div>\n\t\t\t\t<div class=\"elementor-element elementor-element-8e27de7 elementor-align-justify elementor-widget elementor-widget-button\" data-id=\"8e27de7\" data-element_type=\"widget\" data-e-type=\"widget\" data-widget_type=\"button.default\">\n\t\t\t\t\t\t\t\t\t\t<a class=\"elementor-button elementor-size-sm elementor-animation-float\" role=\"button\">\n\t\t\t\t\t\t<span class=\"elementor-button-content-wrapper\">\n\t\t\t\t\t\t\t\t\t<span class=\"elementor-button-text\">Odlazak u mirovinu<\/span>\n\t\t\t\t\t<\/span>\n\t\t\t\t\t<\/a>\n\t\t\t\t\t\t\t\t<\/div>\n\t\t\t\t<div class=\"elementor-element elementor-element-cb45a69 elementor-align-justify elementor-widget elementor-widget-button\" data-id=\"cb45a69\" data-element_type=\"widget\" data-e-type=\"widget\" data-widget_type=\"button.default\">\n\t\t\t\t\t\t\t\t\t\t<a class=\"elementor-button elementor-size-sm elementor-animation-float\" role=\"button\">\n\t\t\t\t\t\t<span class=\"elementor-button-content-wrapper\">\n\t\t\t\t\t\t\t\t\t<span class=\"elementor-button-text\">Team Building pokloni<\/span>\n\t\t\t\t\t<\/span>\n\t\t\t\t\t<\/a>\n\t\t\t\t\t\t\t\t<\/div>\n\t\t\t\t<div class=\"elementor-element elementor-element-4b3ab25 elementor-align-justify elementor-widget elementor-widget-button\" data-id=\"4b3ab25\" data-element_type=\"widget\" data-e-type=\"widget\" data-widget_type=\"button.default\">\n\t\t\t\t\t\t\t\t\t\t<a class=\"elementor-button elementor-size-sm elementor-animation-float\" role=\"button\">\n\t\t\t\t\t\t<span class=\"elementor-button-content-wrapper\">\n\t\t\t\t\t\t\t\t\t<span class=\"elementor-button-text\">Zahvalite se poslovnim partnerima<\/span>\n\t\t\t\t\t<\/span>\n\t\t\t\t\t<\/a>\n\t\t\t\t\t\t\t\t<\/div>\n\t\t\t\t<div class=\"elementor-element elementor-element-e03403e elementor-align-justify elementor-widget elementor-widget-button\" data-id=\"e03403e\" data-element_type=\"widget\" data-e-type=\"widget\" data-widget_type=\"button.default\">\n\t\t\t\t\t\t\t\t\t\t<a class=\"elementor-button elementor-size-sm elementor-animation-float\" role=\"button\">\n\t\t\t\t\t\t<span class=\"elementor-button-content-wrapper\">\n\t\t\t\t\t\t\t\t\t<span class=\"elementor-button-text\">Konferencije i doga\u0111aji<\/span>\n\t\t\t\t\t<\/span>\n\t\t\t\t\t<\/a>\n\t\t\t\t\t\t\t\t<\/div>\n\t\t\t\t<div class=\"elementor-element elementor-element-9c4bedf elementor-align-justify elementor-widget elementor-widget-button\" data-id=\"9c4bedf\" data-element_type=\"widget\" data-e-type=\"widget\" data-widget_type=\"button.default\">\n\t\t\t\t\t\t\t\t\t\t<a class=\"elementor-button elementor-size-sm elementor-animation-float\" role=\"button\">\n\t\t\t\t\t\t<span class=\"elementor-button-content-wrapper\">\n\t\t\t\t\t\t\t\t\t<span class=\"elementor-button-text\">Dobrodo\u0161lica novim \u010dlanovima<\/span>\n\t\t\t\t\t<\/span>\n\t\t\t\t\t<\/a>\n\t\t\t\t\t\t\t\t<\/div>\n\t\t\t\t<div class=\"elementor-element elementor-element-c6fe6ab elementor-align-justify elementor-widget elementor-widget-button\" data-id=\"c6fe6ab\" data-element_type=\"widget\" data-e-type=\"widget\" data-widget_type=\"button.default\">\n\t\t\t\t\t\t\t\t\t\t<a class=\"elementor-button elementor-size-sm elementor-animation-float\" role=\"button\">\n\t\t\t\t\t\t<span class=\"elementor-button-content-wrapper\">\n\t\t\t\t\t\t\t\t\t<span class=\"elementor-button-text\">Obljetnice i jubileji<\/span>\n\t\t\t\t\t<\/span>\n\t\t\t\t\t<\/a>\n\t\t\t\t\t\t\t\t<\/div>\n\t\t\t\t<div class=\"elementor-element elementor-element-164a79f elementor-align-justify elementor-widget elementor-widget-button\" data-id=\"164a79f\" data-element_type=\"widget\" data-e-type=\"widget\" data-widget_type=\"button.default\">\n\t\t\t\t\t\t\t\t\t\t<a class=\"elementor-button elementor-size-sm elementor-animation-float\" role=\"button\">\n\t\t\t\t\t\t<span class=\"elementor-button-content-wrapper\">\n\t\t\t\t\t\t\t\t\t<span class=\"elementor-button-text\">VIP klijenti<\/span>\n\t\t\t\t\t<\/span>\n\t\t\t\t\t<\/a>\n\t\t\t\t\t\t\t\t<\/div>\n\t\t\t\t\t<\/div>\n\t\t\t\t<\/div>\n\t\t\t\t<\/div>\n\t\t<div class=\"elementor-element elementor-element-85d26cb e-con-full e-flex e-con e-parent\" data-id=\"85d26cb\" data-element_type=\"container\" data-e-type=\"container\">\n\t\t\t\t<div class=\"elementor-element elementor-element-cdcdd7a elementor-widget elementor-widget-wd_text_block\" data-id=\"cdcdd7a\" data-element_type=\"widget\" data-e-type=\"widget\" data-widget_type=\"wd_text_block.default\">\n\t\t\t\t<div class=\"elementor-widget-container\">\n\t\t\t\t\t\t\t<div class=\"wd-text-block reset-last-child text-left\">\n\t\t\t\n\t\t\t<h2 data-section-id=\"1xack4y\" data-start=\"171\" data-end=\"197\"><br><br>\u0160to sve mo\u017eemo za vas<\/h2><ul data-start=\"199\" data-end=\"579\"><li data-section-id=\"1f3m38x\" data-start=\"199\" data-end=\"263\"><strong data-start=\"201\" data-end=\"230\">Savjetovanje i prijedlozi<\/strong> prema bud\u017eetu, koli\u010dini i roku<\/li><li data-section-id=\"17xc8q8\" data-start=\"264\" data-end=\"362\"><strong data-start=\"266\" data-end=\"289\">Brendiranje poklona<\/strong><br data-start=\"289\" data-end=\"292\">(va\u0161 logotip, personalizirane kartice, posvete, posebno izra\u0111eni proizvodi za va\u0161u tvrtku)<\/li><li data-section-id=\"18m77w1\" data-start=\"363\" data-end=\"430\"><strong data-start=\"365\" data-end=\"391\">Poklon paketi po mjeri<\/strong> (kombinacija vi\u0161e brendova i autora)<\/li><li data-section-id=\"ptj5yp\" data-start=\"431\" data-end=\"514\"><strong data-start=\"433\" data-end=\"471\">Zamtanje paketa i personalizirane poruke<\/strong><br data-start=\"471\" data-end=\"474\">(npr. poruka CEO-a ili organizatora)<\/li><li data-section-id=\"k5ux87\" data-start=\"515\" data-end=\"579\"><strong data-start=\"517\" data-end=\"528\">Dostava<\/strong> na jednu adresu ili pojedina\u010dno na vi\u0161e lokacija<\/li><\/ul><h2 data-section-id=\"17b0848\" data-start=\"586\" data-end=\"610\">Dodatne mogu\u0107nosti<\/h2><ul data-start=\"612\" data-end=\"929\"><li data-section-id=\"fh33ne\" data-start=\"612\" data-end=\"706\"><strong data-start=\"614\" data-end=\"646\">Izrada proizvoda po narud\u017ebi<\/strong><br data-start=\"646\" data-end=\"649\">(dizajn i proizvodnja prema va\u0161em brendu i potrebama)<\/li><li data-section-id=\"1cf3mc6\" data-start=\"707\" data-end=\"749\"><strong data-start=\"709\" data-end=\"747\">Poklon kartice i digitalni pokloni<\/strong><\/li><li data-section-id=\"dldjym\" data-start=\"750\" data-end=\"846\"><strong data-start=\"752\" data-end=\"787\">Pokloni kao virtualni do\u017eivljaji i iskustva u\u017eivo<\/strong><\/li><li data-section-id=\"1v791lj\" data-start=\"847\" data-end=\"929\"><strong data-start=\"849\" data-end=\"880\">Kupnja sada, slanje kasnije<\/strong><br data-start=\"880\" data-end=\"883\">(rezervacija proizvoda i zaliha unaprijed)<\/li><\/ul><h2 data-section-id=\"1sj066a\" data-start=\"936\" data-end=\"956\">Va\u017eno za znati<\/h2><p data-start=\"958\" data-end=\"1104\">Zbog velikog udjela ru\u010dno izra\u0111enih proizvoda, <strong data-start=\"959\" data-end=\"1000\">nisu svi artikli dostupni na webshopu <\/strong>i dostupan je \u0161iri izbor i fleksibilnija rje\u0161enja. <br>Tako\u0111er, u mogu\u0107nosti smo <strong data-start=\"1096\" data-end=\"1152\">posebno izraditi i dizajnirati proizvode po narud\u017ebi<\/strong>, ovisno o koli\u010dinama, rokovima i vrsti projekta. Stoga, svaki projekt prilago\u0111avamo va\u0161im potrebama \u2014 od jednostavnih poklon paketa do potpuno brendiranih rje\u0161enja.<\/p><h2 data-section-id=\"ohrpyd\" data-start=\"1221\" data-end=\"1242\">Rokovi i uvjeti<\/h2><ul data-start=\"1244\" data-end=\"1414\"><li data-section-id=\"zll065\" data-start=\"1244\" data-end=\"1280\">Ve\u0107ina projekata bez proizvodnje: <strong data-start=\"1264\" data-end=\"1278\">1\u20132 tjedna<\/strong><\/li><li data-section-id=\"a6k2yj\" data-start=\"1281\" data-end=\"1312\">Hitne narud\u017ebe: po dogovoru<\/li><li data-section-id=\"1v58ybm\" data-start=\"1313\" data-end=\"1356\">Popusti: ovise o koli\u010dini i dostupnosti<\/li><li data-section-id=\"18emsj9\" data-start=\"1357\" data-end=\"1392\">Pla\u0107anje: unaprijed prema ponudi<\/li><\/ul><h2 data-section-id=\"nrj4vi\" data-start=\"1421\" data-end=\"1440\">Kako zapo\u010deti<\/h2><p data-start=\"1442\" data-end=\"1509\">Ispunite obrazac ili nam se javite na:<br data-start=\"1480\" data-end=\"1483\"><strong data-start=\"1483\" data-end=\"1509\"><a class=\"decorated-link cursor-pointer\" rel=\"noopener\" data-start=\"1485\" data-end=\"1507\">webshop@limun.studio<\/a><\/strong><\/p><p data-start=\"1511\" data-end=\"1632\">Javljamo se s prijedlogom i dostupno\u0161\u0107u naj\u010de\u0161\u0107e unutar 24 sata<br data-start=\"1574\" data-end=\"1577\">(radnim danom; u sezoni darivanja mo\u017ee potrajati dulje)<\/p><p data-start=\"1587\" data-end=\"1663\"><strong data-start=\"1587\" data-end=\"1663\">Ispunite obrazac, a mi \u0107emo predlo\u017eiti rje\u0161enje.\n\n<\/strong><\/p>\n\t\t\t\t\t<\/div>\n\t\t\t\t\t\t<\/div>\n\t\t\t\t<\/div>\n\t\t\t\t<\/div>\n\t\t<div class=\"wd-negative-gap elementor-element elementor-element-9423bdf e-flex e-con-boxed e-con e-parent\" data-id=\"9423bdf\" data-element_type=\"container\" data-e-type=\"container\">\n\t\t\t\t\t<div class=\"e-con-inner\">\n\t\t\t\t<div class=\"elementor-element elementor-element-270ffb6 fluent-form-widget-step-header-yes fluent-form-widget-step-progressbar-yes fluentform-widget-submit-button-custom elementor-widget elementor-widget-fluent-form-widget\" data-id=\"270ffb6\" data-element_type=\"widget\" data-e-type=\"widget\" data-widget_type=\"fluent-form-widget.default\">\n\t\t\t\t<div class=\"elementor-widget-container\">\n\t\t\t\t\t\n            <div class=\"fluentform-widget-wrapper fluentform-widget-align-default\">\n\n            \n            <div class='fluentform ff-default fluentform_wrapper_7 ffs_default_wrap'><form data-form_id=\"7\" id=\"fluentform_7\" class=\"frm-fluent-form fluent_form_7 ff-el-form-top ff_form_instance_7_1 ff-form-loading ffs_default\" data-form_instance=\"ff_form_instance_7_1\" method=\"POST\" ><fieldset  style=\"border: none!important;margin: 0!important;padding: 0!important;background-color: transparent!important;box-shadow: none!important;outline: none!important; min-inline-size: 100%;\">\n                    <legend class=\"ff_screen_reader_title\" style=\"display: block; margin: 0!important;padding: 0!important;height: 0!important;text-indent: -999999px;width: 0!important;overflow:hidden;\">Korporativni pokloni<\/legend><input type='hidden' name='__fluent_form_embded_post_id' value='13842' \/><input type=\"hidden\" id=\"_fluentform_7_fluentformnonce\" name=\"_fluentform_7_fluentformnonce\" value=\"6b9b8e9d0b\" \/><input type=\"hidden\" name=\"_wp_http_referer\" value=\"\/en\/wp-json\/wp\/v2\/pages\/13842\" \/><div class='ff-el-group  ff-custom_html' tabindex='-1' data-name=\"custom_html-7_1\" ><h5>Kontakt podaci<\/h5><\/div><div data-name=\"ff_cn_id_1\"  class='ff-t-container ff-column-container ff_columns_total_2 '><div class='ff-t-cell ff-t-column-1' style='flex-basis: 50%;'><div data-type=\"name-element\" data-name=\"names\" class=\" ff-field_container ff-name-field-wrapper\" ><div class='ff-t-container'><div class='ff-t-cell '><div class='ff-el-group'><div class=\"ff-el-input--label ff-el-is-required asterisk-right\"><label for='ff_7_names_first_name_' id='label_ff_7_names_first_name_' >Va\u0161e ime<\/label><\/div><div class='ff-el-input--content'><input type=\"text\" name=\"names[first_name]\" id=\"ff_7_names_first_name_\" class=\"ff-el-form-control\" aria-invalid=\"false\" aria-required=true><\/div><\/div><\/div><\/div><\/div><div class='ff-el-group'><div class=\"ff-el-input--label asterisk-right\"><label for='ff_7_input_text' id='label_ff_7_input_text' aria-label=\"Naziv tvrtke (nije obavezno)\">Naziv tvrtke (nije obavezno)<\/label><\/div><div class='ff-el-input--content'><input type=\"text\" name=\"input_text\" class=\"ff-el-form-control\" data-name=\"input_text\" id=\"ff_7_input_text\"  aria-invalid=\"false\" aria-required=false><\/div><\/div><\/div><div class='ff-t-cell ff-t-column-2' style='flex-basis: 50%;'><div class='ff-el-group'><div class=\"ff-el-input--label ff-el-is-required asterisk-right\"><label for='ff_7_email' id='label_ff_7_email' aria-label=\"E-mail adresa\">E-mail adresa<\/label><\/div><div class='ff-el-input--content'><input type=\"email\" name=\"email\" id=\"ff_7_email\" class=\"ff-el-form-control\" data-name=\"email\"  aria-invalid=\"false\" aria-required=true><\/div><\/div><div class='ff-el-group'><div class=\"ff-el-input--label asterisk-right\"><label for='ff_7_phone' id='label_ff_7_phone' aria-label=\"Telefon (nije obavezno)\">Telefon (nije obavezno)<\/label><\/div><div class='ff-el-input--content'><input name=\"phone\" class=\"ff-el-form-control ff-el-phone\" type=\"tel\" data-name=\"phone\" id=\"ff_7_phone\" inputmode=\"tel\"  aria-invalid='false' aria-required=false><\/div><\/div><\/div><\/div><div class='ff-el-group  ff-custom_html' tabindex='-1' data-name=\"custom_html-7_2\" ><h5>Podaci za narud\u017ebu<\/h5><\/div><div data-name=\"ff_cn_id_2\"  class='ff-t-container ff-column-container ff_columns_total_2 '><div class='ff-t-cell ff-t-column-1' style='flex-basis: 50%;'><div class='ff-el-group'><div class=\"ff-el-input--label ff-el-is-required asterisk-right\"><label for='ff_7_multi_select_1' id='label_ff_7_multi_select_1' aria-label=\"Koliko komada trebate?\">Koliko komada trebate?<\/label><\/div><div class='ff-el-input--content'><select name=\"multi_select_1[]\" id=\"ff_7_multi_select_1\" class=\"ff-el-form-control  ff_has_multi_select\" multiple=\"1\" data-name=\"multi_select_1\" data-calc_value=\"0\"  aria-invalid=\"false\" aria-required=\"true\" aria-labelledby=\"label_ff_7_multi_select_1\"><option value=\"do 10\"  >do 10<\/option><option value=\"10-25\"  >10-25<\/option><option value=\"25-40\"  >25-40<\/option><option value=\"40-50\"  >40-50<\/option><option value=\"50+\"  >50+<\/option><\/select><\/div><\/div><\/div><div class='ff-t-cell ff-t-column-2' style='flex-basis: 50%;'><div class='ff-el-group'><div class=\"ff-el-input--label ff-el-is-required asterisk-right\"><label for='ff_7_multi_select' id='label_ff_7_multi_select' aria-label=\"Koji Vam je bud\u017eet?\">Koji Vam je bud\u017eet?<\/label><\/div><div class='ff-el-input--content'><select name=\"multi_select[]\" id=\"ff_7_multi_select\" class=\"ff-el-form-control  ff_has_multi_select\" multiple=\"1\" data-name=\"multi_select\" data-calc_value=\"0\"  aria-invalid=\"false\" aria-required=\"true\" aria-labelledby=\"label_ff_7_multi_select\"><option value=\"do 100\u20ac\"  >do 100\u20ac<\/option><option value=\"100-250\u20ac\"  >100-250\u20ac<\/option><option value=\"300-450\u20ac\"  >300-450\u20ac<\/option><option value=\"500\u20ac -1000\u20ac\"  >500\u20ac -1000\u20ac<\/option><option value=\"1000\u20ac +\"  >1000\u20ac +<\/option><\/select><\/div><\/div><\/div><\/div><div class='ff-el-group'><div class=\"ff-el-input--label asterisk-right\"><label for='ff_7_description' id='label_ff_7_description' aria-label=\"Imate li na umu neki odre\u0111eni poklon? (nije obavezno)\">Imate li na umu neki odre\u0111eni poklon? (nije obavezno)<\/label><\/div><div class='ff-el-input--content'><textarea aria-required=\"false\" aria-labelledby=\"label_ff_7_description\" name=\"description\" id=\"ff_7_description\" class=\"ff-el-form-control\" rows=\"6\" cols=\"2\" data-name=\"description\" ><\/textarea><\/div><\/div><div class='ff-el-group ff-text-left ff_submit_btn_wrapper'><button type=\"submit\" class=\"ff-btn ff-btn-submit ff-btn-lg ff_btn_style wpf_has_custom_css\"  aria-label=\"Podnesi\">Podnesi<\/button><\/div>\t\t<div id=\"cf-turnstile-fluent-1354813256\"\r\n\t\tclass=\"cf-turnstile\" \t\tdata-sitekey=\"0x4AAAAAABmKIgYtB2MkykTw\"\r\n\t\tdata-theme=\"light\"\r\n\t\tdata-language=\"auto\"\r\n\t\tdata-size=\"normal\"\r\n\t\tdata-retry=\"auto\" data-retry-interval=\"1000\"\r\n\t\tdata-refresh-expired=\"auto\"\r\n\t\tdata-refresh-timeout=\"auto\"\r\n\t\tdata-action=\"fluent-form-7\"\r\n\t\tdata-callback=\"turnstileFluentCallback\"\r\n\t\t\t\tdata-appearance=\"always\"><\/div>\r\n\t\t\t<script>document.addEventListener(\"DOMContentLoaded\", function() { setTimeout(function(){ var e=document.getElementById(\"cf-turnstile-fluent-1354813256\"); if(e&&!e.innerHTML.trim()){turnstile.render(e, {sitekey:\"0x4AAAAAABmKIgYtB2MkykTw\"});} }, 200); });<\/script>\r\n\t\t\t<br class=\"cf-turnstile-br cf-turnstile-br-fluent-1354813256\">\r\n\t\t\t\t<style>#cf-turnstile-fluent-1354813256 { margin-left: -15px; }<\/style>\r\n\t\t<\/fieldset><\/form><div id='fluentform_7_errors' class='ff-errors-in-stack ff_form_instance_7_1 ff-form-loading_errors ff_form_instance_7_1_errors'><\/div><\/div>            <script type=\"text\/javascript\">\n                window.fluent_form_ff_form_instance_7_1 = {\"id\":\"7\",\"ajaxUrl\":\"https:\\\/\\\/limunstudio.hr\\\/wp-admin\\\/admin-ajax.php\",\"settings\":{\"layout\":{\"labelPlacement\":\"top\",\"asteriskPlacement\":\"asterisk-right\",\"helpMessagePlacement\":\"with_label\",\"errorMessagePlacement\":\"inline\",\"cssClassName\":\"\"},\"restrictions\":{\"denyEmptySubmission\":{\"enabled\":false}}},\"form_instance\":\"ff_form_instance_7_1\",\"form_id_selector\":\"fluentform_7\",\"rules\":{\"names[first_name]\":{\"required\":{\"value\":true,\"message\":\"This field is required\",\"global\":true,\"global_message\":\"This field is required\"}},\"names[middle_name]\":{\"required\":{\"value\":false,\"message\":\"This field is required\",\"global\":true,\"global_message\":\"This field is required\"}},\"names[last_name]\":{\"required\":{\"value\":false,\"message\":\"This field is required\",\"global\":true,\"global_message\":\"This field is required\"}},\"input_text\":{\"required\":{\"value\":false,\"message\":\"This field is required\",\"global_message\":\"This field is required\",\"global\":true}},\"email\":{\"required\":{\"value\":true,\"message\":\"This field is required\",\"global\":true,\"global_message\":\"This field is required\"},\"email\":{\"value\":true,\"message\":\"This field must contain a valid email\",\"global\":true,\"global_message\":\"This field must contain a valid email\"}},\"phone\":{\"required\":{\"value\":false,\"global\":true,\"message\":\"This field is required\",\"global_message\":\"This field is required\"},\"valid_phone_number\":{\"value\":false,\"global\":true,\"message\":\"Phone number is not valid\",\"global_message\":\"Phone number is not valid\"}},\"multi_select_1\":{\"required\":{\"value\":true,\"message\":\"This field is required\",\"global_message\":\"This field is required\",\"global\":true}},\"multi_select\":{\"required\":{\"value\":true,\"message\":\"This field is required\",\"global_message\":\"This field is required\",\"global\":true}},\"description\":{\"required\":{\"value\":false,\"message\":\"This field is required\",\"global_message\":\"This field is required\",\"global\":true}}},\"debounce_time\":300};\n                            <\/script>\n                        <\/div>\n\n            \t\t\t\t<\/div>\n\t\t\t\t<\/div>\n\t\t\t\t\t<\/div>\n\t\t\t\t<\/div>\n\t\t<div class=\"wd-negative-gap elementor-element elementor-element-e7af6e9 e-flex e-con-boxed e-con e-parent\" data-id=\"e7af6e9\" data-element_type=\"container\" data-e-type=\"container\">\n\t\t\t\t\t<div class=\"e-con-inner\">\n\t\t\t\t\t<\/div>\n\t\t\t\t<\/div>\n\t\t\t\t<\/div>\n\t\t","protected":false},"excerpt":{"rendered":"<p>Pokloni za timove, klijente i doga\u0111aje Tra\u017eite poklone koji \u0107e se zaista koristiti, zadr\u017eati i pamtiti?Mi ih osmi\u0161ljavamo zajedno s<\/p>","protected":false},"author":7,"featured_media":0,"parent":0,"menu_order":0,"comment_status":"closed","ping_status":"closed","template":"","meta":{"_seopress_robots_primary_cat":"","_seopress_titles_title":"","_seopress_titles_desc":"","_seopress_robots_index":"","iawp_total_views":6,"footnotes":""},"class_list":["post-13842","page","type-page","status-publish","hentry"],"_links":{"self":[{"href":"https:\/\/limunstudio.hr\/en\/wp-json\/wp\/v2\/pages\/13842","targetHints":{"allow":["GET"]}}],"collection":[{"href":"https:\/\/limunstudio.hr\/en\/wp-json\/wp\/v2\/pages"}],"about":[{"href":"https:\/\/limunstudio.hr\/en\/wp-json\/wp\/v2\/types\/page"}],"author":[{"embeddable":true,"href":"https:\/\/limunstudio.hr\/en\/wp-json\/wp\/v2\/users\/7"}],"replies":[{"embeddable":true,"href":"https:\/\/limunstudio.hr\/en\/wp-json\/wp\/v2\/comments?post=13842"}],"version-history":[{"count":35,"href":"https:\/\/limunstudio.hr\/en\/wp-json\/wp\/v2\/pages\/13842\/revisions"}],"predecessor-version":[{"id":13897,"href":"https:\/\/limunstudio.hr\/en\/wp-json\/wp\/v2\/pages\/13842\/revisions\/13897"}],"wp:attachment":[{"href":"https:\/\/limunstudio.hr\/en\/wp-json\/wp\/v2\/media?parent=13842"}],"curies":[{"name":"wp","href":"https:\/\/api.w.org\/{rel}","templated":true}]}}